{"id":9329,"date":"2022-04-07T16:22:02","date_gmt":"2022-04-07T14:22:02","guid":{"rendered":"https:\/\/www.weingutglatzer.at\/?post_type=product&#038;p=9329"},"modified":"2025-11-13T13:57:55","modified_gmt":"2025-11-13T12:57:55","slug":"blaufraenkisch-goettlesbrunn-2018-bio","status":"publish","type":"product","link":"https:\/\/www.weingutglatzer.at\/en\/produkt\/blaufraenkisch-goettlesbrunn-2018-bio\/","title":{"rendered":"Blaufr\u00e4nkisch G\u00f6ttlesbrunn 2022 Ortswein BIO"},"content":{"rendered":"","protected":false},"excerpt":{"rendered":"<p><strong>Eigenschaften: <\/strong>kr\u00e4ftuger, mineralisch, feiner Rotwein, Orstwein aus G\u00f6ttlesbrunn<br \/>\n<strong>Herkunft &amp; Boden: <\/strong>Aus den Lagen Haidacker und Stuhlwerker G\u00f6ttlesbrunn<br \/>\n<strong>Ernte: <\/strong>6.10.20220<br \/>\n<strong>Alkohol: <\/strong>13,50<br \/>\n<strong>Mostgewicht bei der Lese: <\/strong>19 KMW<br \/>\n<strong>Vinifikation &amp; Ausbau: <\/strong>2 Wochen Maischeg\u00e4rung 15 Monate in Barrique<br \/>\n<strong>Speisenempfehlung: <\/strong>Wild, Gans<\/p>\n","protected":false},"featured_media":9331,"comment_status":"open","ping_status":"closed","template":"","meta":{"_acf_changed":false},"product_brand":[],"product_cat":[140],"product_tag":[],"class_list":{"0":"post-9329","1":"product","2":"type-product","3":"status-publish","4":"has-post-thumbnail","6":"product_cat-rotwein-en","8":"first","9":"instock","10":"taxable","11":"shipping-taxable","12":"purchasable","13":"product-type-simple"},"acf":[],"yoast_head":"<!-- This site is optimized with the Yoast SEO plugin v26.4 - https:\/\/yoast.com\/wordpress\/plugins\/seo\/ -->\n<title>Blaufr\u00e4nkisch G\u00f6ttlesbrunn 2022 Ortswein BIO - Weingut Glatzer<\/title>\n<meta name=\"robots\" content=\"index, follow, max-snippet:-1, max-image-preview:large, max-video-preview:-1\" \/>\n<link rel=\"canonical\" href=\"https:\/\/www.weingutglatzer.at\/en\/produkt\/blaufraenkisch-goettlesbrunn-2018-bio\/\" \/>\n<meta property=\"og:locale\" content=\"en_US\" \/>\n<meta property=\"og:type\" content=\"article\" \/>\n<meta property=\"og:title\" content=\"Blaufr\u00e4nkisch G\u00f6ttlesbrunn 2022 Ortswein BIO - Weingut Glatzer\" \/>\n<meta property=\"og:description\" content=\"Eigenschaften: kr\u00e4ftuger, mineralisch, feiner Rotwein, Orstwein aus G\u00f6ttlesbrunn Herkunft &amp; Boden: Aus den Lagen Haidacker und Stuhlwerker G\u00f6ttlesbrunn Ernte: 6.10.20220 Alkohol: 13,50 Mostgewicht bei der Lese: 19 KMW Vinifikation &amp; Ausbau: 2 Wochen Maischeg\u00e4rung 15 Monate in Barrique Speisenempfehlung: Wild, Gans\" \/>\n<meta property=\"og:url\" content=\"https:\/\/www.weingutglatzer.at\/en\/produkt\/blaufraenkisch-goettlesbrunn-2018-bio\/\" \/>\n<meta property=\"og:site_name\" content=\"Weingut Glatzer\" \/>\n<meta property=\"article:modified_time\" content=\"2025-11-13T12:57:55+00:00\" \/>\n<meta property=\"og:image\" content=\"https:\/\/www.weingutglatzer.at\/wp-content\/uploads\/2022\/04\/Glatzer-Blauffra\u0308nkisch-Go\u0308ttlesbrunn.png\" \/>\n\t<meta property=\"og:image:width\" content=\"745\" \/>\n\t<meta property=\"og:image:height\" content=\"745\" \/>\n\t<meta property=\"og:image:type\" content=\"image\/png\" \/>\n<meta name=\"twitter:card\" content=\"summary_large_image\" \/>\n<script type=\"application\/ld+json\" class=\"yoast-schema-graph\">{\"@context\":\"https:\/\/schema.org\",\"@graph\":[{\"@type\":\"WebPage\",\"@id\":\"https:\/\/www.weingutglatzer.at\/en\/produkt\/blaufraenkisch-goettlesbrunn-2018-bio\/\",\"url\":\"https:\/\/www.weingutglatzer.at\/en\/produkt\/blaufraenkisch-goettlesbrunn-2018-bio\/\",\"name\":\"Blaufr\u00e4nkisch G\u00f6ttlesbrunn 2022 Ortswein BIO - Weingut Glatzer\",\"isPartOf\":{\"@id\":\"https:\/\/www.weingutglatzer.at\/de\/#website\"},\"primaryImageOfPage\":{\"@id\":\"https:\/\/www.weingutglatzer.at\/en\/produkt\/blaufraenkisch-goettlesbrunn-2018-bio\/#primaryimage\"},\"image\":{\"@id\":\"https:\/\/www.weingutglatzer.at\/en\/produkt\/blaufraenkisch-goettlesbrunn-2018-bio\/#primaryimage\"},\"thumbnailUrl\":\"https:\/\/www.weingutglatzer.at\/wp-content\/uploads\/2022\/04\/Glatzer-Blauffra\u0308nkisch-Go\u0308ttlesbrunn.png\",\"datePublished\":\"2022-04-07T14:22:02+00:00\",\"dateModified\":\"2025-11-13T12:57:55+00:00\",\"breadcrumb\":{\"@id\":\"https:\/\/www.weingutglatzer.at\/en\/produkt\/blaufraenkisch-goettlesbrunn-2018-bio\/#breadcrumb\"},\"inLanguage\":\"en-US\",\"potentialAction\":[{\"@type\":\"ReadAction\",\"target\":[\"https:\/\/www.weingutglatzer.at\/en\/produkt\/blaufraenkisch-goettlesbrunn-2018-bio\/\"]}]},{\"@type\":\"ImageObject\",\"inLanguage\":\"en-US\",\"@id\":\"https:\/\/www.weingutglatzer.at\/en\/produkt\/blaufraenkisch-goettlesbrunn-2018-bio\/#primaryimage\",\"url\":\"https:\/\/www.weingutglatzer.at\/wp-content\/uploads\/2022\/04\/Glatzer-Blauffra\u0308nkisch-Go\u0308ttlesbrunn.png\",\"contentUrl\":\"https:\/\/www.weingutglatzer.at\/wp-content\/uploads\/2022\/04\/Glatzer-Blauffra\u0308nkisch-Go\u0308ttlesbrunn.png\",\"width\":745,\"height\":745,\"caption\":\"Glatzer Blauffra\u0308nkisch Go\u0308ttlesbrunn\"},{\"@type\":\"BreadcrumbList\",\"@id\":\"https:\/\/www.weingutglatzer.at\/en\/produkt\/blaufraenkisch-goettlesbrunn-2018-bio\/#breadcrumb\",\"itemListElement\":[{\"@type\":\"ListItem\",\"position\":1,\"name\":\"Startseite\",\"item\":\"https:\/\/www.weingutglatzer.at\/en\/\"},{\"@type\":\"ListItem\",\"position\":2,\"name\":\"Shop\",\"item\":\"https:\/\/www.weingutglatzer.at\/en\/shop-en\/\"},{\"@type\":\"ListItem\",\"position\":3,\"name\":\"Blaufr\u00e4nkisch G\u00f6ttlesbrunn 2022 Ortswein BIO\"}]},{\"@type\":\"WebSite\",\"@id\":\"https:\/\/www.weingutglatzer.at\/de\/#website\",\"url\":\"https:\/\/www.weingutglatzer.at\/de\/\",\"name\":\"Weingut Glatzer\",\"description\":\"Carnuntum\",\"potentialAction\":[{\"@type\":\"SearchAction\",\"target\":{\"@type\":\"EntryPoint\",\"urlTemplate\":\"https:\/\/www.weingutglatzer.at\/de\/?s={search_term_string}\"},\"query-input\":{\"@type\":\"PropertyValueSpecification\",\"valueRequired\":true,\"valueName\":\"search_term_string\"}}],\"inLanguage\":\"en-US\"}]}<\/script>\n<!-- \/ Yoast SEO plugin. -->","yoast_head_json":{"title":"Blaufr\u00e4nkisch G\u00f6ttlesbrunn 2022 Ortswein BIO - Weingut Glatzer","robots":{"index":"index","follow":"follow","max-snippet":"max-snippet:-1","max-image-preview":"max-image-preview:large","max-video-preview":"max-video-preview:-1"},"canonical":"https:\/\/www.weingutglatzer.at\/en\/produkt\/blaufraenkisch-goettlesbrunn-2018-bio\/","og_locale":"en_US","og_type":"article","og_title":"Blaufr\u00e4nkisch G\u00f6ttlesbrunn 2022 Ortswein BIO - Weingut Glatzer","og_description":"Eigenschaften: kr\u00e4ftuger, mineralisch, feiner Rotwein, Orstwein aus G\u00f6ttlesbrunn Herkunft &amp; Boden: Aus den Lagen Haidacker und Stuhlwerker G\u00f6ttlesbrunn Ernte: 6.10.20220 Alkohol: 13,50 Mostgewicht bei der Lese: 19 KMW Vinifikation &amp; Ausbau: 2 Wochen Maischeg\u00e4rung 15 Monate in Barrique Speisenempfehlung: Wild, Gans","og_url":"https:\/\/www.weingutglatzer.at\/en\/produkt\/blaufraenkisch-goettlesbrunn-2018-bio\/","og_site_name":"Weingut Glatzer","article_modified_time":"2025-11-13T12:57:55+00:00","og_image":[{"width":745,"height":745,"url":"https:\/\/www.weingutglatzer.at\/wp-content\/uploads\/2022\/04\/Glatzer-Blauffra\u0308nkisch-Go\u0308ttlesbrunn.png","type":"image\/png"}],"twitter_card":"summary_large_image","schema":{"@context":"https:\/\/schema.org","@graph":[{"@type":"WebPage","@id":"https:\/\/www.weingutglatzer.at\/en\/produkt\/blaufraenkisch-goettlesbrunn-2018-bio\/","url":"https:\/\/www.weingutglatzer.at\/en\/produkt\/blaufraenkisch-goettlesbrunn-2018-bio\/","name":"Blaufr\u00e4nkisch G\u00f6ttlesbrunn 2022 Ortswein BIO - Weingut Glatzer","isPartOf":{"@id":"https:\/\/www.weingutglatzer.at\/de\/#website"},"primaryImageOfPage":{"@id":"https:\/\/www.weingutglatzer.at\/en\/produkt\/blaufraenkisch-goettlesbrunn-2018-bio\/#primaryimage"},"image":{"@id":"https:\/\/www.weingutglatzer.at\/en\/produkt\/blaufraenkisch-goettlesbrunn-2018-bio\/#primaryimage"},"thumbnailUrl":"https:\/\/www.weingutglatzer.at\/wp-content\/uploads\/2022\/04\/Glatzer-Blauffra\u0308nkisch-Go\u0308ttlesbrunn.png","datePublished":"2022-04-07T14:22:02+00:00","dateModified":"2025-11-13T12:57:55+00:00","breadcrumb":{"@id":"https:\/\/www.weingutglatzer.at\/en\/produkt\/blaufraenkisch-goettlesbrunn-2018-bio\/#breadcrumb"},"inLanguage":"en-US","potentialAction":[{"@type":"ReadAction","target":["https:\/\/www.weingutglatzer.at\/en\/produkt\/blaufraenkisch-goettlesbrunn-2018-bio\/"]}]},{"@type":"ImageObject","inLanguage":"en-US","@id":"https:\/\/www.weingutglatzer.at\/en\/produkt\/blaufraenkisch-goettlesbrunn-2018-bio\/#primaryimage","url":"https:\/\/www.weingutglatzer.at\/wp-content\/uploads\/2022\/04\/Glatzer-Blauffra\u0308nkisch-Go\u0308ttlesbrunn.png","contentUrl":"https:\/\/www.weingutglatzer.at\/wp-content\/uploads\/2022\/04\/Glatzer-Blauffra\u0308nkisch-Go\u0308ttlesbrunn.png","width":745,"height":745,"caption":"Glatzer Blauffra\u0308nkisch Go\u0308ttlesbrunn"},{"@type":"BreadcrumbList","@id":"https:\/\/www.weingutglatzer.at\/en\/produkt\/blaufraenkisch-goettlesbrunn-2018-bio\/#breadcrumb","itemListElement":[{"@type":"ListItem","position":1,"name":"Startseite","item":"https:\/\/www.weingutglatzer.at\/en\/"},{"@type":"ListItem","position":2,"name":"Shop","item":"https:\/\/www.weingutglatzer.at\/en\/shop-en\/"},{"@type":"ListItem","position":3,"name":"Blaufr\u00e4nkisch G\u00f6ttlesbrunn 2022 Ortswein BIO"}]},{"@type":"WebSite","@id":"https:\/\/www.weingutglatzer.at\/de\/#website","url":"https:\/\/www.weingutglatzer.at\/de\/","name":"Weingut Glatzer","description":"Carnuntum","potentialAction":[{"@type":"SearchAction","target":{"@type":"EntryPoint","urlTemplate":"https:\/\/www.weingutglatzer.at\/de\/?s={search_term_string}"},"query-input":{"@type":"PropertyValueSpecification","valueRequired":true,"valueName":"search_term_string"}}],"inLanguage":"en-US"}]}},"_links":{"self":[{"href":"https:\/\/www.weingutglatzer.at\/en\/wp-json\/wp\/v2\/product\/9329","targetHints":{"allow":["GET"]}}],"collection":[{"href":"https:\/\/www.weingutglatzer.at\/en\/wp-json\/wp\/v2\/product"}],"about":[{"href":"https:\/\/www.weingutglatzer.at\/en\/wp-json\/wp\/v2\/types\/product"}],"replies":[{"embeddable":true,"href":"https:\/\/www.weingutglatzer.at\/en\/wp-json\/wp\/v2\/comments?post=9329"}],"wp:featuredmedia":[{"embeddable":true,"href":"https:\/\/www.weingutglatzer.at\/en\/wp-json\/wp\/v2\/media\/9331"}],"wp:attachment":[{"href":"https:\/\/www.weingutglatzer.at\/en\/wp-json\/wp\/v2\/media?parent=9329"}],"wp:term":[{"taxonomy":"product_brand","embeddable":true,"href":"https:\/\/www.weingutglatzer.at\/en\/wp-json\/wp\/v2\/product_brand?post=9329"},{"taxonomy":"product_cat","embeddable":true,"href":"https:\/\/www.weingutglatzer.at\/en\/wp-json\/wp\/v2\/product_cat?post=9329"},{"taxonomy":"product_tag","embeddable":true,"href":"https:\/\/www.weingutglatzer.at\/en\/wp-json\/wp\/v2\/product_tag?post=9329"}],"curies":[{"name":"wp","href":"https:\/\/api.w.org\/{rel}","templated":true}]}}