{"id":4935,"date":"2015-07-15T15:53:26","date_gmt":"2015-07-15T13:53:26","guid":{"rendered":"https:\/\/www.weingutglatzer.at\/produkt\/gruener-veltliner-dornenvogel\/"},"modified":"2026-04-30T13:25:23","modified_gmt":"2026-04-30T11:25:23","slug":"gruener-veltliner-dornenvogel","status":"publish","type":"product","link":"https:\/\/www.weingutglatzer.at\/en\/produkt\/gruener-veltliner-dornenvogel\/","title":{"rendered":"Gr. Veltliner Dornenvogel DAC 2024 BIO"},"content":{"rendered":"","protected":false},"excerpt":{"rendered":"<div align=\"left\"><b>Eigenschaften:\u00a0<\/b>Als Selektion aus den besten Veltliner Trauben pr\u00e4sentiert sich der Dornenvogel muskul\u00f6s, konzentriert und reichhaltig<\/div>\n<div align=\"left\"><b>Herkunft &amp; Boden:\u00a0<\/b>Weinbaugebiet Carnuntum, Lehmb\u00f6den<\/div>\n<div align=\"left\"><b>Ernte:\u00a0<\/b> 23+24.09.2024<\/div>\n<div align=\"left\"><b>Alkohol:\u00a0<\/b>13 % Vol.<\/div>\n<div align=\"left\"><b>Mostgewicht bei der Lese:\u00a0<\/b>19-20\u00b0 KMW<\/div>\n<div align=\"left\"><b>Vinifikation &amp; Ausbau:\u00a0<\/b>k\u00fchle Verg\u00e4rung in Edelstahltanks, Feinhefekontakt bis August<\/div>\n<div align=\"left\"><b>Speisenempfehlung:\u00a0<\/b>Fischgerichte, Gefl\u00fcgel- und Schweinefleisch, chinesischer K\u00fcche und Sushi sowie zu K\u00e4se<\/div>\n","protected":false},"featured_media":4937,"comment_status":"closed","ping_status":"closed","template":"","meta":{"_acf_changed":false},"product_brand":[],"product_cat":[139],"product_tag":[],"class_list":{"0":"post-4935","1":"product","2":"type-product","3":"status-publish","4":"has-post-thumbnail","6":"product_cat-weisswein-en","8":"first","9":"instock","10":"taxable","11":"shipping-taxable","12":"purchasable","13":"product-type-simple"},"acf":[],"yoast_head":"<!-- This site is optimized with the Yoast SEO plugin v26.4 - https:\/\/yoast.com\/wordpress\/plugins\/seo\/ -->\n<title>Gr. Veltliner Dornenvogel DAC 2024 BIO - Weingut Glatzer<\/title>\n<meta name=\"robots\" content=\"index, follow, max-snippet:-1, max-image-preview:large, max-video-preview:-1\" \/>\n<link rel=\"canonical\" href=\"https:\/\/www.weingutglatzer.at\/en\/produkt\/gruener-veltliner-dornenvogel\/\" \/>\n<meta property=\"og:locale\" content=\"en_US\" \/>\n<meta property=\"og:type\" content=\"article\" \/>\n<meta property=\"og:title\" content=\"Gr. Veltliner Dornenvogel DAC 2024 BIO - Weingut Glatzer\" \/>\n<meta property=\"og:description\" content=\"Eigenschaften:\u00a0Als Selektion aus den besten Veltliner Trauben pr\u00e4sentiert sich der Dornenvogel muskul\u00f6s, konzentriert und reichhaltig Herkunft &amp; Boden:\u00a0Weinbaugebiet Carnuntum, Lehmb\u00f6den Ernte:\u00a0 23+24.09.2024 Alkohol:\u00a013 % Vol. Mostgewicht bei der Lese:\u00a019-20\u00b0 KMW Vinifikation &amp; Ausbau:\u00a0k\u00fchle Verg\u00e4rung in Edelstahltanks, Feinhefekontakt bis August Speisenempfehlung:\u00a0Fischgerichte, Gefl\u00fcgel- und Schweinefleisch, chinesischer K\u00fcche und Sushi sowie zu K\u00e4se\" \/>\n<meta property=\"og:url\" content=\"https:\/\/www.weingutglatzer.at\/en\/produkt\/gruener-veltliner-dornenvogel\/\" \/>\n<meta property=\"og:site_name\" content=\"Weingut Glatzer\" \/>\n<meta property=\"article:modified_time\" content=\"2026-04-30T11:25:23+00:00\" \/>\n<meta property=\"og:image\" content=\"https:\/\/www.weingutglatzer.at\/wp-content\/uploads\/2015\/08\/gruener_veltliner_Dornenvogel.png\" \/>\n\t<meta property=\"og:image:width\" content=\"677\" \/>\n\t<meta property=\"og:image:height\" content=\"900\" \/>\n\t<meta property=\"og:image:type\" content=\"image\/png\" \/>\n<meta name=\"twitter:card\" content=\"summary_large_image\" \/>\n<script type=\"application\/ld+json\" class=\"yoast-schema-graph\">{\"@context\":\"https:\/\/schema.org\",\"@graph\":[{\"@type\":\"WebPage\",\"@id\":\"https:\/\/www.weingutglatzer.at\/en\/produkt\/gruener-veltliner-dornenvogel\/\",\"url\":\"https:\/\/www.weingutglatzer.at\/en\/produkt\/gruener-veltliner-dornenvogel\/\",\"name\":\"Gr. Veltliner Dornenvogel DAC 2024 BIO - Weingut Glatzer\",\"isPartOf\":{\"@id\":\"https:\/\/www.weingutglatzer.at\/de\/#website\"},\"primaryImageOfPage\":{\"@id\":\"https:\/\/www.weingutglatzer.at\/en\/produkt\/gruener-veltliner-dornenvogel\/#primaryimage\"},\"image\":{\"@id\":\"https:\/\/www.weingutglatzer.at\/en\/produkt\/gruener-veltliner-dornenvogel\/#primaryimage\"},\"thumbnailUrl\":\"https:\/\/www.weingutglatzer.at\/wp-content\/uploads\/2015\/08\/gruener_veltliner_Dornenvogel.png\",\"datePublished\":\"2015-07-15T13:53:26+00:00\",\"dateModified\":\"2026-04-30T11:25:23+00:00\",\"breadcrumb\":{\"@id\":\"https:\/\/www.weingutglatzer.at\/en\/produkt\/gruener-veltliner-dornenvogel\/#breadcrumb\"},\"inLanguage\":\"en-US\",\"potentialAction\":[{\"@type\":\"ReadAction\",\"target\":[\"https:\/\/www.weingutglatzer.at\/en\/produkt\/gruener-veltliner-dornenvogel\/\"]}]},{\"@type\":\"ImageObject\",\"inLanguage\":\"en-US\",\"@id\":\"https:\/\/www.weingutglatzer.at\/en\/produkt\/gruener-veltliner-dornenvogel\/#primaryimage\",\"url\":\"https:\/\/www.weingutglatzer.at\/wp-content\/uploads\/2015\/08\/gruener_veltliner_Dornenvogel.png\",\"contentUrl\":\"https:\/\/www.weingutglatzer.at\/wp-content\/uploads\/2015\/08\/gruener_veltliner_Dornenvogel.png\",\"width\":677,\"height\":900},{\"@type\":\"BreadcrumbList\",\"@id\":\"https:\/\/www.weingutglatzer.at\/en\/produkt\/gruener-veltliner-dornenvogel\/#breadcrumb\",\"itemListElement\":[{\"@type\":\"ListItem\",\"position\":1,\"name\":\"Startseite\",\"item\":\"https:\/\/www.weingutglatzer.at\/en\/\"},{\"@type\":\"ListItem\",\"position\":2,\"name\":\"Shop\",\"item\":\"https:\/\/www.weingutglatzer.at\/en\/shop-en\/\"},{\"@type\":\"ListItem\",\"position\":3,\"name\":\"Gr. Veltliner Dornenvogel DAC 2024 BIO\"}]},{\"@type\":\"WebSite\",\"@id\":\"https:\/\/www.weingutglatzer.at\/de\/#website\",\"url\":\"https:\/\/www.weingutglatzer.at\/de\/\",\"name\":\"Weingut Glatzer\",\"description\":\"Carnuntum\",\"potentialAction\":[{\"@type\":\"SearchAction\",\"target\":{\"@type\":\"EntryPoint\",\"urlTemplate\":\"https:\/\/www.weingutglatzer.at\/de\/?s={search_term_string}\"},\"query-input\":{\"@type\":\"PropertyValueSpecification\",\"valueRequired\":true,\"valueName\":\"search_term_string\"}}],\"inLanguage\":\"en-US\"}]}<\/script>\n<!-- \/ Yoast SEO plugin. -->","yoast_head_json":{"title":"Gr. Veltliner Dornenvogel DAC 2024 BIO - Weingut Glatzer","robots":{"index":"index","follow":"follow","max-snippet":"max-snippet:-1","max-image-preview":"max-image-preview:large","max-video-preview":"max-video-preview:-1"},"canonical":"https:\/\/www.weingutglatzer.at\/en\/produkt\/gruener-veltliner-dornenvogel\/","og_locale":"en_US","og_type":"article","og_title":"Gr. Veltliner Dornenvogel DAC 2024 BIO - Weingut Glatzer","og_description":"Eigenschaften:\u00a0Als Selektion aus den besten Veltliner Trauben pr\u00e4sentiert sich der Dornenvogel muskul\u00f6s, konzentriert und reichhaltig Herkunft &amp; Boden:\u00a0Weinbaugebiet Carnuntum, Lehmb\u00f6den Ernte:\u00a0 23+24.09.2024 Alkohol:\u00a013 % Vol. Mostgewicht bei der Lese:\u00a019-20\u00b0 KMW Vinifikation &amp; Ausbau:\u00a0k\u00fchle Verg\u00e4rung in Edelstahltanks, Feinhefekontakt bis August Speisenempfehlung:\u00a0Fischgerichte, Gefl\u00fcgel- und Schweinefleisch, chinesischer K\u00fcche und Sushi sowie zu K\u00e4se","og_url":"https:\/\/www.weingutglatzer.at\/en\/produkt\/gruener-veltliner-dornenvogel\/","og_site_name":"Weingut Glatzer","article_modified_time":"2026-04-30T11:25:23+00:00","og_image":[{"width":677,"height":900,"url":"https:\/\/www.weingutglatzer.at\/wp-content\/uploads\/2015\/08\/gruener_veltliner_Dornenvogel.png","type":"image\/png"}],"twitter_card":"summary_large_image","schema":{"@context":"https:\/\/schema.org","@graph":[{"@type":"WebPage","@id":"https:\/\/www.weingutglatzer.at\/en\/produkt\/gruener-veltliner-dornenvogel\/","url":"https:\/\/www.weingutglatzer.at\/en\/produkt\/gruener-veltliner-dornenvogel\/","name":"Gr. Veltliner Dornenvogel DAC 2024 BIO - Weingut Glatzer","isPartOf":{"@id":"https:\/\/www.weingutglatzer.at\/de\/#website"},"primaryImageOfPage":{"@id":"https:\/\/www.weingutglatzer.at\/en\/produkt\/gruener-veltliner-dornenvogel\/#primaryimage"},"image":{"@id":"https:\/\/www.weingutglatzer.at\/en\/produkt\/gruener-veltliner-dornenvogel\/#primaryimage"},"thumbnailUrl":"https:\/\/www.weingutglatzer.at\/wp-content\/uploads\/2015\/08\/gruener_veltliner_Dornenvogel.png","datePublished":"2015-07-15T13:53:26+00:00","dateModified":"2026-04-30T11:25:23+00:00","breadcrumb":{"@id":"https:\/\/www.weingutglatzer.at\/en\/produkt\/gruener-veltliner-dornenvogel\/#breadcrumb"},"inLanguage":"en-US","potentialAction":[{"@type":"ReadAction","target":["https:\/\/www.weingutglatzer.at\/en\/produkt\/gruener-veltliner-dornenvogel\/"]}]},{"@type":"ImageObject","inLanguage":"en-US","@id":"https:\/\/www.weingutglatzer.at\/en\/produkt\/gruener-veltliner-dornenvogel\/#primaryimage","url":"https:\/\/www.weingutglatzer.at\/wp-content\/uploads\/2015\/08\/gruener_veltliner_Dornenvogel.png","contentUrl":"https:\/\/www.weingutglatzer.at\/wp-content\/uploads\/2015\/08\/gruener_veltliner_Dornenvogel.png","width":677,"height":900},{"@type":"BreadcrumbList","@id":"https:\/\/www.weingutglatzer.at\/en\/produkt\/gruener-veltliner-dornenvogel\/#breadcrumb","itemListElement":[{"@type":"ListItem","position":1,"name":"Startseite","item":"https:\/\/www.weingutglatzer.at\/en\/"},{"@type":"ListItem","position":2,"name":"Shop","item":"https:\/\/www.weingutglatzer.at\/en\/shop-en\/"},{"@type":"ListItem","position":3,"name":"Gr. Veltliner Dornenvogel DAC 2024 BIO"}]},{"@type":"WebSite","@id":"https:\/\/www.weingutglatzer.at\/de\/#website","url":"https:\/\/www.weingutglatzer.at\/de\/","name":"Weingut Glatzer","description":"Carnuntum","potentialAction":[{"@type":"SearchAction","target":{"@type":"EntryPoint","urlTemplate":"https:\/\/www.weingutglatzer.at\/de\/?s={search_term_string}"},"query-input":{"@type":"PropertyValueSpecification","valueRequired":true,"valueName":"search_term_string"}}],"inLanguage":"en-US"}]}},"_links":{"self":[{"href":"https:\/\/www.weingutglatzer.at\/en\/wp-json\/wp\/v2\/product\/4935","targetHints":{"allow":["GET"]}}],"collection":[{"href":"https:\/\/www.weingutglatzer.at\/en\/wp-json\/wp\/v2\/product"}],"about":[{"href":"https:\/\/www.weingutglatzer.at\/en\/wp-json\/wp\/v2\/types\/product"}],"replies":[{"embeddable":true,"href":"https:\/\/www.weingutglatzer.at\/en\/wp-json\/wp\/v2\/comments?post=4935"}],"wp:featuredmedia":[{"embeddable":true,"href":"https:\/\/www.weingutglatzer.at\/en\/wp-json\/wp\/v2\/media\/4937"}],"wp:attachment":[{"href":"https:\/\/www.weingutglatzer.at\/en\/wp-json\/wp\/v2\/media?parent=4935"}],"wp:term":[{"taxonomy":"product_brand","embeddable":true,"href":"https:\/\/www.weingutglatzer.at\/en\/wp-json\/wp\/v2\/product_brand?post=4935"},{"taxonomy":"product_cat","embeddable":true,"href":"https:\/\/www.weingutglatzer.at\/en\/wp-json\/wp\/v2\/product_cat?post=4935"},{"taxonomy":"product_tag","embeddable":true,"href":"https:\/\/www.weingutglatzer.at\/en\/wp-json\/wp\/v2\/product_tag?post=4935"}],"curies":[{"name":"wp","href":"https:\/\/api.w.org\/{rel}","templated":true}]}}