{"id":4923,"date":"2015-08-19T18:03:56","date_gmt":"2015-08-19T16:03:56","guid":{"rendered":"https:\/\/www.weingutglatzer.at\/produkt\/rose-kabinett-2013\/"},"modified":"2026-03-12T13:00:46","modified_gmt":"2026-03-12T12:00:46","slug":"rose-kabinett-2025","status":"publish","type":"product","link":"https:\/\/www.weingutglatzer.at\/en\/produkt\/rose-kabinett-2025\/","title":{"rendered":"Ros\u00e9 2025 BIO"},"content":{"rendered":"","protected":false},"excerpt":{"rendered":"<p><strong>Eigenschaften:\u00a0<\/strong>frisch, fruchtig, jung zu trinken, Saftabzug von St. Laurent, Blaufr\u00e4nkisch, Zweigelt<br \/>\n<strong>Herkunft &amp; Boden:\u00a0<\/strong>Weinbaugebiet Carnuntum, sandige Lehmb\u00f6den<br \/>\n<strong>Ernte:\u00a0<\/strong>Mitte Septmber<br \/>\n<strong>Alkohol:\u00a0<\/strong>12,0 % Vol.<br \/>\n<strong>Mostgewicht bei der Lese:\u00a0<\/strong>18\u00b0 KMW<br \/>\n<strong>Vinifikation &amp; Ausbau:\u00a0<\/strong>k\u00fchle Verg\u00e4rung in Edelstahltanks, Flaschenf\u00fclling im Februar<br \/>\n<strong>Speisenempfehlung:\u00a0<\/strong>Klassischer Aperitifwein oder zu einer deftigen Jause<\/p>\n<div class=\"text-center rund\" style=\"max-width: 425px; background-color: white; padding: 10px;\">\n<table>\n<tbody>\n<tr>\n<th class=\"text-left thin-bottom\" colspan=\"3\"><b>N\u00e4hrwerte:<\/b><\/th>\n<\/tr>\n<tr>\n<td class=\"small text-left\" colspan=\"3\">100 ml enthalten durchschnittlich:<\/td>\n<\/tr>\n<tr>\n<th colspan=\"2\">Brennwert<\/th>\n<td>291 kJ \/ 69 kcal<\/td>\n<\/tr>\n<tr>\n<th colspan=\"2\">Kohlenhydrate<\/th>\n<td>0,8 g<\/td>\n<\/tr>\n<tr class=\"thin-end\">\n<td class=\"blank-cell\"><\/td>\n<th><i>davon<\/i> Zucker<\/th>\n<td>0,1 g<\/td>\n<\/tr>\n<tr>\n<td colspan=\"3\">Enth\u00e4lt geringf\u00fcgige Mengen von Fett, ges\u00e4ttigten Fetts\u00e4uren, Eiwei\u00df und Salz.<\/td>\n<\/tr>\n<tr>\n<th class=\"text-left thin-bottom\" colspan=\"3\"><b><br \/>\nZutaten:<\/b><\/th>\n<\/tr>\n<tr>\n<td class=\"text-left text-hyphens\" colspan=\"3\">Trauben*; Antioxidantien: Kaliummetabi<b>sulfit<\/b>; *aus \u00f6kologischer Landwirtschaft<\/td>\n<\/tr>\n<\/tbody>\n<\/table>\n<\/div>\n","protected":false},"featured_media":4925,"comment_status":"closed","ping_status":"closed","template":"","meta":{"_acf_changed":false},"product_brand":[],"product_cat":[142],"product_tag":[],"class_list":{"0":"post-4923","1":"product","2":"type-product","3":"status-publish","4":"has-post-thumbnail","6":"product_cat-rose-en","8":"first","9":"instock","10":"taxable","11":"shipping-taxable","12":"purchasable","13":"product-type-simple"},"acf":[],"yoast_head":"<!-- This site is optimized with the Yoast SEO plugin v26.4 - https:\/\/yoast.com\/wordpress\/plugins\/seo\/ -->\n<title>Ros\u00e9 2025 BIO - Weingut Glatzer<\/title>\n<meta name=\"robots\" content=\"index, follow, max-snippet:-1, max-image-preview:large, max-video-preview:-1\" \/>\n<link rel=\"canonical\" href=\"https:\/\/www.weingutglatzer.at\/en\/produkt\/rose-kabinett-2025\/\" \/>\n<meta property=\"og:locale\" content=\"en_US\" \/>\n<meta property=\"og:type\" content=\"article\" \/>\n<meta property=\"og:title\" content=\"Ros\u00e9 2025 BIO - Weingut Glatzer\" \/>\n<meta property=\"og:description\" content=\"Eigenschaften:\u00a0frisch, fruchtig, jung zu trinken, Saftabzug von St. Laurent, Blaufr\u00e4nkisch, Zweigelt Herkunft &amp; Boden:\u00a0Weinbaugebiet Carnuntum, sandige Lehmb\u00f6den Ernte:\u00a0Mitte Septmber Alkohol:\u00a012,0 % Vol. Mostgewicht bei der Lese:\u00a018\u00b0 KMW Vinifikation &amp; Ausbau:\u00a0k\u00fchle Verg\u00e4rung in Edelstahltanks, Flaschenf\u00fclling im Februar Speisenempfehlung:\u00a0Klassischer Aperitifwein oder zu einer deftigen Jause     N\u00e4hrwerte:   100 ml enthalten durchschnittlich:   Brennwert 291 kJ \/ 69 kcal   Kohlenhydrate 0,8 g    davon Zucker 0,1 g   Enth\u00e4lt geringf\u00fcgige Mengen von Fett, ges\u00e4ttigten Fetts\u00e4uren, Eiwei\u00df und Salz.    Zutaten:   Trauben*; Antioxidantien: Kaliummetabisulfit; *aus \u00f6kologischer Landwirtschaft\" \/>\n<meta property=\"og:url\" content=\"https:\/\/www.weingutglatzer.at\/en\/produkt\/rose-kabinett-2025\/\" \/>\n<meta property=\"og:site_name\" content=\"Weingut Glatzer\" \/>\n<meta property=\"article:modified_time\" content=\"2026-03-12T12:00:46+00:00\" \/>\n<meta property=\"og:image\" content=\"https:\/\/www.weingutglatzer.at\/wp-content\/uploads\/2015\/08\/rose.png\" \/>\n\t<meta property=\"og:image:width\" content=\"677\" \/>\n\t<meta property=\"og:image:height\" content=\"900\" \/>\n\t<meta property=\"og:image:type\" content=\"image\/png\" \/>\n<meta name=\"twitter:card\" content=\"summary_large_image\" \/>\n<script type=\"application\/ld+json\" class=\"yoast-schema-graph\">{\"@context\":\"https:\/\/schema.org\",\"@graph\":[{\"@type\":\"WebPage\",\"@id\":\"https:\/\/www.weingutglatzer.at\/en\/produkt\/rose-kabinett-2025\/\",\"url\":\"https:\/\/www.weingutglatzer.at\/en\/produkt\/rose-kabinett-2025\/\",\"name\":\"Ros\u00e9 2025 BIO - Weingut Glatzer\",\"isPartOf\":{\"@id\":\"https:\/\/www.weingutglatzer.at\/de\/#website\"},\"primaryImageOfPage\":{\"@id\":\"https:\/\/www.weingutglatzer.at\/en\/produkt\/rose-kabinett-2025\/#primaryimage\"},\"image\":{\"@id\":\"https:\/\/www.weingutglatzer.at\/en\/produkt\/rose-kabinett-2025\/#primaryimage\"},\"thumbnailUrl\":\"https:\/\/www.weingutglatzer.at\/wp-content\/uploads\/2015\/08\/rose.png\",\"datePublished\":\"2015-08-19T16:03:56+00:00\",\"dateModified\":\"2026-03-12T12:00:46+00:00\",\"breadcrumb\":{\"@id\":\"https:\/\/www.weingutglatzer.at\/en\/produkt\/rose-kabinett-2025\/#breadcrumb\"},\"inLanguage\":\"en-US\",\"potentialAction\":[{\"@type\":\"ReadAction\",\"target\":[\"https:\/\/www.weingutglatzer.at\/en\/produkt\/rose-kabinett-2025\/\"]}]},{\"@type\":\"ImageObject\",\"inLanguage\":\"en-US\",\"@id\":\"https:\/\/www.weingutglatzer.at\/en\/produkt\/rose-kabinett-2025\/#primaryimage\",\"url\":\"https:\/\/www.weingutglatzer.at\/wp-content\/uploads\/2015\/08\/rose.png\",\"contentUrl\":\"https:\/\/www.weingutglatzer.at\/wp-content\/uploads\/2015\/08\/rose.png\",\"width\":677,\"height\":900},{\"@type\":\"BreadcrumbList\",\"@id\":\"https:\/\/www.weingutglatzer.at\/en\/produkt\/rose-kabinett-2025\/#breadcrumb\",\"itemListElement\":[{\"@type\":\"ListItem\",\"position\":1,\"name\":\"Startseite\",\"item\":\"https:\/\/www.weingutglatzer.at\/en\/\"},{\"@type\":\"ListItem\",\"position\":2,\"name\":\"Shop\",\"item\":\"https:\/\/www.weingutglatzer.at\/en\/shop-en\/\"},{\"@type\":\"ListItem\",\"position\":3,\"name\":\"Ros\u00e9 2025 BIO\"}]},{\"@type\":\"WebSite\",\"@id\":\"https:\/\/www.weingutglatzer.at\/de\/#website\",\"url\":\"https:\/\/www.weingutglatzer.at\/de\/\",\"name\":\"Weingut Glatzer\",\"description\":\"Carnuntum\",\"potentialAction\":[{\"@type\":\"SearchAction\",\"target\":{\"@type\":\"EntryPoint\",\"urlTemplate\":\"https:\/\/www.weingutglatzer.at\/de\/?s={search_term_string}\"},\"query-input\":{\"@type\":\"PropertyValueSpecification\",\"valueRequired\":true,\"valueName\":\"search_term_string\"}}],\"inLanguage\":\"en-US\"}]}<\/script>\n<!-- \/ Yoast SEO plugin. -->","yoast_head_json":{"title":"Ros\u00e9 2025 BIO - Weingut Glatzer","robots":{"index":"index","follow":"follow","max-snippet":"max-snippet:-1","max-image-preview":"max-image-preview:large","max-video-preview":"max-video-preview:-1"},"canonical":"https:\/\/www.weingutglatzer.at\/en\/produkt\/rose-kabinett-2025\/","og_locale":"en_US","og_type":"article","og_title":"Ros\u00e9 2025 BIO - Weingut Glatzer","og_description":"Eigenschaften:\u00a0frisch, fruchtig, jung zu trinken, Saftabzug von St. Laurent, Blaufr\u00e4nkisch, Zweigelt Herkunft &amp; Boden:\u00a0Weinbaugebiet Carnuntum, sandige Lehmb\u00f6den Ernte:\u00a0Mitte Septmber Alkohol:\u00a012,0 % Vol. Mostgewicht bei der Lese:\u00a018\u00b0 KMW Vinifikation &amp; Ausbau:\u00a0k\u00fchle Verg\u00e4rung in Edelstahltanks, Flaschenf\u00fclling im Februar Speisenempfehlung:\u00a0Klassischer Aperitifwein oder zu einer deftigen Jause     N\u00e4hrwerte:   100 ml enthalten durchschnittlich:   Brennwert 291 kJ \/ 69 kcal   Kohlenhydrate 0,8 g    davon Zucker 0,1 g   Enth\u00e4lt geringf\u00fcgige Mengen von Fett, ges\u00e4ttigten Fetts\u00e4uren, Eiwei\u00df und Salz.    Zutaten:   Trauben*; Antioxidantien: Kaliummetabisulfit; *aus \u00f6kologischer Landwirtschaft","og_url":"https:\/\/www.weingutglatzer.at\/en\/produkt\/rose-kabinett-2025\/","og_site_name":"Weingut Glatzer","article_modified_time":"2026-03-12T12:00:46+00:00","og_image":[{"width":677,"height":900,"url":"https:\/\/www.weingutglatzer.at\/wp-content\/uploads\/2015\/08\/rose.png","type":"image\/png"}],"twitter_card":"summary_large_image","schema":{"@context":"https:\/\/schema.org","@graph":[{"@type":"WebPage","@id":"https:\/\/www.weingutglatzer.at\/en\/produkt\/rose-kabinett-2025\/","url":"https:\/\/www.weingutglatzer.at\/en\/produkt\/rose-kabinett-2025\/","name":"Ros\u00e9 2025 BIO - Weingut Glatzer","isPartOf":{"@id":"https:\/\/www.weingutglatzer.at\/de\/#website"},"primaryImageOfPage":{"@id":"https:\/\/www.weingutglatzer.at\/en\/produkt\/rose-kabinett-2025\/#primaryimage"},"image":{"@id":"https:\/\/www.weingutglatzer.at\/en\/produkt\/rose-kabinett-2025\/#primaryimage"},"thumbnailUrl":"https:\/\/www.weingutglatzer.at\/wp-content\/uploads\/2015\/08\/rose.png","datePublished":"2015-08-19T16:03:56+00:00","dateModified":"2026-03-12T12:00:46+00:00","breadcrumb":{"@id":"https:\/\/www.weingutglatzer.at\/en\/produkt\/rose-kabinett-2025\/#breadcrumb"},"inLanguage":"en-US","potentialAction":[{"@type":"ReadAction","target":["https:\/\/www.weingutglatzer.at\/en\/produkt\/rose-kabinett-2025\/"]}]},{"@type":"ImageObject","inLanguage":"en-US","@id":"https:\/\/www.weingutglatzer.at\/en\/produkt\/rose-kabinett-2025\/#primaryimage","url":"https:\/\/www.weingutglatzer.at\/wp-content\/uploads\/2015\/08\/rose.png","contentUrl":"https:\/\/www.weingutglatzer.at\/wp-content\/uploads\/2015\/08\/rose.png","width":677,"height":900},{"@type":"BreadcrumbList","@id":"https:\/\/www.weingutglatzer.at\/en\/produkt\/rose-kabinett-2025\/#breadcrumb","itemListElement":[{"@type":"ListItem","position":1,"name":"Startseite","item":"https:\/\/www.weingutglatzer.at\/en\/"},{"@type":"ListItem","position":2,"name":"Shop","item":"https:\/\/www.weingutglatzer.at\/en\/shop-en\/"},{"@type":"ListItem","position":3,"name":"Ros\u00e9 2025 BIO"}]},{"@type":"WebSite","@id":"https:\/\/www.weingutglatzer.at\/de\/#website","url":"https:\/\/www.weingutglatzer.at\/de\/","name":"Weingut Glatzer","description":"Carnuntum","potentialAction":[{"@type":"SearchAction","target":{"@type":"EntryPoint","urlTemplate":"https:\/\/www.weingutglatzer.at\/de\/?s={search_term_string}"},"query-input":{"@type":"PropertyValueSpecification","valueRequired":true,"valueName":"search_term_string"}}],"inLanguage":"en-US"}]}},"_links":{"self":[{"href":"https:\/\/www.weingutglatzer.at\/en\/wp-json\/wp\/v2\/product\/4923","targetHints":{"allow":["GET"]}}],"collection":[{"href":"https:\/\/www.weingutglatzer.at\/en\/wp-json\/wp\/v2\/product"}],"about":[{"href":"https:\/\/www.weingutglatzer.at\/en\/wp-json\/wp\/v2\/types\/product"}],"replies":[{"embeddable":true,"href":"https:\/\/www.weingutglatzer.at\/en\/wp-json\/wp\/v2\/comments?post=4923"}],"wp:featuredmedia":[{"embeddable":true,"href":"https:\/\/www.weingutglatzer.at\/en\/wp-json\/wp\/v2\/media\/4925"}],"wp:attachment":[{"href":"https:\/\/www.weingutglatzer.at\/en\/wp-json\/wp\/v2\/media?parent=4923"}],"wp:term":[{"taxonomy":"product_brand","embeddable":true,"href":"https:\/\/www.weingutglatzer.at\/en\/wp-json\/wp\/v2\/product_brand?post=4923"},{"taxonomy":"product_cat","embeddable":true,"href":"https:\/\/www.weingutglatzer.at\/en\/wp-json\/wp\/v2\/product_cat?post=4923"},{"taxonomy":"product_tag","embeddable":true,"href":"https:\/\/www.weingutglatzer.at\/en\/wp-json\/wp\/v2\/product_tag?post=4923"}],"curies":[{"name":"wp","href":"https:\/\/api.w.org\/{rel}","templated":true}]}}