{"id":4900,"date":"2015-08-19T18:33:31","date_gmt":"2015-08-19T16:33:31","guid":{"rendered":"https:\/\/www.weingutglatzer.at\/produkt\/gotinsprun\/"},"modified":"2025-11-27T10:11:31","modified_gmt":"2025-11-27T09:11:31","slug":"gotinsprun","status":"publish","type":"product","link":"https:\/\/www.weingutglatzer.at\/en\/produkt\/gotinsprun\/","title":{"rendered":"Gotinsprun DAC 2023 BIO"},"content":{"rendered":"","protected":false},"excerpt":{"rendered":"<p><strong>Eigenschaften:\u00a0<\/strong>Die Cuv\u00e9e Gotinsprun wurde G\u00f6ttlesbrunn zu Ehren nach dem alten Namen der Gemeinde benannt, der bereits 1083 urkundlich erw\u00e4hnt wird und &#8220;Brunnen der Gotini&#8221; (Gotini war die Gemahlin des Ortsgr\u00fcnders) bedeutet. F\u00fcr unser roten Ortswein werden ausschlie\u00dflich die reifsten und hochwertigsten Trauben der Sorten Blaufr\u00e4nkisch, Merlot und Syrah verwendet. Jahrgangsbedingt wechselt der Anteil der einzelnen Sorten, wobei Blaufr\u00e4nkisch (mind. 60 %) und Merlot (ca. 20 %) den Hauptanteil stellen.<br \/>\n<strong>Herkunft &amp; Boden:\u00a0<\/strong>Weinbaugebiet Carnuntum, sandig-lehmige und lehmige B\u00f6den<br \/>\n<strong>Ernte: <\/strong>8. Oktober<br \/>\n<strong>Alkohol:\u00a0<\/strong>14,0% Vol.<br \/>\n<strong>Mostgewicht bei der Lese:\u00a0<\/strong>19-21\u00b0 KMW<br \/>\n<strong>Vinifikation &amp; Ausbau:\u00a0<\/strong>drei Wochen Maischestandzeit, danach 16-18 Monate Barriqueausbau (70 % neu)<br \/>\n<strong>Speisenempfehlung:\u00a0<\/strong>die besten Rindfleisch- und Lammst\u00fccke, gebraten oder gegrillt, sowie Reh, Wildschwein und Hirsch<\/p>\n","protected":false},"featured_media":4902,"comment_status":"open","ping_status":"closed","template":"","meta":{"_acf_changed":false},"product_brand":[],"product_cat":[140],"product_tag":[],"class_list":{"0":"post-4900","1":"product","2":"type-product","3":"status-publish","4":"has-post-thumbnail","6":"product_cat-rotwein-en","8":"first","9":"instock","10":"taxable","11":"shipping-taxable","12":"purchasable","13":"product-type-simple"},"acf":[],"yoast_head":"<!-- This site is optimized with the Yoast SEO plugin v26.4 - https:\/\/yoast.com\/wordpress\/plugins\/seo\/ -->\n<title>Gotinsprun DAC 2023 BIO - Weingut Glatzer<\/title>\n<meta name=\"robots\" content=\"index, follow, max-snippet:-1, max-image-preview:large, max-video-preview:-1\" \/>\n<link rel=\"canonical\" href=\"https:\/\/www.weingutglatzer.at\/en\/produkt\/gotinsprun\/\" \/>\n<meta property=\"og:locale\" content=\"en_US\" \/>\n<meta property=\"og:type\" content=\"article\" \/>\n<meta property=\"og:title\" content=\"Gotinsprun DAC 2023 BIO - Weingut Glatzer\" \/>\n<meta property=\"og:description\" content=\"Eigenschaften:\u00a0Die Cuv\u00e9e Gotinsprun wurde G\u00f6ttlesbrunn zu Ehren nach dem alten Namen der Gemeinde benannt, der bereits 1083 urkundlich erw\u00e4hnt wird und &quot;Brunnen der Gotini&quot; (Gotini war die Gemahlin des Ortsgr\u00fcnders) bedeutet. F\u00fcr unser roten Ortswein werden ausschlie\u00dflich die reifsten und hochwertigsten Trauben der Sorten Blaufr\u00e4nkisch, Merlot und Syrah verwendet. Jahrgangsbedingt wechselt der Anteil der einzelnen Sorten, wobei Blaufr\u00e4nkisch (mind. 60 %) und Merlot (ca. 20 %) den Hauptanteil stellen. Herkunft &amp; Boden:\u00a0Weinbaugebiet Carnuntum, sandig-lehmige und lehmige B\u00f6den Ernte: 8. Oktober Alkohol:\u00a014,0% Vol. Mostgewicht bei der Lese:\u00a019-21\u00b0 KMW Vinifikation &amp; Ausbau:\u00a0drei Wochen Maischestandzeit, danach 16-18 Monate Barriqueausbau (70 % neu) Speisenempfehlung:\u00a0die besten Rindfleisch- und Lammst\u00fccke, gebraten oder gegrillt, sowie Reh, Wildschwein und Hirsch\" \/>\n<meta property=\"og:url\" content=\"https:\/\/www.weingutglatzer.at\/en\/produkt\/gotinsprun\/\" \/>\n<meta property=\"og:site_name\" content=\"Weingut Glatzer\" \/>\n<meta property=\"article:modified_time\" content=\"2025-11-27T09:11:31+00:00\" \/>\n<meta property=\"og:image\" content=\"https:\/\/www.weingutglatzer.at\/wp-content\/uploads\/2015\/08\/gotinsprun.png\" \/>\n\t<meta property=\"og:image:width\" content=\"677\" \/>\n\t<meta property=\"og:image:height\" content=\"900\" \/>\n\t<meta property=\"og:image:type\" content=\"image\/png\" \/>\n<meta name=\"twitter:card\" content=\"summary_large_image\" \/>\n<script type=\"application\/ld+json\" class=\"yoast-schema-graph\">{\"@context\":\"https:\/\/schema.org\",\"@graph\":[{\"@type\":\"WebPage\",\"@id\":\"https:\/\/www.weingutglatzer.at\/en\/produkt\/gotinsprun\/\",\"url\":\"https:\/\/www.weingutglatzer.at\/en\/produkt\/gotinsprun\/\",\"name\":\"Gotinsprun DAC 2023 BIO - Weingut Glatzer\",\"isPartOf\":{\"@id\":\"https:\/\/www.weingutglatzer.at\/de\/#website\"},\"primaryImageOfPage\":{\"@id\":\"https:\/\/www.weingutglatzer.at\/en\/produkt\/gotinsprun\/#primaryimage\"},\"image\":{\"@id\":\"https:\/\/www.weingutglatzer.at\/en\/produkt\/gotinsprun\/#primaryimage\"},\"thumbnailUrl\":\"https:\/\/www.weingutglatzer.at\/wp-content\/uploads\/2015\/08\/gotinsprun.png\",\"datePublished\":\"2015-08-19T16:33:31+00:00\",\"dateModified\":\"2025-11-27T09:11:31+00:00\",\"breadcrumb\":{\"@id\":\"https:\/\/www.weingutglatzer.at\/en\/produkt\/gotinsprun\/#breadcrumb\"},\"inLanguage\":\"en-US\",\"potentialAction\":[{\"@type\":\"ReadAction\",\"target\":[\"https:\/\/www.weingutglatzer.at\/en\/produkt\/gotinsprun\/\"]}]},{\"@type\":\"ImageObject\",\"inLanguage\":\"en-US\",\"@id\":\"https:\/\/www.weingutglatzer.at\/en\/produkt\/gotinsprun\/#primaryimage\",\"url\":\"https:\/\/www.weingutglatzer.at\/wp-content\/uploads\/2015\/08\/gotinsprun.png\",\"contentUrl\":\"https:\/\/www.weingutglatzer.at\/wp-content\/uploads\/2015\/08\/gotinsprun.png\",\"width\":677,\"height\":900},{\"@type\":\"BreadcrumbList\",\"@id\":\"https:\/\/www.weingutglatzer.at\/en\/produkt\/gotinsprun\/#breadcrumb\",\"itemListElement\":[{\"@type\":\"ListItem\",\"position\":1,\"name\":\"Startseite\",\"item\":\"https:\/\/www.weingutglatzer.at\/en\/\"},{\"@type\":\"ListItem\",\"position\":2,\"name\":\"Shop\",\"item\":\"https:\/\/www.weingutglatzer.at\/en\/shop-en\/\"},{\"@type\":\"ListItem\",\"position\":3,\"name\":\"Gotinsprun DAC 2023 BIO\"}]},{\"@type\":\"WebSite\",\"@id\":\"https:\/\/www.weingutglatzer.at\/de\/#website\",\"url\":\"https:\/\/www.weingutglatzer.at\/de\/\",\"name\":\"Weingut Glatzer\",\"description\":\"Carnuntum\",\"potentialAction\":[{\"@type\":\"SearchAction\",\"target\":{\"@type\":\"EntryPoint\",\"urlTemplate\":\"https:\/\/www.weingutglatzer.at\/de\/?s={search_term_string}\"},\"query-input\":{\"@type\":\"PropertyValueSpecification\",\"valueRequired\":true,\"valueName\":\"search_term_string\"}}],\"inLanguage\":\"en-US\"}]}<\/script>\n<!-- \/ Yoast SEO plugin. -->","yoast_head_json":{"title":"Gotinsprun DAC 2023 BIO - Weingut Glatzer","robots":{"index":"index","follow":"follow","max-snippet":"max-snippet:-1","max-image-preview":"max-image-preview:large","max-video-preview":"max-video-preview:-1"},"canonical":"https:\/\/www.weingutglatzer.at\/en\/produkt\/gotinsprun\/","og_locale":"en_US","og_type":"article","og_title":"Gotinsprun DAC 2023 BIO - Weingut Glatzer","og_description":"Eigenschaften:\u00a0Die Cuv\u00e9e Gotinsprun wurde G\u00f6ttlesbrunn zu Ehren nach dem alten Namen der Gemeinde benannt, der bereits 1083 urkundlich erw\u00e4hnt wird und \"Brunnen der Gotini\" (Gotini war die Gemahlin des Ortsgr\u00fcnders) bedeutet. F\u00fcr unser roten Ortswein werden ausschlie\u00dflich die reifsten und hochwertigsten Trauben der Sorten Blaufr\u00e4nkisch, Merlot und Syrah verwendet. Jahrgangsbedingt wechselt der Anteil der einzelnen Sorten, wobei Blaufr\u00e4nkisch (mind. 60 %) und Merlot (ca. 20 %) den Hauptanteil stellen. Herkunft &amp; Boden:\u00a0Weinbaugebiet Carnuntum, sandig-lehmige und lehmige B\u00f6den Ernte: 8. Oktober Alkohol:\u00a014,0% Vol. Mostgewicht bei der Lese:\u00a019-21\u00b0 KMW Vinifikation &amp; Ausbau:\u00a0drei Wochen Maischestandzeit, danach 16-18 Monate Barriqueausbau (70 % neu) Speisenempfehlung:\u00a0die besten Rindfleisch- und Lammst\u00fccke, gebraten oder gegrillt, sowie Reh, Wildschwein und Hirsch","og_url":"https:\/\/www.weingutglatzer.at\/en\/produkt\/gotinsprun\/","og_site_name":"Weingut Glatzer","article_modified_time":"2025-11-27T09:11:31+00:00","og_image":[{"width":677,"height":900,"url":"https:\/\/www.weingutglatzer.at\/wp-content\/uploads\/2015\/08\/gotinsprun.png","type":"image\/png"}],"twitter_card":"summary_large_image","schema":{"@context":"https:\/\/schema.org","@graph":[{"@type":"WebPage","@id":"https:\/\/www.weingutglatzer.at\/en\/produkt\/gotinsprun\/","url":"https:\/\/www.weingutglatzer.at\/en\/produkt\/gotinsprun\/","name":"Gotinsprun DAC 2023 BIO - Weingut Glatzer","isPartOf":{"@id":"https:\/\/www.weingutglatzer.at\/de\/#website"},"primaryImageOfPage":{"@id":"https:\/\/www.weingutglatzer.at\/en\/produkt\/gotinsprun\/#primaryimage"},"image":{"@id":"https:\/\/www.weingutglatzer.at\/en\/produkt\/gotinsprun\/#primaryimage"},"thumbnailUrl":"https:\/\/www.weingutglatzer.at\/wp-content\/uploads\/2015\/08\/gotinsprun.png","datePublished":"2015-08-19T16:33:31+00:00","dateModified":"2025-11-27T09:11:31+00:00","breadcrumb":{"@id":"https:\/\/www.weingutglatzer.at\/en\/produkt\/gotinsprun\/#breadcrumb"},"inLanguage":"en-US","potentialAction":[{"@type":"ReadAction","target":["https:\/\/www.weingutglatzer.at\/en\/produkt\/gotinsprun\/"]}]},{"@type":"ImageObject","inLanguage":"en-US","@id":"https:\/\/www.weingutglatzer.at\/en\/produkt\/gotinsprun\/#primaryimage","url":"https:\/\/www.weingutglatzer.at\/wp-content\/uploads\/2015\/08\/gotinsprun.png","contentUrl":"https:\/\/www.weingutglatzer.at\/wp-content\/uploads\/2015\/08\/gotinsprun.png","width":677,"height":900},{"@type":"BreadcrumbList","@id":"https:\/\/www.weingutglatzer.at\/en\/produkt\/gotinsprun\/#breadcrumb","itemListElement":[{"@type":"ListItem","position":1,"name":"Startseite","item":"https:\/\/www.weingutglatzer.at\/en\/"},{"@type":"ListItem","position":2,"name":"Shop","item":"https:\/\/www.weingutglatzer.at\/en\/shop-en\/"},{"@type":"ListItem","position":3,"name":"Gotinsprun DAC 2023 BIO"}]},{"@type":"WebSite","@id":"https:\/\/www.weingutglatzer.at\/de\/#website","url":"https:\/\/www.weingutglatzer.at\/de\/","name":"Weingut Glatzer","description":"Carnuntum","potentialAction":[{"@type":"SearchAction","target":{"@type":"EntryPoint","urlTemplate":"https:\/\/www.weingutglatzer.at\/de\/?s={search_term_string}"},"query-input":{"@type":"PropertyValueSpecification","valueRequired":true,"valueName":"search_term_string"}}],"inLanguage":"en-US"}]}},"_links":{"self":[{"href":"https:\/\/www.weingutglatzer.at\/en\/wp-json\/wp\/v2\/product\/4900","targetHints":{"allow":["GET"]}}],"collection":[{"href":"https:\/\/www.weingutglatzer.at\/en\/wp-json\/wp\/v2\/product"}],"about":[{"href":"https:\/\/www.weingutglatzer.at\/en\/wp-json\/wp\/v2\/types\/product"}],"replies":[{"embeddable":true,"href":"https:\/\/www.weingutglatzer.at\/en\/wp-json\/wp\/v2\/comments?post=4900"}],"wp:featuredmedia":[{"embeddable":true,"href":"https:\/\/www.weingutglatzer.at\/en\/wp-json\/wp\/v2\/media\/4902"}],"wp:attachment":[{"href":"https:\/\/www.weingutglatzer.at\/en\/wp-json\/wp\/v2\/media?parent=4900"}],"wp:term":[{"taxonomy":"product_brand","embeddable":true,"href":"https:\/\/www.weingutglatzer.at\/en\/wp-json\/wp\/v2\/product_brand?post=4900"},{"taxonomy":"product_cat","embeddable":true,"href":"https:\/\/www.weingutglatzer.at\/en\/wp-json\/wp\/v2\/product_cat?post=4900"},{"taxonomy":"product_tag","embeddable":true,"href":"https:\/\/www.weingutglatzer.at\/en\/wp-json\/wp\/v2\/product_tag?post=4900"}],"curies":[{"name":"wp","href":"https:\/\/api.w.org\/{rel}","templated":true}]}}