{"id":10894,"date":"2023-03-23T13:09:28","date_gmt":"2023-03-23T12:09:28","guid":{"rendered":"https:\/\/www.weingutglatzer.at\/?post_type=product&#038;p=10894"},"modified":"2026-04-02T08:12:13","modified_gmt":"2026-04-02T06:12:13","slug":"fruehlingspaket","status":"publish","type":"product","link":"https:\/\/www.weingutglatzer.at\/en\/produkt\/fruehlingspaket\/","title":{"rendered":"Fr\u00fchlingspaket"},"content":{"rendered":"<p><strong>Unser Fr\u00fchlingspaket-Paket besteht aus:<\/strong><\/p>\n<ul>\n<li data-pm-slice=\"1 1 []\">Gr\u00fcner Veltliner 2025<\/li>\n<li data-pm-slice=\"1 1 []\">Sauvignon Blanc 2025<\/li>\n<li>Rose Frizzante Gluathummel<\/li>\n<li>Kabi, Please!<\/li>\n<li>Zweigelt Dornenvogel 2023<\/li>\n<li>St. Laurent Alte Reben 2023<\/li>\n<\/ul>\n<p><strong>Statt \u20ac 83,90 bis 11.04.2023 um nur \u20ac 72,90<\/strong><\/p>\n","protected":false},"excerpt":{"rendered":"<p><strong>Unser Fr\u00fchlingspaket-Paket besteht aus:<\/strong><\/p>\n<ul>\n<li data-pm-slice=\"1 1 []\">Gr\u00fcner Veltliner 2025<\/li>\n<li data-pm-slice=\"1 1 []\">Sauvignon Blanc 2025<\/li>\n<li>Rose Frizzante Gluathummel<\/li>\n<li>Kabi, Please!<\/li>\n<li>Zweigelt Dornenvogel 2023<\/li>\n<li>St. Laurent Alte Reben 2023<\/li>\n<\/ul>\n<p><strong>Statt \u20ac 83,90 um nur \u20ac 72,90<\/strong><\/p>\n","protected":false},"featured_media":12343,"comment_status":"open","ping_status":"closed","template":"","meta":{"_acf_changed":false},"product_brand":[],"product_cat":[144,191,196,142,140,139],"product_tag":[],"class_list":{"0":"post-10894","1":"product","2":"type-product","3":"status-publish","4":"has-post-thumbnail","6":"product_cat-frizzante-en","7":"product_cat-hanna-glatzer-en","8":"product_cat-paket-en","9":"product_cat-rose-en","10":"product_cat-rotwein-en","11":"product_cat-weisswein-en","13":"first","14":"instock","15":"featured","16":"taxable","17":"shipping-taxable","18":"purchasable","19":"product-type-simple"},"acf":[],"yoast_head":"<!-- This site is optimized with the Yoast SEO plugin v26.4 - https:\/\/yoast.com\/wordpress\/plugins\/seo\/ -->\n<title>Fr\u00fchlingspaket - Weingut Glatzer<\/title>\n<meta name=\"description\" content=\"Bei diesem Wein-Paket und den fr\u00fchlingshaften Rezepten wird sogar der Osterhase schwach. Lass dich \u00fcberraschen und genie\u00dfe das Osterfest in vollen Z\u00fcgen.\" \/>\n<meta name=\"robots\" content=\"index, follow, max-snippet:-1, max-image-preview:large, max-video-preview:-1\" \/>\n<link rel=\"canonical\" href=\"https:\/\/www.weingutglatzer.at\/en\/produkt\/fruehlingspaket\/\" \/>\n<meta property=\"og:locale\" content=\"en_US\" \/>\n<meta property=\"og:type\" content=\"article\" \/>\n<meta property=\"og:title\" content=\"Fr\u00fchlingspaket - Weingut Glatzer\" \/>\n<meta property=\"og:description\" content=\"Bei diesem Wein-Paket und den fr\u00fchlingshaften Rezepten wird sogar der Osterhase schwach. Lass dich \u00fcberraschen und genie\u00dfe das Osterfest in vollen Z\u00fcgen.\" \/>\n<meta property=\"og:url\" content=\"https:\/\/www.weingutglatzer.at\/en\/produkt\/fruehlingspaket\/\" \/>\n<meta property=\"og:site_name\" content=\"Weingut Glatzer\" \/>\n<meta property=\"article:modified_time\" content=\"2026-04-02T06:12:13+00:00\" \/>\n<meta property=\"og:image\" content=\"https:\/\/www.weingutglatzer.at\/wp-content\/uploads\/2024\/05\/Foto-17.04.25-14-20-45-min.jpg\" \/>\n\t<meta property=\"og:image:width\" content=\"2560\" \/>\n\t<meta property=\"og:image:height\" content=\"1706\" \/>\n\t<meta property=\"og:image:type\" content=\"image\/jpeg\" \/>\n<meta name=\"twitter:card\" content=\"summary_large_image\" \/>\n<meta name=\"twitter:label1\" content=\"Est. reading time\" \/>\n\t<meta name=\"twitter:data1\" content=\"1 minute\" \/>\n<script type=\"application\/ld+json\" class=\"yoast-schema-graph\">{\"@context\":\"https:\/\/schema.org\",\"@graph\":[{\"@type\":\"WebPage\",\"@id\":\"https:\/\/www.weingutglatzer.at\/en\/produkt\/fruehlingspaket\/\",\"url\":\"https:\/\/www.weingutglatzer.at\/en\/produkt\/fruehlingspaket\/\",\"name\":\"Fr\u00fchlingspaket - Weingut Glatzer\",\"isPartOf\":{\"@id\":\"https:\/\/www.weingutglatzer.at\/de\/#website\"},\"primaryImageOfPage\":{\"@id\":\"https:\/\/www.weingutglatzer.at\/en\/produkt\/fruehlingspaket\/#primaryimage\"},\"image\":{\"@id\":\"https:\/\/www.weingutglatzer.at\/en\/produkt\/fruehlingspaket\/#primaryimage\"},\"thumbnailUrl\":\"https:\/\/www.weingutglatzer.at\/wp-content\/uploads\/2024\/05\/Foto-17.04.25-14-20-45-min.jpg\",\"datePublished\":\"2023-03-23T12:09:28+00:00\",\"dateModified\":\"2026-04-02T06:12:13+00:00\",\"description\":\"Bei diesem Wein-Paket und den fr\u00fchlingshaften Rezepten wird sogar der Osterhase schwach. Lass dich \u00fcberraschen und genie\u00dfe das Osterfest in vollen Z\u00fcgen.\",\"breadcrumb\":{\"@id\":\"https:\/\/www.weingutglatzer.at\/en\/produkt\/fruehlingspaket\/#breadcrumb\"},\"inLanguage\":\"en-US\",\"potentialAction\":[{\"@type\":\"ReadAction\",\"target\":[\"https:\/\/www.weingutglatzer.at\/en\/produkt\/fruehlingspaket\/\"]}]},{\"@type\":\"ImageObject\",\"inLanguage\":\"en-US\",\"@id\":\"https:\/\/www.weingutglatzer.at\/en\/produkt\/fruehlingspaket\/#primaryimage\",\"url\":\"https:\/\/www.weingutglatzer.at\/wp-content\/uploads\/2024\/05\/Foto-17.04.25-14-20-45-min.jpg\",\"contentUrl\":\"https:\/\/www.weingutglatzer.at\/wp-content\/uploads\/2024\/05\/Foto-17.04.25-14-20-45-min.jpg\",\"width\":2560,\"height\":1706},{\"@type\":\"BreadcrumbList\",\"@id\":\"https:\/\/www.weingutglatzer.at\/en\/produkt\/fruehlingspaket\/#breadcrumb\",\"itemListElement\":[{\"@type\":\"ListItem\",\"position\":1,\"name\":\"Startseite\",\"item\":\"https:\/\/www.weingutglatzer.at\/en\/\"},{\"@type\":\"ListItem\",\"position\":2,\"name\":\"Shop\",\"item\":\"https:\/\/www.weingutglatzer.at\/en\/shop-en\/\"},{\"@type\":\"ListItem\",\"position\":3,\"name\":\"Fr\u00fchlingspaket\"}]},{\"@type\":\"WebSite\",\"@id\":\"https:\/\/www.weingutglatzer.at\/de\/#website\",\"url\":\"https:\/\/www.weingutglatzer.at\/de\/\",\"name\":\"Weingut Glatzer\",\"description\":\"Carnuntum\",\"potentialAction\":[{\"@type\":\"SearchAction\",\"target\":{\"@type\":\"EntryPoint\",\"urlTemplate\":\"https:\/\/www.weingutglatzer.at\/de\/?s={search_term_string}\"},\"query-input\":{\"@type\":\"PropertyValueSpecification\",\"valueRequired\":true,\"valueName\":\"search_term_string\"}}],\"inLanguage\":\"en-US\"}]}<\/script>\n<!-- \/ Yoast SEO plugin. -->","yoast_head_json":{"title":"Fr\u00fchlingspaket - Weingut Glatzer","description":"Bei diesem Wein-Paket und den fr\u00fchlingshaften Rezepten wird sogar der Osterhase schwach. Lass dich \u00fcberraschen und genie\u00dfe das Osterfest in vollen Z\u00fcgen.","robots":{"index":"index","follow":"follow","max-snippet":"max-snippet:-1","max-image-preview":"max-image-preview:large","max-video-preview":"max-video-preview:-1"},"canonical":"https:\/\/www.weingutglatzer.at\/en\/produkt\/fruehlingspaket\/","og_locale":"en_US","og_type":"article","og_title":"Fr\u00fchlingspaket - Weingut Glatzer","og_description":"Bei diesem Wein-Paket und den fr\u00fchlingshaften Rezepten wird sogar der Osterhase schwach. Lass dich \u00fcberraschen und genie\u00dfe das Osterfest in vollen Z\u00fcgen.","og_url":"https:\/\/www.weingutglatzer.at\/en\/produkt\/fruehlingspaket\/","og_site_name":"Weingut Glatzer","article_modified_time":"2026-04-02T06:12:13+00:00","og_image":[{"width":2560,"height":1706,"url":"https:\/\/www.weingutglatzer.at\/wp-content\/uploads\/2024\/05\/Foto-17.04.25-14-20-45-min.jpg","type":"image\/jpeg"}],"twitter_card":"summary_large_image","twitter_misc":{"Est. reading time":"1 minute"},"schema":{"@context":"https:\/\/schema.org","@graph":[{"@type":"WebPage","@id":"https:\/\/www.weingutglatzer.at\/en\/produkt\/fruehlingspaket\/","url":"https:\/\/www.weingutglatzer.at\/en\/produkt\/fruehlingspaket\/","name":"Fr\u00fchlingspaket - Weingut Glatzer","isPartOf":{"@id":"https:\/\/www.weingutglatzer.at\/de\/#website"},"primaryImageOfPage":{"@id":"https:\/\/www.weingutglatzer.at\/en\/produkt\/fruehlingspaket\/#primaryimage"},"image":{"@id":"https:\/\/www.weingutglatzer.at\/en\/produkt\/fruehlingspaket\/#primaryimage"},"thumbnailUrl":"https:\/\/www.weingutglatzer.at\/wp-content\/uploads\/2024\/05\/Foto-17.04.25-14-20-45-min.jpg","datePublished":"2023-03-23T12:09:28+00:00","dateModified":"2026-04-02T06:12:13+00:00","description":"Bei diesem Wein-Paket und den fr\u00fchlingshaften Rezepten wird sogar der Osterhase schwach. Lass dich \u00fcberraschen und genie\u00dfe das Osterfest in vollen Z\u00fcgen.","breadcrumb":{"@id":"https:\/\/www.weingutglatzer.at\/en\/produkt\/fruehlingspaket\/#breadcrumb"},"inLanguage":"en-US","potentialAction":[{"@type":"ReadAction","target":["https:\/\/www.weingutglatzer.at\/en\/produkt\/fruehlingspaket\/"]}]},{"@type":"ImageObject","inLanguage":"en-US","@id":"https:\/\/www.weingutglatzer.at\/en\/produkt\/fruehlingspaket\/#primaryimage","url":"https:\/\/www.weingutglatzer.at\/wp-content\/uploads\/2024\/05\/Foto-17.04.25-14-20-45-min.jpg","contentUrl":"https:\/\/www.weingutglatzer.at\/wp-content\/uploads\/2024\/05\/Foto-17.04.25-14-20-45-min.jpg","width":2560,"height":1706},{"@type":"BreadcrumbList","@id":"https:\/\/www.weingutglatzer.at\/en\/produkt\/fruehlingspaket\/#breadcrumb","itemListElement":[{"@type":"ListItem","position":1,"name":"Startseite","item":"https:\/\/www.weingutglatzer.at\/en\/"},{"@type":"ListItem","position":2,"name":"Shop","item":"https:\/\/www.weingutglatzer.at\/en\/shop-en\/"},{"@type":"ListItem","position":3,"name":"Fr\u00fchlingspaket"}]},{"@type":"WebSite","@id":"https:\/\/www.weingutglatzer.at\/de\/#website","url":"https:\/\/www.weingutglatzer.at\/de\/","name":"Weingut Glatzer","description":"Carnuntum","potentialAction":[{"@type":"SearchAction","target":{"@type":"EntryPoint","urlTemplate":"https:\/\/www.weingutglatzer.at\/de\/?s={search_term_string}"},"query-input":{"@type":"PropertyValueSpecification","valueRequired":true,"valueName":"search_term_string"}}],"inLanguage":"en-US"}]}},"_links":{"self":[{"href":"https:\/\/www.weingutglatzer.at\/en\/wp-json\/wp\/v2\/product\/10894","targetHints":{"allow":["GET"]}}],"collection":[{"href":"https:\/\/www.weingutglatzer.at\/en\/wp-json\/wp\/v2\/product"}],"about":[{"href":"https:\/\/www.weingutglatzer.at\/en\/wp-json\/wp\/v2\/types\/product"}],"replies":[{"embeddable":true,"href":"https:\/\/www.weingutglatzer.at\/en\/wp-json\/wp\/v2\/comments?post=10894"}],"wp:featuredmedia":[{"embeddable":true,"href":"https:\/\/www.weingutglatzer.at\/en\/wp-json\/wp\/v2\/media\/12343"}],"wp:attachment":[{"href":"https:\/\/www.weingutglatzer.at\/en\/wp-json\/wp\/v2\/media?parent=10894"}],"wp:term":[{"taxonomy":"product_brand","embeddable":true,"href":"https:\/\/www.weingutglatzer.at\/en\/wp-json\/wp\/v2\/product_brand?post=10894"},{"taxonomy":"product_cat","embeddable":true,"href":"https:\/\/www.weingutglatzer.at\/en\/wp-json\/wp\/v2\/product_cat?post=10894"},{"taxonomy":"product_tag","embeddable":true,"href":"https:\/\/www.weingutglatzer.at\/en\/wp-json\/wp\/v2\/product_tag?post=10894"}],"curies":[{"name":"wp","href":"https:\/\/api.w.org\/{rel}","templated":true}]}}