{"id":9312,"date":"2022-04-07T10:58:56","date_gmt":"2022-04-07T08:58:56","guid":{"rendered":"https:\/\/www.weingutglatzer.at\/?post_type=product&#038;p=9312"},"modified":"2025-10-07T10:01:13","modified_gmt":"2025-10-07T08:01:13","slug":"hanna-glatzer-welschriesling","status":"publish","type":"product","link":"https:\/\/www.weingutglatzer.at\/de\/produkt\/hanna-glatzer-welschriesling\/","title":{"rendered":"Hanna Glatzer Welschriesling 2024 BIO"},"content":{"rendered":"<p>Vinifikation &amp; Ausbau: Ein kleiner Teil maischevergoren, ausgebaut im Stahltank,<br \/>\nungesch\u00f6nt und unfiltriert<\/p>\n","protected":false},"excerpt":{"rendered":"<div class=\"text-center rund\" style=\"max-width: 425px;background-color: white;padding: 10px\">\n<table>\n<tbody>\n<tr>\n<th class=\"text-left thin-bottom\" colspan=\"3\"><b>N\u00e4hrwerte:<\/b><\/th>\n<\/tr>\n<tr>\n<td class=\"small text-left\" colspan=\"3\">100 ml enthalten durchschnittlich:<\/td>\n<\/tr>\n<tr>\n<th colspan=\"2\">Brennwert<\/th>\n<td>292 kJ \/ 70 kcal<\/td>\n<\/tr>\n<tr>\n<th colspan=\"2\">Kohlenhydrate<\/th>\n<td>0,8 g<\/td>\n<\/tr>\n<tr class=\"thin-end\">\n<td class=\"blank-cell\"><\/td>\n<th><i>davon<\/i> Zucker<\/th>\n<td>0,1 g<\/td>\n<\/tr>\n<tr>\n<td colspan=\"3\">Enth\u00e4lt geringf\u00fcgige Mengen von Fett, ges\u00e4ttigten Fetts\u00e4uren, Eiwei\u00df und Salz.<\/td>\n<\/tr>\n<tr>\n<th class=\"text-left thin-bottom\" colspan=\"3\"><b><br \/>\nZutaten:<\/b><\/th>\n<\/tr>\n<tr>\n<td class=\"text-left text-hyphens\" colspan=\"3\">Trauben; Antioxidantien: Kaliummetabi<b>sulfit<\/b>;<\/td>\n<\/tr>\n<\/tbody>\n<\/table>\n<\/div>\n","protected":false},"featured_media":9314,"comment_status":"open","ping_status":"closed","template":"","meta":{"_acf_changed":false},"product_brand":[],"product_cat":[190,75],"product_tag":[],"class_list":{"0":"post-9312","1":"product","2":"type-product","3":"status-publish","4":"has-post-thumbnail","6":"product_cat-hanna-glatzer","7":"product_cat-weisswein","9":"first","10":"instock","11":"taxable","12":"shipping-taxable","13":"purchasable","14":"product-type-simple"},"acf":[],"yoast_head":"<!-- This site is optimized with the Yoast SEO plugin v26.4 - https:\/\/yoast.com\/wordpress\/plugins\/seo\/ -->\n<title>Hanna Glatzer Welschriesling 2024 BIO - Weingut Glatzer<\/title>\n<meta name=\"description\" content=\"Hanna Glatzer sagt immer: \u201eNichts geht u\u0308ber meinen Wein, au\u00dfer ich selber!\u201c Die Cabernet Sauvignon Trauben werden die ganze Saison von Hanna bemuttert und sind jetzt (in) Flaschen. Mehr unter: www.hanna-glatzer.at\" \/>\n<meta name=\"robots\" content=\"index, follow, max-snippet:-1, max-image-preview:large, max-video-preview:-1\" \/>\n<link rel=\"canonical\" href=\"https:\/\/www.weingutglatzer.at\/de\/produkt\/hanna-glatzer-welschriesling\/\" \/>\n<meta property=\"og:locale\" content=\"de_DE\" \/>\n<meta property=\"og:type\" content=\"article\" \/>\n<meta property=\"og:title\" content=\"Hanna Glatzer Welschriesling 2024 BIO - Weingut Glatzer\" \/>\n<meta property=\"og:description\" content=\"Hanna Glatzer sagt immer: \u201eNichts geht u\u0308ber meinen Wein, au\u00dfer ich selber!\u201c Die Cabernet Sauvignon Trauben werden die ganze Saison von Hanna bemuttert und sind jetzt (in) Flaschen. Mehr unter: www.hanna-glatzer.at\" \/>\n<meta property=\"og:url\" content=\"https:\/\/www.weingutglatzer.at\/de\/produkt\/hanna-glatzer-welschriesling\/\" \/>\n<meta property=\"og:site_name\" content=\"Weingut Glatzer\" \/>\n<meta property=\"article:modified_time\" content=\"2025-10-07T08:01:13+00:00\" \/>\n<meta property=\"og:image\" content=\"https:\/\/www.weingutglatzer.at\/wp-content\/uploads\/2022\/04\/Hanna-Glatzer-Welschriesing.png\" \/>\n\t<meta property=\"og:image:width\" content=\"745\" \/>\n\t<meta property=\"og:image:height\" content=\"745\" \/>\n\t<meta property=\"og:image:type\" content=\"image\/png\" \/>\n<meta name=\"twitter:card\" content=\"summary_large_image\" \/>\n<meta name=\"twitter:label1\" content=\"Gesch\u00e4tzte Lesezeit\" \/>\n\t<meta name=\"twitter:data1\" content=\"1\u00a0Minute\" \/>\n<script type=\"application\/ld+json\" class=\"yoast-schema-graph\">{\"@context\":\"https:\/\/schema.org\",\"@graph\":[{\"@type\":\"WebPage\",\"@id\":\"https:\/\/www.weingutglatzer.at\/de\/produkt\/hanna-glatzer-welschriesling\/\",\"url\":\"https:\/\/www.weingutglatzer.at\/de\/produkt\/hanna-glatzer-welschriesling\/\",\"name\":\"Hanna Glatzer Welschriesling 2024 BIO - Weingut Glatzer\",\"isPartOf\":{\"@id\":\"https:\/\/www.weingutglatzer.at\/de\/#website\"},\"primaryImageOfPage\":{\"@id\":\"https:\/\/www.weingutglatzer.at\/de\/produkt\/hanna-glatzer-welschriesling\/#primaryimage\"},\"image\":{\"@id\":\"https:\/\/www.weingutglatzer.at\/de\/produkt\/hanna-glatzer-welschriesling\/#primaryimage\"},\"thumbnailUrl\":\"https:\/\/www.weingutglatzer.at\/wp-content\/uploads\/2022\/04\/Hanna-Glatzer-Welschriesing.png\",\"datePublished\":\"2022-04-07T08:58:56+00:00\",\"dateModified\":\"2025-10-07T08:01:13+00:00\",\"description\":\"Hanna Glatzer sagt immer: \u201eNichts geht u\u0308ber meinen Wein, au\u00dfer ich selber!\u201c Die Cabernet Sauvignon Trauben werden die ganze Saison von Hanna bemuttert und sind jetzt (in) Flaschen. Mehr unter: www.hanna-glatzer.at\",\"breadcrumb\":{\"@id\":\"https:\/\/www.weingutglatzer.at\/de\/produkt\/hanna-glatzer-welschriesling\/#breadcrumb\"},\"inLanguage\":\"de\",\"potentialAction\":[{\"@type\":\"ReadAction\",\"target\":[\"https:\/\/www.weingutglatzer.at\/de\/produkt\/hanna-glatzer-welschriesling\/\"]}]},{\"@type\":\"ImageObject\",\"inLanguage\":\"de\",\"@id\":\"https:\/\/www.weingutglatzer.at\/de\/produkt\/hanna-glatzer-welschriesling\/#primaryimage\",\"url\":\"https:\/\/www.weingutglatzer.at\/wp-content\/uploads\/2022\/04\/Hanna-Glatzer-Welschriesing.png\",\"contentUrl\":\"https:\/\/www.weingutglatzer.at\/wp-content\/uploads\/2022\/04\/Hanna-Glatzer-Welschriesing.png\",\"width\":745,\"height\":745,\"caption\":\"Hanna Glatzer Welschriesing\"},{\"@type\":\"BreadcrumbList\",\"@id\":\"https:\/\/www.weingutglatzer.at\/de\/produkt\/hanna-glatzer-welschriesling\/#breadcrumb\",\"itemListElement\":[{\"@type\":\"ListItem\",\"position\":1,\"name\":\"Startseite\",\"item\":\"https:\/\/www.weingutglatzer.at\/de\/\"},{\"@type\":\"ListItem\",\"position\":2,\"name\":\"Shop\",\"item\":\"https:\/\/www.weingutglatzer.at\/de\/shop\/\"},{\"@type\":\"ListItem\",\"position\":3,\"name\":\"Hanna Glatzer Welschriesling 2024 BIO\"}]},{\"@type\":\"WebSite\",\"@id\":\"https:\/\/www.weingutglatzer.at\/de\/#website\",\"url\":\"https:\/\/www.weingutglatzer.at\/de\/\",\"name\":\"Weingut Glatzer\",\"description\":\"Carnuntum\",\"potentialAction\":[{\"@type\":\"SearchAction\",\"target\":{\"@type\":\"EntryPoint\",\"urlTemplate\":\"https:\/\/www.weingutglatzer.at\/de\/?s={search_term_string}\"},\"query-input\":{\"@type\":\"PropertyValueSpecification\",\"valueRequired\":true,\"valueName\":\"search_term_string\"}}],\"inLanguage\":\"de\"}]}<\/script>\n<!-- \/ Yoast SEO plugin. -->","yoast_head_json":{"title":"Hanna Glatzer Welschriesling 2024 BIO - Weingut Glatzer","description":"Hanna Glatzer sagt immer: \u201eNichts geht u\u0308ber meinen Wein, au\u00dfer ich selber!\u201c Die Cabernet Sauvignon Trauben werden die ganze Saison von Hanna bemuttert und sind jetzt (in) Flaschen. Mehr unter: www.hanna-glatzer.at","robots":{"index":"index","follow":"follow","max-snippet":"max-snippet:-1","max-image-preview":"max-image-preview:large","max-video-preview":"max-video-preview:-1"},"canonical":"https:\/\/www.weingutglatzer.at\/de\/produkt\/hanna-glatzer-welschriesling\/","og_locale":"de_DE","og_type":"article","og_title":"Hanna Glatzer Welschriesling 2024 BIO - Weingut Glatzer","og_description":"Hanna Glatzer sagt immer: \u201eNichts geht u\u0308ber meinen Wein, au\u00dfer ich selber!\u201c Die Cabernet Sauvignon Trauben werden die ganze Saison von Hanna bemuttert und sind jetzt (in) Flaschen. Mehr unter: www.hanna-glatzer.at","og_url":"https:\/\/www.weingutglatzer.at\/de\/produkt\/hanna-glatzer-welschriesling\/","og_site_name":"Weingut Glatzer","article_modified_time":"2025-10-07T08:01:13+00:00","og_image":[{"width":745,"height":745,"url":"https:\/\/www.weingutglatzer.at\/wp-content\/uploads\/2022\/04\/Hanna-Glatzer-Welschriesing.png","type":"image\/png"}],"twitter_card":"summary_large_image","twitter_misc":{"Gesch\u00e4tzte Lesezeit":"1\u00a0Minute"},"schema":{"@context":"https:\/\/schema.org","@graph":[{"@type":"WebPage","@id":"https:\/\/www.weingutglatzer.at\/de\/produkt\/hanna-glatzer-welschriesling\/","url":"https:\/\/www.weingutglatzer.at\/de\/produkt\/hanna-glatzer-welschriesling\/","name":"Hanna Glatzer Welschriesling 2024 BIO - Weingut Glatzer","isPartOf":{"@id":"https:\/\/www.weingutglatzer.at\/de\/#website"},"primaryImageOfPage":{"@id":"https:\/\/www.weingutglatzer.at\/de\/produkt\/hanna-glatzer-welschriesling\/#primaryimage"},"image":{"@id":"https:\/\/www.weingutglatzer.at\/de\/produkt\/hanna-glatzer-welschriesling\/#primaryimage"},"thumbnailUrl":"https:\/\/www.weingutglatzer.at\/wp-content\/uploads\/2022\/04\/Hanna-Glatzer-Welschriesing.png","datePublished":"2022-04-07T08:58:56+00:00","dateModified":"2025-10-07T08:01:13+00:00","description":"Hanna Glatzer sagt immer: \u201eNichts geht u\u0308ber meinen Wein, au\u00dfer ich selber!\u201c Die Cabernet Sauvignon Trauben werden die ganze Saison von Hanna bemuttert und sind jetzt (in) Flaschen. Mehr unter: www.hanna-glatzer.at","breadcrumb":{"@id":"https:\/\/www.weingutglatzer.at\/de\/produkt\/hanna-glatzer-welschriesling\/#breadcrumb"},"inLanguage":"de","potentialAction":[{"@type":"ReadAction","target":["https:\/\/www.weingutglatzer.at\/de\/produkt\/hanna-glatzer-welschriesling\/"]}]},{"@type":"ImageObject","inLanguage":"de","@id":"https:\/\/www.weingutglatzer.at\/de\/produkt\/hanna-glatzer-welschriesling\/#primaryimage","url":"https:\/\/www.weingutglatzer.at\/wp-content\/uploads\/2022\/04\/Hanna-Glatzer-Welschriesing.png","contentUrl":"https:\/\/www.weingutglatzer.at\/wp-content\/uploads\/2022\/04\/Hanna-Glatzer-Welschriesing.png","width":745,"height":745,"caption":"Hanna Glatzer Welschriesing"},{"@type":"BreadcrumbList","@id":"https:\/\/www.weingutglatzer.at\/de\/produkt\/hanna-glatzer-welschriesling\/#breadcrumb","itemListElement":[{"@type":"ListItem","position":1,"name":"Startseite","item":"https:\/\/www.weingutglatzer.at\/de\/"},{"@type":"ListItem","position":2,"name":"Shop","item":"https:\/\/www.weingutglatzer.at\/de\/shop\/"},{"@type":"ListItem","position":3,"name":"Hanna Glatzer Welschriesling 2024 BIO"}]},{"@type":"WebSite","@id":"https:\/\/www.weingutglatzer.at\/de\/#website","url":"https:\/\/www.weingutglatzer.at\/de\/","name":"Weingut Glatzer","description":"Carnuntum","potentialAction":[{"@type":"SearchAction","target":{"@type":"EntryPoint","urlTemplate":"https:\/\/www.weingutglatzer.at\/de\/?s={search_term_string}"},"query-input":{"@type":"PropertyValueSpecification","valueRequired":true,"valueName":"search_term_string"}}],"inLanguage":"de"}]}},"_links":{"self":[{"href":"https:\/\/www.weingutglatzer.at\/de\/wp-json\/wp\/v2\/product\/9312","targetHints":{"allow":["GET"]}}],"collection":[{"href":"https:\/\/www.weingutglatzer.at\/de\/wp-json\/wp\/v2\/product"}],"about":[{"href":"https:\/\/www.weingutglatzer.at\/de\/wp-json\/wp\/v2\/types\/product"}],"replies":[{"embeddable":true,"href":"https:\/\/www.weingutglatzer.at\/de\/wp-json\/wp\/v2\/comments?post=9312"}],"wp:featuredmedia":[{"embeddable":true,"href":"https:\/\/www.weingutglatzer.at\/de\/wp-json\/wp\/v2\/media\/9314"}],"wp:attachment":[{"href":"https:\/\/www.weingutglatzer.at\/de\/wp-json\/wp\/v2\/media?parent=9312"}],"wp:term":[{"taxonomy":"product_brand","embeddable":true,"href":"https:\/\/www.weingutglatzer.at\/de\/wp-json\/wp\/v2\/product_brand?post=9312"},{"taxonomy":"product_cat","embeddable":true,"href":"https:\/\/www.weingutglatzer.at\/de\/wp-json\/wp\/v2\/product_cat?post=9312"},{"taxonomy":"product_tag","embeddable":true,"href":"https:\/\/www.weingutglatzer.at\/de\/wp-json\/wp\/v2\/product_tag?post=9312"}],"curies":[{"name":"wp","href":"https:\/\/api.w.org\/{rel}","templated":true}]}}