{"id":7049,"date":"2021-03-26T09:47:08","date_gmt":"2021-03-26T08:47:08","guid":{"rendered":"https:\/\/www.weingutglatzer.at\/?post_type=product&#038;p=7049"},"modified":"2021-07-12T09:55:11","modified_gmt":"2021-07-12T07:55:11","slug":"flaschenoeffner","status":"publish","type":"product","link":"https:\/\/www.weingutglatzer.at\/de\/produkt\/flaschenoeffner\/","title":{"rendered":"Flaschen\u00f6ffner"},"content":{"rendered":"<p>Flaschen\u00f6ffner der Marke Pulltab&#8217;s, wei\u00df<\/p>\n","protected":false},"excerpt":{"rendered":"<p>Flaschen\u00f6ffner der Marke Pulltab&#8217;s, wei\u00df<\/p>\n","protected":false},"featured_media":7051,"comment_status":"open","ping_status":"closed","template":"","meta":{"_acf_changed":false},"product_brand":[],"product_cat":[184],"product_tag":[],"class_list":{"0":"post-7049","1":"product","2":"type-product","3":"status-publish","4":"has-post-thumbnail","6":"product_cat-weinzubehoer","8":"first","9":"instock","10":"taxable","11":"shipping-taxable","12":"purchasable","13":"product-type-simple"},"acf":[],"yoast_head":"<!-- This site is optimized with the Yoast SEO plugin v26.4 - https:\/\/yoast.com\/wordpress\/plugins\/seo\/ -->\n<title>Flaschen\u00f6ffner - Weingut Glatzer<\/title>\n<meta name=\"robots\" content=\"index, follow, max-snippet:-1, max-image-preview:large, max-video-preview:-1\" \/>\n<link rel=\"canonical\" href=\"https:\/\/www.weingutglatzer.at\/de\/produkt\/flaschenoeffner\/\" \/>\n<meta property=\"og:locale\" content=\"de_DE\" \/>\n<meta property=\"og:type\" content=\"article\" \/>\n<meta property=\"og:title\" content=\"Flaschen\u00f6ffner - Weingut Glatzer\" \/>\n<meta property=\"og:description\" content=\"Flaschen\u00f6ffner der Marke Pulltab&#039;s, wei\u00df\" \/>\n<meta property=\"og:url\" content=\"https:\/\/www.weingutglatzer.at\/de\/produkt\/flaschenoeffner\/\" \/>\n<meta property=\"og:site_name\" content=\"Weingut Glatzer\" \/>\n<meta property=\"article:modified_time\" content=\"2021-07-12T07:55:11+00:00\" \/>\n<meta property=\"og:image\" content=\"https:\/\/www.weingutglatzer.at\/wp-content\/uploads\/2021\/03\/Flascheno\u0308ffner-Shop.png\" \/>\n\t<meta property=\"og:image:width\" content=\"366\" \/>\n\t<meta property=\"og:image:height\" content=\"366\" \/>\n\t<meta property=\"og:image:type\" content=\"image\/png\" \/>\n<meta name=\"twitter:card\" content=\"summary_large_image\" \/>\n<script type=\"application\/ld+json\" class=\"yoast-schema-graph\">{\"@context\":\"https:\/\/schema.org\",\"@graph\":[{\"@type\":\"WebPage\",\"@id\":\"https:\/\/www.weingutglatzer.at\/de\/produkt\/flaschenoeffner\/\",\"url\":\"https:\/\/www.weingutglatzer.at\/de\/produkt\/flaschenoeffner\/\",\"name\":\"Flaschen\u00f6ffner - Weingut Glatzer\",\"isPartOf\":{\"@id\":\"https:\/\/www.weingutglatzer.at\/de\/#website\"},\"primaryImageOfPage\":{\"@id\":\"https:\/\/www.weingutglatzer.at\/de\/produkt\/flaschenoeffner\/#primaryimage\"},\"image\":{\"@id\":\"https:\/\/www.weingutglatzer.at\/de\/produkt\/flaschenoeffner\/#primaryimage\"},\"thumbnailUrl\":\"https:\/\/www.weingutglatzer.at\/wp-content\/uploads\/2021\/03\/Flascheno\u0308ffner-Shop.png\",\"datePublished\":\"2021-03-26T08:47:08+00:00\",\"dateModified\":\"2021-07-12T07:55:11+00:00\",\"breadcrumb\":{\"@id\":\"https:\/\/www.weingutglatzer.at\/de\/produkt\/flaschenoeffner\/#breadcrumb\"},\"inLanguage\":\"de\",\"potentialAction\":[{\"@type\":\"ReadAction\",\"target\":[\"https:\/\/www.weingutglatzer.at\/de\/produkt\/flaschenoeffner\/\"]}]},{\"@type\":\"ImageObject\",\"inLanguage\":\"de\",\"@id\":\"https:\/\/www.weingutglatzer.at\/de\/produkt\/flaschenoeffner\/#primaryimage\",\"url\":\"https:\/\/www.weingutglatzer.at\/wp-content\/uploads\/2021\/03\/Flascheno\u0308ffner-Shop.png\",\"contentUrl\":\"https:\/\/www.weingutglatzer.at\/wp-content\/uploads\/2021\/03\/Flascheno\u0308ffner-Shop.png\",\"width\":366,\"height\":366,\"caption\":\"Flaschen\u00f6ffner\"},{\"@type\":\"BreadcrumbList\",\"@id\":\"https:\/\/www.weingutglatzer.at\/de\/produkt\/flaschenoeffner\/#breadcrumb\",\"itemListElement\":[{\"@type\":\"ListItem\",\"position\":1,\"name\":\"Startseite\",\"item\":\"https:\/\/www.weingutglatzer.at\/de\/\"},{\"@type\":\"ListItem\",\"position\":2,\"name\":\"Shop\",\"item\":\"https:\/\/www.weingutglatzer.at\/de\/shop\/\"},{\"@type\":\"ListItem\",\"position\":3,\"name\":\"Flaschen\u00f6ffner\"}]},{\"@type\":\"WebSite\",\"@id\":\"https:\/\/www.weingutglatzer.at\/de\/#website\",\"url\":\"https:\/\/www.weingutglatzer.at\/de\/\",\"name\":\"Weingut Glatzer\",\"description\":\"Carnuntum\",\"potentialAction\":[{\"@type\":\"SearchAction\",\"target\":{\"@type\":\"EntryPoint\",\"urlTemplate\":\"https:\/\/www.weingutglatzer.at\/de\/?s={search_term_string}\"},\"query-input\":{\"@type\":\"PropertyValueSpecification\",\"valueRequired\":true,\"valueName\":\"search_term_string\"}}],\"inLanguage\":\"de\"}]}<\/script>\n<!-- \/ Yoast SEO plugin. -->","yoast_head_json":{"title":"Flaschen\u00f6ffner - Weingut Glatzer","robots":{"index":"index","follow":"follow","max-snippet":"max-snippet:-1","max-image-preview":"max-image-preview:large","max-video-preview":"max-video-preview:-1"},"canonical":"https:\/\/www.weingutglatzer.at\/de\/produkt\/flaschenoeffner\/","og_locale":"de_DE","og_type":"article","og_title":"Flaschen\u00f6ffner - Weingut Glatzer","og_description":"Flaschen\u00f6ffner der Marke Pulltab's, wei\u00df","og_url":"https:\/\/www.weingutglatzer.at\/de\/produkt\/flaschenoeffner\/","og_site_name":"Weingut Glatzer","article_modified_time":"2021-07-12T07:55:11+00:00","og_image":[{"width":366,"height":366,"url":"https:\/\/www.weingutglatzer.at\/wp-content\/uploads\/2021\/03\/Flascheno\u0308ffner-Shop.png","type":"image\/png"}],"twitter_card":"summary_large_image","schema":{"@context":"https:\/\/schema.org","@graph":[{"@type":"WebPage","@id":"https:\/\/www.weingutglatzer.at\/de\/produkt\/flaschenoeffner\/","url":"https:\/\/www.weingutglatzer.at\/de\/produkt\/flaschenoeffner\/","name":"Flaschen\u00f6ffner - Weingut Glatzer","isPartOf":{"@id":"https:\/\/www.weingutglatzer.at\/de\/#website"},"primaryImageOfPage":{"@id":"https:\/\/www.weingutglatzer.at\/de\/produkt\/flaschenoeffner\/#primaryimage"},"image":{"@id":"https:\/\/www.weingutglatzer.at\/de\/produkt\/flaschenoeffner\/#primaryimage"},"thumbnailUrl":"https:\/\/www.weingutglatzer.at\/wp-content\/uploads\/2021\/03\/Flascheno\u0308ffner-Shop.png","datePublished":"2021-03-26T08:47:08+00:00","dateModified":"2021-07-12T07:55:11+00:00","breadcrumb":{"@id":"https:\/\/www.weingutglatzer.at\/de\/produkt\/flaschenoeffner\/#breadcrumb"},"inLanguage":"de","potentialAction":[{"@type":"ReadAction","target":["https:\/\/www.weingutglatzer.at\/de\/produkt\/flaschenoeffner\/"]}]},{"@type":"ImageObject","inLanguage":"de","@id":"https:\/\/www.weingutglatzer.at\/de\/produkt\/flaschenoeffner\/#primaryimage","url":"https:\/\/www.weingutglatzer.at\/wp-content\/uploads\/2021\/03\/Flascheno\u0308ffner-Shop.png","contentUrl":"https:\/\/www.weingutglatzer.at\/wp-content\/uploads\/2021\/03\/Flascheno\u0308ffner-Shop.png","width":366,"height":366,"caption":"Flaschen\u00f6ffner"},{"@type":"BreadcrumbList","@id":"https:\/\/www.weingutglatzer.at\/de\/produkt\/flaschenoeffner\/#breadcrumb","itemListElement":[{"@type":"ListItem","position":1,"name":"Startseite","item":"https:\/\/www.weingutglatzer.at\/de\/"},{"@type":"ListItem","position":2,"name":"Shop","item":"https:\/\/www.weingutglatzer.at\/de\/shop\/"},{"@type":"ListItem","position":3,"name":"Flaschen\u00f6ffner"}]},{"@type":"WebSite","@id":"https:\/\/www.weingutglatzer.at\/de\/#website","url":"https:\/\/www.weingutglatzer.at\/de\/","name":"Weingut Glatzer","description":"Carnuntum","potentialAction":[{"@type":"SearchAction","target":{"@type":"EntryPoint","urlTemplate":"https:\/\/www.weingutglatzer.at\/de\/?s={search_term_string}"},"query-input":{"@type":"PropertyValueSpecification","valueRequired":true,"valueName":"search_term_string"}}],"inLanguage":"de"}]}},"_links":{"self":[{"href":"https:\/\/www.weingutglatzer.at\/de\/wp-json\/wp\/v2\/product\/7049","targetHints":{"allow":["GET"]}}],"collection":[{"href":"https:\/\/www.weingutglatzer.at\/de\/wp-json\/wp\/v2\/product"}],"about":[{"href":"https:\/\/www.weingutglatzer.at\/de\/wp-json\/wp\/v2\/types\/product"}],"replies":[{"embeddable":true,"href":"https:\/\/www.weingutglatzer.at\/de\/wp-json\/wp\/v2\/comments?post=7049"}],"wp:featuredmedia":[{"embeddable":true,"href":"https:\/\/www.weingutglatzer.at\/de\/wp-json\/wp\/v2\/media\/7051"}],"wp:attachment":[{"href":"https:\/\/www.weingutglatzer.at\/de\/wp-json\/wp\/v2\/media?parent=7049"}],"wp:term":[{"taxonomy":"product_brand","embeddable":true,"href":"https:\/\/www.weingutglatzer.at\/de\/wp-json\/wp\/v2\/product_brand?post=7049"},{"taxonomy":"product_cat","embeddable":true,"href":"https:\/\/www.weingutglatzer.at\/de\/wp-json\/wp\/v2\/product_cat?post=7049"},{"taxonomy":"product_tag","embeddable":true,"href":"https:\/\/www.weingutglatzer.at\/de\/wp-json\/wp\/v2\/product_tag?post=7049"}],"curies":[{"name":"wp","href":"https:\/\/api.w.org\/{rel}","templated":true}]}}