{"id":3293,"date":"2020-03-16T18:59:48","date_gmt":"2020-03-16T17:59:48","guid":{"rendered":"https:\/\/www.weingutglatzer.at\/?post_type=product&#038;p=3293"},"modified":"2025-11-14T07:04:08","modified_gmt":"2025-11-14T06:04:08","slug":"blaufraenkisch-ried-bernreiser-2015-neu","status":"publish","type":"product","link":"https:\/\/www.weingutglatzer.at\/de\/produkt\/blaufraenkisch-ried-bernreiser-2015-neu\/","title":{"rendered":"Blaufr\u00e4nkisch Ried B\u00e4rnreiser 2022 1\u00d6TW BIO DAC"},"content":{"rendered":"","protected":false},"excerpt":{"rendered":"<p><strong>Eigenschaften:<\/strong> dunkles Rubingranat, zart tabakig unterlegte Waldbeernoten, Lakritze und Cassis, fester K\u00f6rper, strukturiert,\u00a0 kreidig mineralisch &#8211; anhaltend am Gaumen, gro\u00dfes Potential<br \/>\n<strong>Herkunft &amp; Boden:\u00a0<\/strong>ein sehr karger, lehmiger Boden, reich an Kies\u00a0 im Untergrund, mit hohem Kalk und Mineral Gehalt<br \/>\n<strong>Ernte: <\/strong>Mitte Oktober 2022<br \/>\n<strong>Alkohol:\u00a0<\/strong>14,0 % Vol.<br \/>\n<strong>Mostgewicht bei der Lese:\u00a0<\/strong>19,5\u00b0 KMW<br \/>\n<strong>Vinifikation &amp; Ausbau:\u00a0<\/strong>dreiw\u00f6chige Maischestandzeit\u00a0 offenen Doppelbarriquef\u00e4ssern, danach 16-monatiger Ausbau in 50 % neuen 500l F\u00e4ssern<br \/>\n<strong>Speisenempfehlung:\u00a0<\/strong>Wild,Steak, Lamm,\u00a0 Bergk\u00e4se, Bitterschokolade<\/p>\n","protected":false},"featured_media":3294,"comment_status":"open","ping_status":"closed","template":"","meta":{"_acf_changed":false},"product_brand":[],"product_cat":[73],"product_tag":[],"class_list":{"0":"post-3293","1":"product","2":"type-product","3":"status-publish","4":"has-post-thumbnail","6":"product_cat-rotwein","8":"first","9":"instock","10":"taxable","11":"shipping-taxable","12":"purchasable","13":"product-type-simple"},"acf":[],"yoast_head":"<!-- This site is optimized with the Yoast SEO plugin v26.4 - https:\/\/yoast.com\/wordpress\/plugins\/seo\/ -->\n<title>Blaufr\u00e4nkisch Ried B\u00e4rnreiser 2022 1\u00d6TW BIO DAC - Weingut Glatzer<\/title>\n<meta name=\"robots\" content=\"index, follow, max-snippet:-1, max-image-preview:large, max-video-preview:-1\" \/>\n<link rel=\"canonical\" href=\"https:\/\/www.weingutglatzer.at\/de\/produkt\/blaufraenkisch-ried-bernreiser-2015-neu\/\" \/>\n<meta property=\"og:locale\" content=\"de_DE\" \/>\n<meta property=\"og:type\" content=\"article\" \/>\n<meta property=\"og:title\" content=\"Blaufr\u00e4nkisch Ried B\u00e4rnreiser 2022 1\u00d6TW BIO DAC - Weingut Glatzer\" \/>\n<meta property=\"og:description\" content=\"Eigenschaften: dunkles Rubingranat, zart tabakig unterlegte Waldbeernoten, Lakritze und Cassis, fester K\u00f6rper, strukturiert,\u00a0 kreidig mineralisch - anhaltend am Gaumen, gro\u00dfes Potential Herkunft &amp; Boden:\u00a0ein sehr karger, lehmiger Boden, reich an Kies\u00a0 im Untergrund, mit hohem Kalk und Mineral Gehalt Ernte: Mitte Oktober 2022 Alkohol:\u00a014,0 % Vol. Mostgewicht bei der Lese:\u00a019,5\u00b0 KMW Vinifikation &amp; Ausbau:\u00a0dreiw\u00f6chige Maischestandzeit\u00a0 offenen Doppelbarriquef\u00e4ssern, danach 16-monatiger Ausbau in 50 % neuen 500l F\u00e4ssern Speisenempfehlung:\u00a0Wild,Steak, Lamm,\u00a0 Bergk\u00e4se, Bitterschokolade\" \/>\n<meta property=\"og:url\" content=\"https:\/\/www.weingutglatzer.at\/de\/produkt\/blaufraenkisch-ried-bernreiser-2015-neu\/\" \/>\n<meta property=\"og:site_name\" content=\"Weingut Glatzer\" \/>\n<meta property=\"article:modified_time\" content=\"2025-11-14T06:04:08+00:00\" \/>\n<meta property=\"og:image\" content=\"https:\/\/www.weingutglatzer.at\/wp-content\/uploads\/2020\/03\/Ried-Ba\u2560\u00earnreiser.png\" \/>\n\t<meta property=\"og:image:width\" content=\"677\" \/>\n\t<meta property=\"og:image:height\" content=\"900\" \/>\n\t<meta property=\"og:image:type\" content=\"image\/png\" \/>\n<meta name=\"twitter:card\" content=\"summary_large_image\" \/>\n<meta name=\"twitter:label1\" content=\"Gesch\u00e4tzte Lesezeit\" \/>\n\t<meta name=\"twitter:data1\" content=\"1\u00a0Minute\" \/>\n<script type=\"application\/ld+json\" class=\"yoast-schema-graph\">{\"@context\":\"https:\/\/schema.org\",\"@graph\":[{\"@type\":\"WebPage\",\"@id\":\"https:\/\/www.weingutglatzer.at\/de\/produkt\/blaufraenkisch-ried-bernreiser-2015-neu\/\",\"url\":\"https:\/\/www.weingutglatzer.at\/de\/produkt\/blaufraenkisch-ried-bernreiser-2015-neu\/\",\"name\":\"Blaufr\u00e4nkisch Ried B\u00e4rnreiser 2022 1\u00d6TW BIO DAC - Weingut Glatzer\",\"isPartOf\":{\"@id\":\"https:\/\/www.weingutglatzer.at\/de\/#website\"},\"primaryImageOfPage\":{\"@id\":\"https:\/\/www.weingutglatzer.at\/de\/produkt\/blaufraenkisch-ried-bernreiser-2015-neu\/#primaryimage\"},\"image\":{\"@id\":\"https:\/\/www.weingutglatzer.at\/de\/produkt\/blaufraenkisch-ried-bernreiser-2015-neu\/#primaryimage\"},\"thumbnailUrl\":\"https:\/\/www.weingutglatzer.at\/wp-content\/uploads\/2020\/03\/Ried-Ba\u2560\u00earnreiser.png\",\"datePublished\":\"2020-03-16T17:59:48+00:00\",\"dateModified\":\"2025-11-14T06:04:08+00:00\",\"breadcrumb\":{\"@id\":\"https:\/\/www.weingutglatzer.at\/de\/produkt\/blaufraenkisch-ried-bernreiser-2015-neu\/#breadcrumb\"},\"inLanguage\":\"de\",\"potentialAction\":[{\"@type\":\"ReadAction\",\"target\":[\"https:\/\/www.weingutglatzer.at\/de\/produkt\/blaufraenkisch-ried-bernreiser-2015-neu\/\"]}]},{\"@type\":\"ImageObject\",\"inLanguage\":\"de\",\"@id\":\"https:\/\/www.weingutglatzer.at\/de\/produkt\/blaufraenkisch-ried-bernreiser-2015-neu\/#primaryimage\",\"url\":\"https:\/\/www.weingutglatzer.at\/wp-content\/uploads\/2020\/03\/Ried-Ba\u2560\u00earnreiser.png\",\"contentUrl\":\"https:\/\/www.weingutglatzer.at\/wp-content\/uploads\/2020\/03\/Ried-Ba\u2560\u00earnreiser.png\",\"width\":677,\"height\":900},{\"@type\":\"BreadcrumbList\",\"@id\":\"https:\/\/www.weingutglatzer.at\/de\/produkt\/blaufraenkisch-ried-bernreiser-2015-neu\/#breadcrumb\",\"itemListElement\":[{\"@type\":\"ListItem\",\"position\":1,\"name\":\"Startseite\",\"item\":\"https:\/\/www.weingutglatzer.at\/de\/\"},{\"@type\":\"ListItem\",\"position\":2,\"name\":\"Shop\",\"item\":\"https:\/\/www.weingutglatzer.at\/de\/shop\/\"},{\"@type\":\"ListItem\",\"position\":3,\"name\":\"Blaufr\u00e4nkisch Ried B\u00e4rnreiser 2022 1\u00d6TW BIO DAC\"}]},{\"@type\":\"WebSite\",\"@id\":\"https:\/\/www.weingutglatzer.at\/de\/#website\",\"url\":\"https:\/\/www.weingutglatzer.at\/de\/\",\"name\":\"Weingut Glatzer\",\"description\":\"Carnuntum\",\"potentialAction\":[{\"@type\":\"SearchAction\",\"target\":{\"@type\":\"EntryPoint\",\"urlTemplate\":\"https:\/\/www.weingutglatzer.at\/de\/?s={search_term_string}\"},\"query-input\":{\"@type\":\"PropertyValueSpecification\",\"valueRequired\":true,\"valueName\":\"search_term_string\"}}],\"inLanguage\":\"de\"}]}<\/script>\n<!-- \/ Yoast SEO plugin. -->","yoast_head_json":{"title":"Blaufr\u00e4nkisch Ried B\u00e4rnreiser 2022 1\u00d6TW BIO DAC - Weingut Glatzer","robots":{"index":"index","follow":"follow","max-snippet":"max-snippet:-1","max-image-preview":"max-image-preview:large","max-video-preview":"max-video-preview:-1"},"canonical":"https:\/\/www.weingutglatzer.at\/de\/produkt\/blaufraenkisch-ried-bernreiser-2015-neu\/","og_locale":"de_DE","og_type":"article","og_title":"Blaufr\u00e4nkisch Ried B\u00e4rnreiser 2022 1\u00d6TW BIO DAC - Weingut Glatzer","og_description":"Eigenschaften: dunkles Rubingranat, zart tabakig unterlegte Waldbeernoten, Lakritze und Cassis, fester K\u00f6rper, strukturiert,\u00a0 kreidig mineralisch - anhaltend am Gaumen, gro\u00dfes Potential Herkunft &amp; Boden:\u00a0ein sehr karger, lehmiger Boden, reich an Kies\u00a0 im Untergrund, mit hohem Kalk und Mineral Gehalt Ernte: Mitte Oktober 2022 Alkohol:\u00a014,0 % Vol. Mostgewicht bei der Lese:\u00a019,5\u00b0 KMW Vinifikation &amp; Ausbau:\u00a0dreiw\u00f6chige Maischestandzeit\u00a0 offenen Doppelbarriquef\u00e4ssern, danach 16-monatiger Ausbau in 50 % neuen 500l F\u00e4ssern Speisenempfehlung:\u00a0Wild,Steak, Lamm,\u00a0 Bergk\u00e4se, Bitterschokolade","og_url":"https:\/\/www.weingutglatzer.at\/de\/produkt\/blaufraenkisch-ried-bernreiser-2015-neu\/","og_site_name":"Weingut Glatzer","article_modified_time":"2025-11-14T06:04:08+00:00","og_image":[{"width":677,"height":900,"url":"https:\/\/www.weingutglatzer.at\/wp-content\/uploads\/2020\/03\/Ried-Ba\u2560\u00earnreiser.png","type":"image\/png"}],"twitter_card":"summary_large_image","twitter_misc":{"Gesch\u00e4tzte Lesezeit":"1\u00a0Minute"},"schema":{"@context":"https:\/\/schema.org","@graph":[{"@type":"WebPage","@id":"https:\/\/www.weingutglatzer.at\/de\/produkt\/blaufraenkisch-ried-bernreiser-2015-neu\/","url":"https:\/\/www.weingutglatzer.at\/de\/produkt\/blaufraenkisch-ried-bernreiser-2015-neu\/","name":"Blaufr\u00e4nkisch Ried B\u00e4rnreiser 2022 1\u00d6TW BIO DAC - Weingut Glatzer","isPartOf":{"@id":"https:\/\/www.weingutglatzer.at\/de\/#website"},"primaryImageOfPage":{"@id":"https:\/\/www.weingutglatzer.at\/de\/produkt\/blaufraenkisch-ried-bernreiser-2015-neu\/#primaryimage"},"image":{"@id":"https:\/\/www.weingutglatzer.at\/de\/produkt\/blaufraenkisch-ried-bernreiser-2015-neu\/#primaryimage"},"thumbnailUrl":"https:\/\/www.weingutglatzer.at\/wp-content\/uploads\/2020\/03\/Ried-Ba\u2560\u00earnreiser.png","datePublished":"2020-03-16T17:59:48+00:00","dateModified":"2025-11-14T06:04:08+00:00","breadcrumb":{"@id":"https:\/\/www.weingutglatzer.at\/de\/produkt\/blaufraenkisch-ried-bernreiser-2015-neu\/#breadcrumb"},"inLanguage":"de","potentialAction":[{"@type":"ReadAction","target":["https:\/\/www.weingutglatzer.at\/de\/produkt\/blaufraenkisch-ried-bernreiser-2015-neu\/"]}]},{"@type":"ImageObject","inLanguage":"de","@id":"https:\/\/www.weingutglatzer.at\/de\/produkt\/blaufraenkisch-ried-bernreiser-2015-neu\/#primaryimage","url":"https:\/\/www.weingutglatzer.at\/wp-content\/uploads\/2020\/03\/Ried-Ba\u2560\u00earnreiser.png","contentUrl":"https:\/\/www.weingutglatzer.at\/wp-content\/uploads\/2020\/03\/Ried-Ba\u2560\u00earnreiser.png","width":677,"height":900},{"@type":"BreadcrumbList","@id":"https:\/\/www.weingutglatzer.at\/de\/produkt\/blaufraenkisch-ried-bernreiser-2015-neu\/#breadcrumb","itemListElement":[{"@type":"ListItem","position":1,"name":"Startseite","item":"https:\/\/www.weingutglatzer.at\/de\/"},{"@type":"ListItem","position":2,"name":"Shop","item":"https:\/\/www.weingutglatzer.at\/de\/shop\/"},{"@type":"ListItem","position":3,"name":"Blaufr\u00e4nkisch Ried B\u00e4rnreiser 2022 1\u00d6TW BIO DAC"}]},{"@type":"WebSite","@id":"https:\/\/www.weingutglatzer.at\/de\/#website","url":"https:\/\/www.weingutglatzer.at\/de\/","name":"Weingut Glatzer","description":"Carnuntum","potentialAction":[{"@type":"SearchAction","target":{"@type":"EntryPoint","urlTemplate":"https:\/\/www.weingutglatzer.at\/de\/?s={search_term_string}"},"query-input":{"@type":"PropertyValueSpecification","valueRequired":true,"valueName":"search_term_string"}}],"inLanguage":"de"}]}},"_links":{"self":[{"href":"https:\/\/www.weingutglatzer.at\/de\/wp-json\/wp\/v2\/product\/3293","targetHints":{"allow":["GET"]}}],"collection":[{"href":"https:\/\/www.weingutglatzer.at\/de\/wp-json\/wp\/v2\/product"}],"about":[{"href":"https:\/\/www.weingutglatzer.at\/de\/wp-json\/wp\/v2\/types\/product"}],"replies":[{"embeddable":true,"href":"https:\/\/www.weingutglatzer.at\/de\/wp-json\/wp\/v2\/comments?post=3293"}],"wp:featuredmedia":[{"embeddable":true,"href":"https:\/\/www.weingutglatzer.at\/de\/wp-json\/wp\/v2\/media\/3294"}],"wp:attachment":[{"href":"https:\/\/www.weingutglatzer.at\/de\/wp-json\/wp\/v2\/media?parent=3293"}],"wp:term":[{"taxonomy":"product_brand","embeddable":true,"href":"https:\/\/www.weingutglatzer.at\/de\/wp-json\/wp\/v2\/product_brand?post=3293"},{"taxonomy":"product_cat","embeddable":true,"href":"https:\/\/www.weingutglatzer.at\/de\/wp-json\/wp\/v2\/product_cat?post=3293"},{"taxonomy":"product_tag","embeddable":true,"href":"https:\/\/www.weingutglatzer.at\/de\/wp-json\/wp\/v2\/product_tag?post=3293"}],"curies":[{"name":"wp","href":"https:\/\/api.w.org\/{rel}","templated":true}]}}