{"id":1419,"date":"2015-08-19T18:30:46","date_gmt":"2015-08-19T16:30:46","guid":{"rendered":"http:\/\/walterglatzer.at\/?post_type=product&#038;p=147"},"modified":"2026-04-30T13:22:13","modified_gmt":"2026-04-30T11:22:13","slug":"merlot-haidacker-2012","status":"publish","type":"product","link":"https:\/\/www.weingutglatzer.at\/de\/produkt\/merlot-haidacker-2012\/","title":{"rendered":"Merlot Reserve 2023 BIO"},"content":{"rendered":"<p>Merlot Reserve Jahrgang 2022\u00a0 ist\u00a0 in Bio und Nachfolge Wein von Merlot Haidacker<\/p>\n","protected":false},"excerpt":{"rendered":"<p><strong>Eigenschaften:\u00a0<\/strong>tiefdunkles Rubingranat mit opakem Kern, k\u00fchlw\u00fcrziger Duft nach dunklen Beeren und ged\u00f6rrten Zwetschken, Ankl\u00e4nge von feinem Cassis, kr\u00e4ftiger K\u00f6rper, feine L\u00e4nge und markante Tannine im Abgang<br \/>\n<strong>Herkunft &amp; Boden:\u00a0<\/strong>kr\u00e4ftiger Lehmboden mit Ton Einschl\u00fcssen und Donauschotter Unterlage<br \/>\n<strong>Ernte: <\/strong>03. Oktober 20226<br \/>\n<strong>Alkohol: <\/strong>14,05 % Vol.<br \/>\n<strong>Mostgewicht bei der Lese:\u00a0<\/strong>20,0\u00b0 KMW<br \/>\n<strong>Vinifikation &amp; Ausbau:\u00a0<\/strong>spontane Verg\u00e4rung, dreiw\u00f6chige Maischestandzeit, danach 14-monatiger Ausbau (30% neu) in kleinen Holzf\u00e4ssern<br \/>\n<strong>Speisenempfehlung:\u00a0<\/strong>Lammbraten, gebratenes Rind, Reh und Hirsch, sowie viele Hartk\u00e4se<\/p>\n","protected":false},"featured_media":12576,"comment_status":"open","ping_status":"closed","template":"","meta":{"_acf_changed":false},"product_brand":[],"product_cat":[73],"product_tag":[],"class_list":{"0":"post-1419","1":"product","2":"type-product","3":"status-publish","4":"has-post-thumbnail","6":"product_cat-rotwein","8":"first","9":"instock","10":"taxable","11":"shipping-taxable","12":"purchasable","13":"product-type-simple"},"acf":[],"yoast_head":"<!-- This site is optimized with the Yoast SEO plugin v26.4 - https:\/\/yoast.com\/wordpress\/plugins\/seo\/ -->\n<title>Merlot Reserve 2023 BIO - Weingut Glatzer<\/title>\n<meta name=\"robots\" content=\"index, follow, max-snippet:-1, max-image-preview:large, max-video-preview:-1\" \/>\n<link rel=\"canonical\" href=\"https:\/\/www.weingutglatzer.at\/de\/produkt\/merlot-haidacker-2012\/\" \/>\n<meta property=\"og:locale\" content=\"de_DE\" \/>\n<meta property=\"og:type\" content=\"article\" \/>\n<meta property=\"og:title\" content=\"Merlot Reserve 2023 BIO - Weingut Glatzer\" \/>\n<meta property=\"og:description\" content=\"Eigenschaften:\u00a0tiefdunkles Rubingranat mit opakem Kern, k\u00fchlw\u00fcrziger Duft nach dunklen Beeren und ged\u00f6rrten Zwetschken, Ankl\u00e4nge von feinem Cassis, kr\u00e4ftiger K\u00f6rper, feine L\u00e4nge und markante Tannine im Abgang Herkunft &amp; Boden:\u00a0kr\u00e4ftiger Lehmboden mit Ton Einschl\u00fcssen und Donauschotter Unterlage Ernte: 03. Oktober 20226 Alkohol: 14,05 % Vol. Mostgewicht bei der Lese:\u00a020,0\u00b0 KMW Vinifikation &amp; Ausbau:\u00a0spontane Verg\u00e4rung, dreiw\u00f6chige Maischestandzeit, danach 14-monatiger Ausbau (30% neu) in kleinen Holzf\u00e4ssern Speisenempfehlung:\u00a0Lammbraten, gebratenes Rind, Reh und Hirsch, sowie viele Hartk\u00e4se\" \/>\n<meta property=\"og:url\" content=\"https:\/\/www.weingutglatzer.at\/de\/produkt\/merlot-haidacker-2012\/\" \/>\n<meta property=\"og:site_name\" content=\"Weingut Glatzer\" \/>\n<meta property=\"article:modified_time\" content=\"2026-04-30T11:22:13+00:00\" \/>\n<meta property=\"og:image\" content=\"https:\/\/www.weingutglatzer.at\/wp-content\/uploads\/2015\/08\/Merlot_Reserve-min-scaled.jpg\" \/>\n\t<meta property=\"og:image:width\" content=\"1707\" \/>\n\t<meta property=\"og:image:height\" content=\"2560\" \/>\n\t<meta property=\"og:image:type\" content=\"image\/jpeg\" \/>\n<meta name=\"twitter:card\" content=\"summary_large_image\" \/>\n<meta name=\"twitter:label1\" content=\"Gesch\u00e4tzte Lesezeit\" \/>\n\t<meta name=\"twitter:data1\" content=\"1\u00a0Minute\" \/>\n<script type=\"application\/ld+json\" class=\"yoast-schema-graph\">{\"@context\":\"https:\/\/schema.org\",\"@graph\":[{\"@type\":\"WebPage\",\"@id\":\"https:\/\/www.weingutglatzer.at\/de\/produkt\/merlot-haidacker-2012\/\",\"url\":\"https:\/\/www.weingutglatzer.at\/de\/produkt\/merlot-haidacker-2012\/\",\"name\":\"Merlot Reserve 2023 BIO - Weingut Glatzer\",\"isPartOf\":{\"@id\":\"https:\/\/www.weingutglatzer.at\/de\/#website\"},\"primaryImageOfPage\":{\"@id\":\"https:\/\/www.weingutglatzer.at\/de\/produkt\/merlot-haidacker-2012\/#primaryimage\"},\"image\":{\"@id\":\"https:\/\/www.weingutglatzer.at\/de\/produkt\/merlot-haidacker-2012\/#primaryimage\"},\"thumbnailUrl\":\"https:\/\/www.weingutglatzer.at\/wp-content\/uploads\/2015\/08\/Merlot_Reserve-min-scaled.jpg\",\"datePublished\":\"2015-08-19T16:30:46+00:00\",\"dateModified\":\"2026-04-30T11:22:13+00:00\",\"breadcrumb\":{\"@id\":\"https:\/\/www.weingutglatzer.at\/de\/produkt\/merlot-haidacker-2012\/#breadcrumb\"},\"inLanguage\":\"de\",\"potentialAction\":[{\"@type\":\"ReadAction\",\"target\":[\"https:\/\/www.weingutglatzer.at\/de\/produkt\/merlot-haidacker-2012\/\"]}]},{\"@type\":\"ImageObject\",\"inLanguage\":\"de\",\"@id\":\"https:\/\/www.weingutglatzer.at\/de\/produkt\/merlot-haidacker-2012\/#primaryimage\",\"url\":\"https:\/\/www.weingutglatzer.at\/wp-content\/uploads\/2015\/08\/Merlot_Reserve-min-scaled.jpg\",\"contentUrl\":\"https:\/\/www.weingutglatzer.at\/wp-content\/uploads\/2015\/08\/Merlot_Reserve-min-scaled.jpg\",\"width\":1707,\"height\":2560},{\"@type\":\"BreadcrumbList\",\"@id\":\"https:\/\/www.weingutglatzer.at\/de\/produkt\/merlot-haidacker-2012\/#breadcrumb\",\"itemListElement\":[{\"@type\":\"ListItem\",\"position\":1,\"name\":\"Startseite\",\"item\":\"https:\/\/www.weingutglatzer.at\/de\/\"},{\"@type\":\"ListItem\",\"position\":2,\"name\":\"Shop\",\"item\":\"https:\/\/www.weingutglatzer.at\/de\/shop\/\"},{\"@type\":\"ListItem\",\"position\":3,\"name\":\"Merlot Reserve 2023 BIO\"}]},{\"@type\":\"WebSite\",\"@id\":\"https:\/\/www.weingutglatzer.at\/de\/#website\",\"url\":\"https:\/\/www.weingutglatzer.at\/de\/\",\"name\":\"Weingut Glatzer\",\"description\":\"Carnuntum\",\"potentialAction\":[{\"@type\":\"SearchAction\",\"target\":{\"@type\":\"EntryPoint\",\"urlTemplate\":\"https:\/\/www.weingutglatzer.at\/de\/?s={search_term_string}\"},\"query-input\":{\"@type\":\"PropertyValueSpecification\",\"valueRequired\":true,\"valueName\":\"search_term_string\"}}],\"inLanguage\":\"de\"}]}<\/script>\n<!-- \/ Yoast SEO plugin. -->","yoast_head_json":{"title":"Merlot Reserve 2023 BIO - Weingut Glatzer","robots":{"index":"index","follow":"follow","max-snippet":"max-snippet:-1","max-image-preview":"max-image-preview:large","max-video-preview":"max-video-preview:-1"},"canonical":"https:\/\/www.weingutglatzer.at\/de\/produkt\/merlot-haidacker-2012\/","og_locale":"de_DE","og_type":"article","og_title":"Merlot Reserve 2023 BIO - Weingut Glatzer","og_description":"Eigenschaften:\u00a0tiefdunkles Rubingranat mit opakem Kern, k\u00fchlw\u00fcrziger Duft nach dunklen Beeren und ged\u00f6rrten Zwetschken, Ankl\u00e4nge von feinem Cassis, kr\u00e4ftiger K\u00f6rper, feine L\u00e4nge und markante Tannine im Abgang Herkunft &amp; Boden:\u00a0kr\u00e4ftiger Lehmboden mit Ton Einschl\u00fcssen und Donauschotter Unterlage Ernte: 03. Oktober 20226 Alkohol: 14,05 % Vol. Mostgewicht bei der Lese:\u00a020,0\u00b0 KMW Vinifikation &amp; Ausbau:\u00a0spontane Verg\u00e4rung, dreiw\u00f6chige Maischestandzeit, danach 14-monatiger Ausbau (30% neu) in kleinen Holzf\u00e4ssern Speisenempfehlung:\u00a0Lammbraten, gebratenes Rind, Reh und Hirsch, sowie viele Hartk\u00e4se","og_url":"https:\/\/www.weingutglatzer.at\/de\/produkt\/merlot-haidacker-2012\/","og_site_name":"Weingut Glatzer","article_modified_time":"2026-04-30T11:22:13+00:00","og_image":[{"width":1707,"height":2560,"url":"https:\/\/www.weingutglatzer.at\/wp-content\/uploads\/2015\/08\/Merlot_Reserve-min-scaled.jpg","type":"image\/jpeg"}],"twitter_card":"summary_large_image","twitter_misc":{"Gesch\u00e4tzte Lesezeit":"1\u00a0Minute"},"schema":{"@context":"https:\/\/schema.org","@graph":[{"@type":"WebPage","@id":"https:\/\/www.weingutglatzer.at\/de\/produkt\/merlot-haidacker-2012\/","url":"https:\/\/www.weingutglatzer.at\/de\/produkt\/merlot-haidacker-2012\/","name":"Merlot Reserve 2023 BIO - Weingut Glatzer","isPartOf":{"@id":"https:\/\/www.weingutglatzer.at\/de\/#website"},"primaryImageOfPage":{"@id":"https:\/\/www.weingutglatzer.at\/de\/produkt\/merlot-haidacker-2012\/#primaryimage"},"image":{"@id":"https:\/\/www.weingutglatzer.at\/de\/produkt\/merlot-haidacker-2012\/#primaryimage"},"thumbnailUrl":"https:\/\/www.weingutglatzer.at\/wp-content\/uploads\/2015\/08\/Merlot_Reserve-min-scaled.jpg","datePublished":"2015-08-19T16:30:46+00:00","dateModified":"2026-04-30T11:22:13+00:00","breadcrumb":{"@id":"https:\/\/www.weingutglatzer.at\/de\/produkt\/merlot-haidacker-2012\/#breadcrumb"},"inLanguage":"de","potentialAction":[{"@type":"ReadAction","target":["https:\/\/www.weingutglatzer.at\/de\/produkt\/merlot-haidacker-2012\/"]}]},{"@type":"ImageObject","inLanguage":"de","@id":"https:\/\/www.weingutglatzer.at\/de\/produkt\/merlot-haidacker-2012\/#primaryimage","url":"https:\/\/www.weingutglatzer.at\/wp-content\/uploads\/2015\/08\/Merlot_Reserve-min-scaled.jpg","contentUrl":"https:\/\/www.weingutglatzer.at\/wp-content\/uploads\/2015\/08\/Merlot_Reserve-min-scaled.jpg","width":1707,"height":2560},{"@type":"BreadcrumbList","@id":"https:\/\/www.weingutglatzer.at\/de\/produkt\/merlot-haidacker-2012\/#breadcrumb","itemListElement":[{"@type":"ListItem","position":1,"name":"Startseite","item":"https:\/\/www.weingutglatzer.at\/de\/"},{"@type":"ListItem","position":2,"name":"Shop","item":"https:\/\/www.weingutglatzer.at\/de\/shop\/"},{"@type":"ListItem","position":3,"name":"Merlot Reserve 2023 BIO"}]},{"@type":"WebSite","@id":"https:\/\/www.weingutglatzer.at\/de\/#website","url":"https:\/\/www.weingutglatzer.at\/de\/","name":"Weingut Glatzer","description":"Carnuntum","potentialAction":[{"@type":"SearchAction","target":{"@type":"EntryPoint","urlTemplate":"https:\/\/www.weingutglatzer.at\/de\/?s={search_term_string}"},"query-input":{"@type":"PropertyValueSpecification","valueRequired":true,"valueName":"search_term_string"}}],"inLanguage":"de"}]}},"_links":{"self":[{"href":"https:\/\/www.weingutglatzer.at\/de\/wp-json\/wp\/v2\/product\/1419","targetHints":{"allow":["GET"]}}],"collection":[{"href":"https:\/\/www.weingutglatzer.at\/de\/wp-json\/wp\/v2\/product"}],"about":[{"href":"https:\/\/www.weingutglatzer.at\/de\/wp-json\/wp\/v2\/types\/product"}],"replies":[{"embeddable":true,"href":"https:\/\/www.weingutglatzer.at\/de\/wp-json\/wp\/v2\/comments?post=1419"}],"wp:featuredmedia":[{"embeddable":true,"href":"https:\/\/www.weingutglatzer.at\/de\/wp-json\/wp\/v2\/media\/12576"}],"wp:attachment":[{"href":"https:\/\/www.weingutglatzer.at\/de\/wp-json\/wp\/v2\/media?parent=1419"}],"wp:term":[{"taxonomy":"product_brand","embeddable":true,"href":"https:\/\/www.weingutglatzer.at\/de\/wp-json\/wp\/v2\/product_brand?post=1419"},{"taxonomy":"product_cat","embeddable":true,"href":"https:\/\/www.weingutglatzer.at\/de\/wp-json\/wp\/v2\/product_cat?post=1419"},{"taxonomy":"product_tag","embeddable":true,"href":"https:\/\/www.weingutglatzer.at\/de\/wp-json\/wp\/v2\/product_tag?post=1419"}],"curies":[{"name":"wp","href":"https:\/\/api.w.org\/{rel}","templated":true}]}}