{"id":138,"date":"2015-08-19T18:21:10","date_gmt":"2015-08-19T16:21:10","guid":{"rendered":"http:\/\/walterglatzer.at\/?post_type=product&#038;p=138"},"modified":"2026-04-30T13:23:13","modified_gmt":"2026-04-30T11:23:13","slug":"st-laurent-alte-reben","status":"publish","type":"product","link":"https:\/\/www.weingutglatzer.at\/de\/produkt\/st-laurent-alte-reben\/","title":{"rendered":"St. Laurent Alte Reben 2023 BIO"},"content":{"rendered":"","protected":false},"excerpt":{"rendered":"<p><strong>Eigenschaften:\u00a0<\/strong>ein Lagerwein mit Kraft, Saft, profunder Frucht und gro\u00dfartiger Struktur<br \/>\n<strong>Herkunft &amp; Boden:\u00a0<\/strong>kalkreicher Donau Schotterboden mit Lehm<br \/>\n<strong>Ernte:\u00a0<\/strong>Ende September<br \/>\n<strong>Alkohol:\u00a0<\/strong>13 % Vol.<br \/>\n<strong>Mostgewicht bei der Lese:\u00a0<\/strong>18-19\u00b0 KMW<br \/>\n<strong>Vinifikation &amp; Ausbau:\u00a0<\/strong>nach der dreiw\u00f6chigen Maischestandzeit wird der St. Laurent Alte Reben f\u00fcr 14 Monate in Barriques (20 % neu) gereift<br \/>\n<strong>Speisenempfehlung:\u00a0<\/strong>Wild und Wildgefl\u00fcgel, kr\u00e4ftige Speisen mit dunklem Fleisch, w\u00fcrzige Weich- und Hartk\u00e4se<\/p>\n","protected":false},"featured_media":10071,"comment_status":"open","ping_status":"closed","template":"","meta":{"_acf_changed":false},"product_brand":[],"product_cat":[73],"product_tag":[],"class_list":{"0":"post-138","1":"product","2":"type-product","3":"status-publish","4":"has-post-thumbnail","6":"product_cat-rotwein","8":"first","9":"instock","10":"taxable","11":"shipping-taxable","12":"purchasable","13":"product-type-simple"},"acf":[],"yoast_head":"<!-- This site is optimized with the Yoast SEO plugin v26.4 - https:\/\/yoast.com\/wordpress\/plugins\/seo\/ -->\n<title>St. Laurent Alte Reben 2023 BIO - Weingut Glatzer<\/title>\n<meta name=\"robots\" content=\"index, follow, max-snippet:-1, max-image-preview:large, max-video-preview:-1\" \/>\n<link rel=\"canonical\" href=\"https:\/\/www.weingutglatzer.at\/de\/produkt\/st-laurent-alte-reben\/\" \/>\n<meta property=\"og:locale\" content=\"de_DE\" \/>\n<meta property=\"og:type\" content=\"article\" \/>\n<meta property=\"og:title\" content=\"St. Laurent Alte Reben 2023 BIO - Weingut Glatzer\" \/>\n<meta property=\"og:description\" content=\"Eigenschaften:\u00a0ein Lagerwein mit Kraft, Saft, profunder Frucht und gro\u00dfartiger Struktur Herkunft &amp; Boden:\u00a0kalkreicher Donau Schotterboden mit Lehm Ernte:\u00a0Ende September Alkohol:\u00a013 % Vol. Mostgewicht bei der Lese:\u00a018-19\u00b0 KMW Vinifikation &amp; Ausbau:\u00a0nach der dreiw\u00f6chigen Maischestandzeit wird der St. Laurent Alte Reben f\u00fcr 14 Monate in Barriques (20 % neu) gereift Speisenempfehlung:\u00a0Wild und Wildgefl\u00fcgel, kr\u00e4ftige Speisen mit dunklem Fleisch, w\u00fcrzige Weich- und Hartk\u00e4se\" \/>\n<meta property=\"og:url\" content=\"https:\/\/www.weingutglatzer.at\/de\/produkt\/st-laurent-alte-reben\/\" \/>\n<meta property=\"og:site_name\" content=\"Weingut Glatzer\" \/>\n<meta property=\"article:modified_time\" content=\"2026-04-30T11:23:13+00:00\" \/>\n<meta property=\"og:image\" content=\"https:\/\/www.weingutglatzer.at\/wp-content\/uploads\/2022\/10\/GLA_St_Laurent_Alte_Reben.png\" \/>\n\t<meta property=\"og:image:width\" content=\"2461\" \/>\n\t<meta property=\"og:image:height\" content=\"3272\" \/>\n\t<meta property=\"og:image:type\" content=\"image\/png\" \/>\n<meta name=\"twitter:card\" content=\"summary_large_image\" \/>\n<meta name=\"twitter:label1\" content=\"Gesch\u00e4tzte Lesezeit\" \/>\n\t<meta name=\"twitter:data1\" content=\"1\u00a0Minute\" \/>\n<script type=\"application\/ld+json\" class=\"yoast-schema-graph\">{\"@context\":\"https:\/\/schema.org\",\"@graph\":[{\"@type\":\"WebPage\",\"@id\":\"https:\/\/www.weingutglatzer.at\/de\/produkt\/st-laurent-alte-reben\/\",\"url\":\"https:\/\/www.weingutglatzer.at\/de\/produkt\/st-laurent-alte-reben\/\",\"name\":\"St. Laurent Alte Reben 2023 BIO - Weingut Glatzer\",\"isPartOf\":{\"@id\":\"https:\/\/www.weingutglatzer.at\/de\/#website\"},\"primaryImageOfPage\":{\"@id\":\"https:\/\/www.weingutglatzer.at\/de\/produkt\/st-laurent-alte-reben\/#primaryimage\"},\"image\":{\"@id\":\"https:\/\/www.weingutglatzer.at\/de\/produkt\/st-laurent-alte-reben\/#primaryimage\"},\"thumbnailUrl\":\"https:\/\/www.weingutglatzer.at\/wp-content\/uploads\/2022\/10\/GLA_St_Laurent_Alte_Reben.png\",\"datePublished\":\"2015-08-19T16:21:10+00:00\",\"dateModified\":\"2026-04-30T11:23:13+00:00\",\"breadcrumb\":{\"@id\":\"https:\/\/www.weingutglatzer.at\/de\/produkt\/st-laurent-alte-reben\/#breadcrumb\"},\"inLanguage\":\"de\",\"potentialAction\":[{\"@type\":\"ReadAction\",\"target\":[\"https:\/\/www.weingutglatzer.at\/de\/produkt\/st-laurent-alte-reben\/\"]}]},{\"@type\":\"ImageObject\",\"inLanguage\":\"de\",\"@id\":\"https:\/\/www.weingutglatzer.at\/de\/produkt\/st-laurent-alte-reben\/#primaryimage\",\"url\":\"https:\/\/www.weingutglatzer.at\/wp-content\/uploads\/2022\/10\/GLA_St_Laurent_Alte_Reben.png\",\"contentUrl\":\"https:\/\/www.weingutglatzer.at\/wp-content\/uploads\/2022\/10\/GLA_St_Laurent_Alte_Reben.png\",\"width\":2461,\"height\":3272,\"caption\":\"St. Laurent Alte Reben (vormals Altenberg)\"},{\"@type\":\"BreadcrumbList\",\"@id\":\"https:\/\/www.weingutglatzer.at\/de\/produkt\/st-laurent-alte-reben\/#breadcrumb\",\"itemListElement\":[{\"@type\":\"ListItem\",\"position\":1,\"name\":\"Startseite\",\"item\":\"https:\/\/www.weingutglatzer.at\/de\/\"},{\"@type\":\"ListItem\",\"position\":2,\"name\":\"Shop\",\"item\":\"https:\/\/www.weingutglatzer.at\/de\/shop\/\"},{\"@type\":\"ListItem\",\"position\":3,\"name\":\"St. Laurent Alte Reben 2023 BIO\"}]},{\"@type\":\"WebSite\",\"@id\":\"https:\/\/www.weingutglatzer.at\/de\/#website\",\"url\":\"https:\/\/www.weingutglatzer.at\/de\/\",\"name\":\"Weingut Glatzer\",\"description\":\"Carnuntum\",\"potentialAction\":[{\"@type\":\"SearchAction\",\"target\":{\"@type\":\"EntryPoint\",\"urlTemplate\":\"https:\/\/www.weingutglatzer.at\/de\/?s={search_term_string}\"},\"query-input\":{\"@type\":\"PropertyValueSpecification\",\"valueRequired\":true,\"valueName\":\"search_term_string\"}}],\"inLanguage\":\"de\"}]}<\/script>\n<!-- \/ Yoast SEO plugin. -->","yoast_head_json":{"title":"St. Laurent Alte Reben 2023 BIO - Weingut Glatzer","robots":{"index":"index","follow":"follow","max-snippet":"max-snippet:-1","max-image-preview":"max-image-preview:large","max-video-preview":"max-video-preview:-1"},"canonical":"https:\/\/www.weingutglatzer.at\/de\/produkt\/st-laurent-alte-reben\/","og_locale":"de_DE","og_type":"article","og_title":"St. Laurent Alte Reben 2023 BIO - Weingut Glatzer","og_description":"Eigenschaften:\u00a0ein Lagerwein mit Kraft, Saft, profunder Frucht und gro\u00dfartiger Struktur Herkunft &amp; Boden:\u00a0kalkreicher Donau Schotterboden mit Lehm Ernte:\u00a0Ende September Alkohol:\u00a013 % Vol. Mostgewicht bei der Lese:\u00a018-19\u00b0 KMW Vinifikation &amp; Ausbau:\u00a0nach der dreiw\u00f6chigen Maischestandzeit wird der St. Laurent Alte Reben f\u00fcr 14 Monate in Barriques (20 % neu) gereift Speisenempfehlung:\u00a0Wild und Wildgefl\u00fcgel, kr\u00e4ftige Speisen mit dunklem Fleisch, w\u00fcrzige Weich- und Hartk\u00e4se","og_url":"https:\/\/www.weingutglatzer.at\/de\/produkt\/st-laurent-alte-reben\/","og_site_name":"Weingut Glatzer","article_modified_time":"2026-04-30T11:23:13+00:00","og_image":[{"width":2461,"height":3272,"url":"https:\/\/www.weingutglatzer.at\/wp-content\/uploads\/2022\/10\/GLA_St_Laurent_Alte_Reben.png","type":"image\/png"}],"twitter_card":"summary_large_image","twitter_misc":{"Gesch\u00e4tzte Lesezeit":"1\u00a0Minute"},"schema":{"@context":"https:\/\/schema.org","@graph":[{"@type":"WebPage","@id":"https:\/\/www.weingutglatzer.at\/de\/produkt\/st-laurent-alte-reben\/","url":"https:\/\/www.weingutglatzer.at\/de\/produkt\/st-laurent-alte-reben\/","name":"St. Laurent Alte Reben 2023 BIO - Weingut Glatzer","isPartOf":{"@id":"https:\/\/www.weingutglatzer.at\/de\/#website"},"primaryImageOfPage":{"@id":"https:\/\/www.weingutglatzer.at\/de\/produkt\/st-laurent-alte-reben\/#primaryimage"},"image":{"@id":"https:\/\/www.weingutglatzer.at\/de\/produkt\/st-laurent-alte-reben\/#primaryimage"},"thumbnailUrl":"https:\/\/www.weingutglatzer.at\/wp-content\/uploads\/2022\/10\/GLA_St_Laurent_Alte_Reben.png","datePublished":"2015-08-19T16:21:10+00:00","dateModified":"2026-04-30T11:23:13+00:00","breadcrumb":{"@id":"https:\/\/www.weingutglatzer.at\/de\/produkt\/st-laurent-alte-reben\/#breadcrumb"},"inLanguage":"de","potentialAction":[{"@type":"ReadAction","target":["https:\/\/www.weingutglatzer.at\/de\/produkt\/st-laurent-alte-reben\/"]}]},{"@type":"ImageObject","inLanguage":"de","@id":"https:\/\/www.weingutglatzer.at\/de\/produkt\/st-laurent-alte-reben\/#primaryimage","url":"https:\/\/www.weingutglatzer.at\/wp-content\/uploads\/2022\/10\/GLA_St_Laurent_Alte_Reben.png","contentUrl":"https:\/\/www.weingutglatzer.at\/wp-content\/uploads\/2022\/10\/GLA_St_Laurent_Alte_Reben.png","width":2461,"height":3272,"caption":"St. Laurent Alte Reben (vormals Altenberg)"},{"@type":"BreadcrumbList","@id":"https:\/\/www.weingutglatzer.at\/de\/produkt\/st-laurent-alte-reben\/#breadcrumb","itemListElement":[{"@type":"ListItem","position":1,"name":"Startseite","item":"https:\/\/www.weingutglatzer.at\/de\/"},{"@type":"ListItem","position":2,"name":"Shop","item":"https:\/\/www.weingutglatzer.at\/de\/shop\/"},{"@type":"ListItem","position":3,"name":"St. Laurent Alte Reben 2023 BIO"}]},{"@type":"WebSite","@id":"https:\/\/www.weingutglatzer.at\/de\/#website","url":"https:\/\/www.weingutglatzer.at\/de\/","name":"Weingut Glatzer","description":"Carnuntum","potentialAction":[{"@type":"SearchAction","target":{"@type":"EntryPoint","urlTemplate":"https:\/\/www.weingutglatzer.at\/de\/?s={search_term_string}"},"query-input":{"@type":"PropertyValueSpecification","valueRequired":true,"valueName":"search_term_string"}}],"inLanguage":"de"}]}},"_links":{"self":[{"href":"https:\/\/www.weingutglatzer.at\/de\/wp-json\/wp\/v2\/product\/138","targetHints":{"allow":["GET"]}}],"collection":[{"href":"https:\/\/www.weingutglatzer.at\/de\/wp-json\/wp\/v2\/product"}],"about":[{"href":"https:\/\/www.weingutglatzer.at\/de\/wp-json\/wp\/v2\/types\/product"}],"replies":[{"embeddable":true,"href":"https:\/\/www.weingutglatzer.at\/de\/wp-json\/wp\/v2\/comments?post=138"}],"wp:featuredmedia":[{"embeddable":true,"href":"https:\/\/www.weingutglatzer.at\/de\/wp-json\/wp\/v2\/media\/10071"}],"wp:attachment":[{"href":"https:\/\/www.weingutglatzer.at\/de\/wp-json\/wp\/v2\/media?parent=138"}],"wp:term":[{"taxonomy":"product_brand","embeddable":true,"href":"https:\/\/www.weingutglatzer.at\/de\/wp-json\/wp\/v2\/product_brand?post=138"},{"taxonomy":"product_cat","embeddable":true,"href":"https:\/\/www.weingutglatzer.at\/de\/wp-json\/wp\/v2\/product_cat?post=138"},{"taxonomy":"product_tag","embeddable":true,"href":"https:\/\/www.weingutglatzer.at\/de\/wp-json\/wp\/v2\/product_tag?post=138"}],"curies":[{"name":"wp","href":"https:\/\/api.w.org\/{rel}","templated":true}]}}