{"id":130,"date":"2015-08-19T18:06:19","date_gmt":"2015-08-19T16:06:19","guid":{"rendered":"http:\/\/walterglatzer.at\/?post_type=product&#038;p=130"},"modified":"2026-04-30T13:24:20","modified_gmt":"2026-04-30T11:24:20","slug":"zweigelt-rebencuvee","status":"publish","type":"product","link":"https:\/\/www.weingutglatzer.at\/de\/produkt\/zweigelt-rebencuvee\/","title":{"rendered":"Zweigelt Carnuntum  DAC 2023"},"content":{"rendered":"","protected":false},"excerpt":{"rendered":"<p><strong>Eigenschaften:\u00a0<\/strong>Fruchtbetonter, s\u00fcffiger Sortenvertreter mit Kirscharomen und feinem Gerbstoff<br \/>\n<strong>Herkunft &amp; Boden:\u00a0<\/strong>Weinbaugebiet Carnuntum, sandig-lehmige B\u00f6den<br \/>\n<strong>Ernte:\u00a0<\/strong>Anfang Oktober<br \/>\n<strong>Alkohol:\u00a0<\/strong>13% Vol.<br \/>\n<strong>Mostgewicht bei der Lese:\u00a0<\/strong>18\u00b0 KMW<br \/>\n<strong>Vinifikation &amp; Ausbau:\u00a0<\/strong>nach der einw\u00f6chigen Verg\u00e4rung 9-monatiger Ausbau in 2000-Liter Holzf\u00e4ssern<br \/>\n<strong>Speisenempfehlung:\u00a0<\/strong>milde bis mittelkr\u00e4ftige Gerichte mit dunklem Fleisch, spanische und mexikanische K\u00fcche<\/p>\n","protected":false},"featured_media":2998,"comment_status":"closed","ping_status":"closed","template":"","meta":{"_acf_changed":false},"product_brand":[],"product_cat":[73],"product_tag":[],"class_list":{"0":"post-130","1":"product","2":"type-product","3":"status-publish","4":"has-post-thumbnail","6":"product_cat-rotwein","8":"first","9":"instock","10":"taxable","11":"shipping-taxable","12":"purchasable","13":"product-type-simple"},"acf":[],"yoast_head":"<!-- This site is optimized with the Yoast SEO plugin v26.4 - https:\/\/yoast.com\/wordpress\/plugins\/seo\/ -->\n<title>Zweigelt Carnuntum DAC 2023 - Weingut Glatzer<\/title>\n<meta name=\"robots\" content=\"index, follow, max-snippet:-1, max-image-preview:large, max-video-preview:-1\" \/>\n<link rel=\"canonical\" href=\"https:\/\/www.weingutglatzer.at\/de\/produkt\/zweigelt-rebencuvee\/\" \/>\n<meta property=\"og:locale\" content=\"de_DE\" \/>\n<meta property=\"og:type\" content=\"article\" \/>\n<meta property=\"og:title\" content=\"Zweigelt Carnuntum DAC 2023 - Weingut Glatzer\" \/>\n<meta property=\"og:description\" content=\"Eigenschaften:\u00a0Fruchtbetonter, s\u00fcffiger Sortenvertreter mit Kirscharomen und feinem Gerbstoff Herkunft &amp; Boden:\u00a0Weinbaugebiet Carnuntum, sandig-lehmige B\u00f6den Ernte:\u00a0Anfang Oktober Alkohol:\u00a013% Vol. Mostgewicht bei der Lese:\u00a018\u00b0 KMW Vinifikation &amp; Ausbau:\u00a0nach der einw\u00f6chigen Verg\u00e4rung 9-monatiger Ausbau in 2000-Liter Holzf\u00e4ssern Speisenempfehlung:\u00a0milde bis mittelkr\u00e4ftige Gerichte mit dunklem Fleisch, spanische und mexikanische K\u00fcche\" \/>\n<meta property=\"og:url\" content=\"https:\/\/www.weingutglatzer.at\/de\/produkt\/zweigelt-rebencuvee\/\" \/>\n<meta property=\"og:site_name\" content=\"Weingut Glatzer\" \/>\n<meta property=\"article:modified_time\" content=\"2026-04-30T11:24:20+00:00\" \/>\n<meta property=\"og:image\" content=\"https:\/\/www.weingutglatzer.at\/wp-content\/uploads\/2015\/08\/DSC_9119_b-Schatten.png\" \/>\n\t<meta property=\"og:image:width\" content=\"677\" \/>\n\t<meta property=\"og:image:height\" content=\"900\" \/>\n\t<meta property=\"og:image:type\" content=\"image\/png\" \/>\n<meta name=\"twitter:card\" content=\"summary_large_image\" \/>\n<script type=\"application\/ld+json\" class=\"yoast-schema-graph\">{\"@context\":\"https:\/\/schema.org\",\"@graph\":[{\"@type\":\"WebPage\",\"@id\":\"https:\/\/www.weingutglatzer.at\/de\/produkt\/zweigelt-rebencuvee\/\",\"url\":\"https:\/\/www.weingutglatzer.at\/de\/produkt\/zweigelt-rebencuvee\/\",\"name\":\"Zweigelt Carnuntum DAC 2023 - Weingut Glatzer\",\"isPartOf\":{\"@id\":\"https:\/\/www.weingutglatzer.at\/de\/#website\"},\"primaryImageOfPage\":{\"@id\":\"https:\/\/www.weingutglatzer.at\/de\/produkt\/zweigelt-rebencuvee\/#primaryimage\"},\"image\":{\"@id\":\"https:\/\/www.weingutglatzer.at\/de\/produkt\/zweigelt-rebencuvee\/#primaryimage\"},\"thumbnailUrl\":\"https:\/\/www.weingutglatzer.at\/wp-content\/uploads\/2015\/08\/DSC_9119_b-Schatten.png\",\"datePublished\":\"2015-08-19T16:06:19+00:00\",\"dateModified\":\"2026-04-30T11:24:20+00:00\",\"breadcrumb\":{\"@id\":\"https:\/\/www.weingutglatzer.at\/de\/produkt\/zweigelt-rebencuvee\/#breadcrumb\"},\"inLanguage\":\"de\",\"potentialAction\":[{\"@type\":\"ReadAction\",\"target\":[\"https:\/\/www.weingutglatzer.at\/de\/produkt\/zweigelt-rebencuvee\/\"]}]},{\"@type\":\"ImageObject\",\"inLanguage\":\"de\",\"@id\":\"https:\/\/www.weingutglatzer.at\/de\/produkt\/zweigelt-rebencuvee\/#primaryimage\",\"url\":\"https:\/\/www.weingutglatzer.at\/wp-content\/uploads\/2015\/08\/DSC_9119_b-Schatten.png\",\"contentUrl\":\"https:\/\/www.weingutglatzer.at\/wp-content\/uploads\/2015\/08\/DSC_9119_b-Schatten.png\",\"width\":677,\"height\":900},{\"@type\":\"BreadcrumbList\",\"@id\":\"https:\/\/www.weingutglatzer.at\/de\/produkt\/zweigelt-rebencuvee\/#breadcrumb\",\"itemListElement\":[{\"@type\":\"ListItem\",\"position\":1,\"name\":\"Startseite\",\"item\":\"https:\/\/www.weingutglatzer.at\/de\/\"},{\"@type\":\"ListItem\",\"position\":2,\"name\":\"Shop\",\"item\":\"https:\/\/www.weingutglatzer.at\/de\/shop\/\"},{\"@type\":\"ListItem\",\"position\":3,\"name\":\"Zweigelt Carnuntum DAC 2023\"}]},{\"@type\":\"WebSite\",\"@id\":\"https:\/\/www.weingutglatzer.at\/de\/#website\",\"url\":\"https:\/\/www.weingutglatzer.at\/de\/\",\"name\":\"Weingut Glatzer\",\"description\":\"Carnuntum\",\"potentialAction\":[{\"@type\":\"SearchAction\",\"target\":{\"@type\":\"EntryPoint\",\"urlTemplate\":\"https:\/\/www.weingutglatzer.at\/de\/?s={search_term_string}\"},\"query-input\":{\"@type\":\"PropertyValueSpecification\",\"valueRequired\":true,\"valueName\":\"search_term_string\"}}],\"inLanguage\":\"de\"}]}<\/script>\n<!-- \/ Yoast SEO plugin. -->","yoast_head_json":{"title":"Zweigelt Carnuntum DAC 2023 - Weingut Glatzer","robots":{"index":"index","follow":"follow","max-snippet":"max-snippet:-1","max-image-preview":"max-image-preview:large","max-video-preview":"max-video-preview:-1"},"canonical":"https:\/\/www.weingutglatzer.at\/de\/produkt\/zweigelt-rebencuvee\/","og_locale":"de_DE","og_type":"article","og_title":"Zweigelt Carnuntum DAC 2023 - Weingut Glatzer","og_description":"Eigenschaften:\u00a0Fruchtbetonter, s\u00fcffiger Sortenvertreter mit Kirscharomen und feinem Gerbstoff Herkunft &amp; Boden:\u00a0Weinbaugebiet Carnuntum, sandig-lehmige B\u00f6den Ernte:\u00a0Anfang Oktober Alkohol:\u00a013% Vol. Mostgewicht bei der Lese:\u00a018\u00b0 KMW Vinifikation &amp; Ausbau:\u00a0nach der einw\u00f6chigen Verg\u00e4rung 9-monatiger Ausbau in 2000-Liter Holzf\u00e4ssern Speisenempfehlung:\u00a0milde bis mittelkr\u00e4ftige Gerichte mit dunklem Fleisch, spanische und mexikanische K\u00fcche","og_url":"https:\/\/www.weingutglatzer.at\/de\/produkt\/zweigelt-rebencuvee\/","og_site_name":"Weingut Glatzer","article_modified_time":"2026-04-30T11:24:20+00:00","og_image":[{"width":677,"height":900,"url":"https:\/\/www.weingutglatzer.at\/wp-content\/uploads\/2015\/08\/DSC_9119_b-Schatten.png","type":"image\/png"}],"twitter_card":"summary_large_image","schema":{"@context":"https:\/\/schema.org","@graph":[{"@type":"WebPage","@id":"https:\/\/www.weingutglatzer.at\/de\/produkt\/zweigelt-rebencuvee\/","url":"https:\/\/www.weingutglatzer.at\/de\/produkt\/zweigelt-rebencuvee\/","name":"Zweigelt Carnuntum DAC 2023 - Weingut Glatzer","isPartOf":{"@id":"https:\/\/www.weingutglatzer.at\/de\/#website"},"primaryImageOfPage":{"@id":"https:\/\/www.weingutglatzer.at\/de\/produkt\/zweigelt-rebencuvee\/#primaryimage"},"image":{"@id":"https:\/\/www.weingutglatzer.at\/de\/produkt\/zweigelt-rebencuvee\/#primaryimage"},"thumbnailUrl":"https:\/\/www.weingutglatzer.at\/wp-content\/uploads\/2015\/08\/DSC_9119_b-Schatten.png","datePublished":"2015-08-19T16:06:19+00:00","dateModified":"2026-04-30T11:24:20+00:00","breadcrumb":{"@id":"https:\/\/www.weingutglatzer.at\/de\/produkt\/zweigelt-rebencuvee\/#breadcrumb"},"inLanguage":"de","potentialAction":[{"@type":"ReadAction","target":["https:\/\/www.weingutglatzer.at\/de\/produkt\/zweigelt-rebencuvee\/"]}]},{"@type":"ImageObject","inLanguage":"de","@id":"https:\/\/www.weingutglatzer.at\/de\/produkt\/zweigelt-rebencuvee\/#primaryimage","url":"https:\/\/www.weingutglatzer.at\/wp-content\/uploads\/2015\/08\/DSC_9119_b-Schatten.png","contentUrl":"https:\/\/www.weingutglatzer.at\/wp-content\/uploads\/2015\/08\/DSC_9119_b-Schatten.png","width":677,"height":900},{"@type":"BreadcrumbList","@id":"https:\/\/www.weingutglatzer.at\/de\/produkt\/zweigelt-rebencuvee\/#breadcrumb","itemListElement":[{"@type":"ListItem","position":1,"name":"Startseite","item":"https:\/\/www.weingutglatzer.at\/de\/"},{"@type":"ListItem","position":2,"name":"Shop","item":"https:\/\/www.weingutglatzer.at\/de\/shop\/"},{"@type":"ListItem","position":3,"name":"Zweigelt Carnuntum DAC 2023"}]},{"@type":"WebSite","@id":"https:\/\/www.weingutglatzer.at\/de\/#website","url":"https:\/\/www.weingutglatzer.at\/de\/","name":"Weingut Glatzer","description":"Carnuntum","potentialAction":[{"@type":"SearchAction","target":{"@type":"EntryPoint","urlTemplate":"https:\/\/www.weingutglatzer.at\/de\/?s={search_term_string}"},"query-input":{"@type":"PropertyValueSpecification","valueRequired":true,"valueName":"search_term_string"}}],"inLanguage":"de"}]}},"_links":{"self":[{"href":"https:\/\/www.weingutglatzer.at\/de\/wp-json\/wp\/v2\/product\/130","targetHints":{"allow":["GET"]}}],"collection":[{"href":"https:\/\/www.weingutglatzer.at\/de\/wp-json\/wp\/v2\/product"}],"about":[{"href":"https:\/\/www.weingutglatzer.at\/de\/wp-json\/wp\/v2\/types\/product"}],"replies":[{"embeddable":true,"href":"https:\/\/www.weingutglatzer.at\/de\/wp-json\/wp\/v2\/comments?post=130"}],"wp:featuredmedia":[{"embeddable":true,"href":"https:\/\/www.weingutglatzer.at\/de\/wp-json\/wp\/v2\/media\/2998"}],"wp:attachment":[{"href":"https:\/\/www.weingutglatzer.at\/de\/wp-json\/wp\/v2\/media?parent=130"}],"wp:term":[{"taxonomy":"product_brand","embeddable":true,"href":"https:\/\/www.weingutglatzer.at\/de\/wp-json\/wp\/v2\/product_brand?post=130"},{"taxonomy":"product_cat","embeddable":true,"href":"https:\/\/www.weingutglatzer.at\/de\/wp-json\/wp\/v2\/product_cat?post=130"},{"taxonomy":"product_tag","embeddable":true,"href":"https:\/\/www.weingutglatzer.at\/de\/wp-json\/wp\/v2\/product_tag?post=130"}],"curies":[{"name":"wp","href":"https:\/\/api.w.org\/{rel}","templated":true}]}}