{"id":12344,"date":"2025-04-17T14:37:01","date_gmt":"2025-04-17T12:37:01","guid":{"rendered":"https:\/\/www.weingutglatzer.at\/?post_type=product&#038;p=12344"},"modified":"2026-04-30T13:17:28","modified_gmt":"2026-04-30T11:17:28","slug":"kabi-please","status":"publish","type":"product","link":"https:\/\/www.weingutglatzer.at\/de\/produkt\/kabi-please\/","title":{"rendered":"Kabi, Please! 2025 !NEU!"},"content":{"rendered":"<p>Kabi, please! &#8211; produziert nach dem Vorbild der Deutschen Kabinett Weine.<\/p>\n<p>Frisch, fruchtig, leicht und (f\u00fcr uns ganz ungew\u00f6hnlich) etwas s\u00fc\u00df.<\/p>\n<p>Perfekt f\u00fcr warme Fr\u00fchlingstage, leichte Gerichte und als Aperitif.<\/p>\n<p>Helles Gelbgr\u00fcn, gr\u00fcne Reflexe. In der Nase feine Nuancen von Weingartenpfirsich und reifer Marille sowie etwas roter Apfel und Zitronenzeste. Am Gaumen zeigt sich der Wein t\u00e4nzelnd, leichtf\u00fc\u00dfig und vor allem erfrischen und saftig. Ein Wein f\u00fcr fruchtige Desserts und vor allem als Begleiter der asiatischen K\u00fcche.<\/p>\n","protected":false},"excerpt":{"rendered":"<p>Kabi, please! &#8211; produziert nach dem Vorbild der Deutschen Kabinett Weine.<\/p>\n<p>Frisch, fruchtig, leicht und (f\u00fcr uns ganz ungew\u00f6hnlich) etwas s\u00fc\u00df.<\/p>\n<p>Perfekt f\u00fcr warme Fr\u00fchlingstage, leichte Gerichte und als Aperitif.<\/p>\n","protected":false},"featured_media":12873,"comment_status":"open","ping_status":"closed","template":"","meta":{"_acf_changed":false},"product_brand":[],"product_cat":[75],"product_tag":[],"class_list":{"0":"post-12344","1":"product","2":"type-product","3":"status-publish","4":"has-post-thumbnail","6":"product_cat-weisswein","8":"first","9":"instock","10":"taxable","11":"shipping-taxable","12":"purchasable","13":"product-type-simple"},"acf":[],"yoast_head":"<!-- This site is optimized with the Yoast SEO plugin v26.4 - https:\/\/yoast.com\/wordpress\/plugins\/seo\/ -->\n<title>Kabi, Please! 2025 !NEU! - Weingut Glatzer<\/title>\n<meta name=\"description\" content=\"Kabi, please! - produziert nach dem Vorbild der Deutschen Kabinett Weine.Frisch, fruchtig, leicht und (f\u00fcr uns ganz ungew\u00f6hnlich) etwas s\u00fc\u00df. Perfekt f\u00fcr warme Fr\u00fchlingstage, leichte Gerichte und als Aperitif.\" \/>\n<meta name=\"robots\" content=\"index, follow, max-snippet:-1, max-image-preview:large, max-video-preview:-1\" \/>\n<link rel=\"canonical\" href=\"https:\/\/www.weingutglatzer.at\/de\/produkt\/kabi-please\/\" \/>\n<meta property=\"og:locale\" content=\"de_DE\" \/>\n<meta property=\"og:type\" content=\"article\" \/>\n<meta property=\"og:title\" content=\"Kabi, Please! 2025 !NEU! - Weingut Glatzer\" \/>\n<meta property=\"og:description\" content=\"Kabi, please! - produziert nach dem Vorbild der Deutschen Kabinett Weine.Frisch, fruchtig, leicht und (f\u00fcr uns ganz ungew\u00f6hnlich) etwas s\u00fc\u00df. Perfekt f\u00fcr warme Fr\u00fchlingstage, leichte Gerichte und als Aperitif.\" \/>\n<meta property=\"og:url\" content=\"https:\/\/www.weingutglatzer.at\/de\/produkt\/kabi-please\/\" \/>\n<meta property=\"og:site_name\" content=\"Weingut Glatzer\" \/>\n<meta property=\"article:modified_time\" content=\"2026-04-30T11:17:28+00:00\" \/>\n<meta property=\"og:image\" content=\"https:\/\/www.weingutglatzer.at\/wp-content\/uploads\/2025\/04\/Kabi_pleaes_2024--scaled.jpg\" \/>\n\t<meta property=\"og:image:width\" content=\"1707\" \/>\n\t<meta property=\"og:image:height\" content=\"2560\" \/>\n\t<meta property=\"og:image:type\" content=\"image\/jpeg\" \/>\n<meta name=\"twitter:card\" content=\"summary_large_image\" \/>\n<meta name=\"twitter:label1\" content=\"Gesch\u00e4tzte Lesezeit\" \/>\n\t<meta name=\"twitter:data1\" content=\"1\u00a0Minute\" \/>\n<script type=\"application\/ld+json\" class=\"yoast-schema-graph\">{\"@context\":\"https:\/\/schema.org\",\"@graph\":[{\"@type\":\"WebPage\",\"@id\":\"https:\/\/www.weingutglatzer.at\/de\/produkt\/kabi-please\/\",\"url\":\"https:\/\/www.weingutglatzer.at\/de\/produkt\/kabi-please\/\",\"name\":\"Kabi, Please! 2025 !NEU! - Weingut Glatzer\",\"isPartOf\":{\"@id\":\"https:\/\/www.weingutglatzer.at\/de\/#website\"},\"primaryImageOfPage\":{\"@id\":\"https:\/\/www.weingutglatzer.at\/de\/produkt\/kabi-please\/#primaryimage\"},\"image\":{\"@id\":\"https:\/\/www.weingutglatzer.at\/de\/produkt\/kabi-please\/#primaryimage\"},\"thumbnailUrl\":\"https:\/\/www.weingutglatzer.at\/wp-content\/uploads\/2025\/04\/Kabi_pleaes_2024--scaled.jpg\",\"datePublished\":\"2025-04-17T12:37:01+00:00\",\"dateModified\":\"2026-04-30T11:17:28+00:00\",\"description\":\"Kabi, please! - produziert nach dem Vorbild der Deutschen Kabinett Weine.Frisch, fruchtig, leicht und (f\u00fcr uns ganz ungew\u00f6hnlich) etwas s\u00fc\u00df. Perfekt f\u00fcr warme Fr\u00fchlingstage, leichte Gerichte und als Aperitif.\",\"breadcrumb\":{\"@id\":\"https:\/\/www.weingutglatzer.at\/de\/produkt\/kabi-please\/#breadcrumb\"},\"inLanguage\":\"de\",\"potentialAction\":[{\"@type\":\"ReadAction\",\"target\":[\"https:\/\/www.weingutglatzer.at\/de\/produkt\/kabi-please\/\"]}]},{\"@type\":\"ImageObject\",\"inLanguage\":\"de\",\"@id\":\"https:\/\/www.weingutglatzer.at\/de\/produkt\/kabi-please\/#primaryimage\",\"url\":\"https:\/\/www.weingutglatzer.at\/wp-content\/uploads\/2025\/04\/Kabi_pleaes_2024--scaled.jpg\",\"contentUrl\":\"https:\/\/www.weingutglatzer.at\/wp-content\/uploads\/2025\/04\/Kabi_pleaes_2024--scaled.jpg\",\"width\":1707,\"height\":2560},{\"@type\":\"BreadcrumbList\",\"@id\":\"https:\/\/www.weingutglatzer.at\/de\/produkt\/kabi-please\/#breadcrumb\",\"itemListElement\":[{\"@type\":\"ListItem\",\"position\":1,\"name\":\"Startseite\",\"item\":\"https:\/\/www.weingutglatzer.at\/de\/\"},{\"@type\":\"ListItem\",\"position\":2,\"name\":\"Shop\",\"item\":\"https:\/\/www.weingutglatzer.at\/de\/shop\/\"},{\"@type\":\"ListItem\",\"position\":3,\"name\":\"Kabi, Please! 2025 !NEU!\"}]},{\"@type\":\"WebSite\",\"@id\":\"https:\/\/www.weingutglatzer.at\/de\/#website\",\"url\":\"https:\/\/www.weingutglatzer.at\/de\/\",\"name\":\"Weingut Glatzer\",\"description\":\"Carnuntum\",\"potentialAction\":[{\"@type\":\"SearchAction\",\"target\":{\"@type\":\"EntryPoint\",\"urlTemplate\":\"https:\/\/www.weingutglatzer.at\/de\/?s={search_term_string}\"},\"query-input\":{\"@type\":\"PropertyValueSpecification\",\"valueRequired\":true,\"valueName\":\"search_term_string\"}}],\"inLanguage\":\"de\"}]}<\/script>\n<!-- \/ Yoast SEO plugin. -->","yoast_head_json":{"title":"Kabi, Please! 2025 !NEU! - Weingut Glatzer","description":"Kabi, please! - produziert nach dem Vorbild der Deutschen Kabinett Weine.Frisch, fruchtig, leicht und (f\u00fcr uns ganz ungew\u00f6hnlich) etwas s\u00fc\u00df. Perfekt f\u00fcr warme Fr\u00fchlingstage, leichte Gerichte und als Aperitif.","robots":{"index":"index","follow":"follow","max-snippet":"max-snippet:-1","max-image-preview":"max-image-preview:large","max-video-preview":"max-video-preview:-1"},"canonical":"https:\/\/www.weingutglatzer.at\/de\/produkt\/kabi-please\/","og_locale":"de_DE","og_type":"article","og_title":"Kabi, Please! 2025 !NEU! - Weingut Glatzer","og_description":"Kabi, please! - produziert nach dem Vorbild der Deutschen Kabinett Weine.Frisch, fruchtig, leicht und (f\u00fcr uns ganz ungew\u00f6hnlich) etwas s\u00fc\u00df. Perfekt f\u00fcr warme Fr\u00fchlingstage, leichte Gerichte und als Aperitif.","og_url":"https:\/\/www.weingutglatzer.at\/de\/produkt\/kabi-please\/","og_site_name":"Weingut Glatzer","article_modified_time":"2026-04-30T11:17:28+00:00","og_image":[{"width":1707,"height":2560,"url":"https:\/\/www.weingutglatzer.at\/wp-content\/uploads\/2025\/04\/Kabi_pleaes_2024--scaled.jpg","type":"image\/jpeg"}],"twitter_card":"summary_large_image","twitter_misc":{"Gesch\u00e4tzte Lesezeit":"1\u00a0Minute"},"schema":{"@context":"https:\/\/schema.org","@graph":[{"@type":"WebPage","@id":"https:\/\/www.weingutglatzer.at\/de\/produkt\/kabi-please\/","url":"https:\/\/www.weingutglatzer.at\/de\/produkt\/kabi-please\/","name":"Kabi, Please! 2025 !NEU! - Weingut Glatzer","isPartOf":{"@id":"https:\/\/www.weingutglatzer.at\/de\/#website"},"primaryImageOfPage":{"@id":"https:\/\/www.weingutglatzer.at\/de\/produkt\/kabi-please\/#primaryimage"},"image":{"@id":"https:\/\/www.weingutglatzer.at\/de\/produkt\/kabi-please\/#primaryimage"},"thumbnailUrl":"https:\/\/www.weingutglatzer.at\/wp-content\/uploads\/2025\/04\/Kabi_pleaes_2024--scaled.jpg","datePublished":"2025-04-17T12:37:01+00:00","dateModified":"2026-04-30T11:17:28+00:00","description":"Kabi, please! - produziert nach dem Vorbild der Deutschen Kabinett Weine.Frisch, fruchtig, leicht und (f\u00fcr uns ganz ungew\u00f6hnlich) etwas s\u00fc\u00df. Perfekt f\u00fcr warme Fr\u00fchlingstage, leichte Gerichte und als Aperitif.","breadcrumb":{"@id":"https:\/\/www.weingutglatzer.at\/de\/produkt\/kabi-please\/#breadcrumb"},"inLanguage":"de","potentialAction":[{"@type":"ReadAction","target":["https:\/\/www.weingutglatzer.at\/de\/produkt\/kabi-please\/"]}]},{"@type":"ImageObject","inLanguage":"de","@id":"https:\/\/www.weingutglatzer.at\/de\/produkt\/kabi-please\/#primaryimage","url":"https:\/\/www.weingutglatzer.at\/wp-content\/uploads\/2025\/04\/Kabi_pleaes_2024--scaled.jpg","contentUrl":"https:\/\/www.weingutglatzer.at\/wp-content\/uploads\/2025\/04\/Kabi_pleaes_2024--scaled.jpg","width":1707,"height":2560},{"@type":"BreadcrumbList","@id":"https:\/\/www.weingutglatzer.at\/de\/produkt\/kabi-please\/#breadcrumb","itemListElement":[{"@type":"ListItem","position":1,"name":"Startseite","item":"https:\/\/www.weingutglatzer.at\/de\/"},{"@type":"ListItem","position":2,"name":"Shop","item":"https:\/\/www.weingutglatzer.at\/de\/shop\/"},{"@type":"ListItem","position":3,"name":"Kabi, Please! 2025 !NEU!"}]},{"@type":"WebSite","@id":"https:\/\/www.weingutglatzer.at\/de\/#website","url":"https:\/\/www.weingutglatzer.at\/de\/","name":"Weingut Glatzer","description":"Carnuntum","potentialAction":[{"@type":"SearchAction","target":{"@type":"EntryPoint","urlTemplate":"https:\/\/www.weingutglatzer.at\/de\/?s={search_term_string}"},"query-input":{"@type":"PropertyValueSpecification","valueRequired":true,"valueName":"search_term_string"}}],"inLanguage":"de"}]}},"_links":{"self":[{"href":"https:\/\/www.weingutglatzer.at\/de\/wp-json\/wp\/v2\/product\/12344","targetHints":{"allow":["GET"]}}],"collection":[{"href":"https:\/\/www.weingutglatzer.at\/de\/wp-json\/wp\/v2\/product"}],"about":[{"href":"https:\/\/www.weingutglatzer.at\/de\/wp-json\/wp\/v2\/types\/product"}],"replies":[{"embeddable":true,"href":"https:\/\/www.weingutglatzer.at\/de\/wp-json\/wp\/v2\/comments?post=12344"}],"wp:featuredmedia":[{"embeddable":true,"href":"https:\/\/www.weingutglatzer.at\/de\/wp-json\/wp\/v2\/media\/12873"}],"wp:attachment":[{"href":"https:\/\/www.weingutglatzer.at\/de\/wp-json\/wp\/v2\/media?parent=12344"}],"wp:term":[{"taxonomy":"product_brand","embeddable":true,"href":"https:\/\/www.weingutglatzer.at\/de\/wp-json\/wp\/v2\/product_brand?post=12344"},{"taxonomy":"product_cat","embeddable":true,"href":"https:\/\/www.weingutglatzer.at\/de\/wp-json\/wp\/v2\/product_cat?post=12344"},{"taxonomy":"product_tag","embeddable":true,"href":"https:\/\/www.weingutglatzer.at\/de\/wp-json\/wp\/v2\/product_tag?post=12344"}],"curies":[{"name":"wp","href":"https:\/\/api.w.org\/{rel}","templated":true}]}}