{"id":11579,"date":"2023-12-14T09:40:51","date_gmt":"2023-12-14T08:40:51","guid":{"rendered":"https:\/\/www.weingutglatzer.at\/?post_type=product&#038;p=11579"},"modified":"2025-11-28T12:54:28","modified_gmt":"2025-11-28T11:54:28","slug":"grosses-falstaff-packerl","status":"publish","type":"product","link":"https:\/\/www.weingutglatzer.at\/de\/produkt\/grosses-falstaff-packerl\/","title":{"rendered":"Gro\u00dfes Falstaff-Packerl"},"content":{"rendered":"<p>Gro\u00dfes Paket mit Falstaff-pr\u00e4mierten Weinen:<\/p>\n<p>* Blaufr\u00e4nkisch B\u00e4rnreiser 2023 (<strong>94 <\/strong>Punkte)<strong><br \/>\n<\/strong>* St- Laurent &#8222;Alte Reben&#8220; 2023 (<strong>95 <\/strong>Punkte)<strong><br \/>\n<\/strong>* Cuv\u00e9e\u00a0 Ried Rosenberg 2023 (<strong>95 <\/strong>Punkte)<strong><br \/>\n<\/strong>* Zweigelt Ried Haidacker 2023 (<strong>93 <\/strong>Punkte)<strong><br \/>\n<\/strong>* Merlot Reserve 2023\u00a0 (<strong>92 <\/strong>Punkte)<strong><br \/>\n<\/strong>* Cuv\u00e9e Gotinsprun 2023 (<strong>93 <\/strong>Punkte)<\/p>\n<p>Zum Vorzugspreis um \u20ac 135,90anstatt \u20ac 119,90<\/p>\n","protected":false},"excerpt":{"rendered":"<p>Gro\u00dfes Paket mit Falstaff-pr\u00e4mierten Weinen:<\/p>\n<p>* Blaufr\u00e4nkisch B\u00e4rnreiser 2023 (<strong>94 <\/strong>Punkte)<strong><br \/>\n<\/strong>* St- Laurent &#8222;Alte Reben&#8220; 2023 (<strong>95 <\/strong>Punkte)<strong><br \/>\n<\/strong>* Cuv\u00e9e\u00a0 Ried Rosenberg 2023 (<strong>95 <\/strong>Punkte)<strong><br \/>\n<\/strong>* Zweigelt Ried Haidacker 2023 (<strong>93 <\/strong>Punkte)<strong><br \/>\n<\/strong>* Merlot Reserve 2023\u00a0 (<strong>92 <\/strong>Punkte)<strong><br \/>\n<\/strong>* Cuv\u00e9e Gotinsprun 2023 (<strong>93 <\/strong>Punkte)<\/p>\n<p>Zum Vorzugspreis um \u20ac 119,90 anstatt \u20ac 135,90<\/p>\n","protected":false},"featured_media":12698,"comment_status":"open","ping_status":"closed","template":"","meta":{"_acf_changed":false},"product_brand":[],"product_cat":[194,73],"product_tag":[],"class_list":{"0":"post-11579","1":"product","2":"type-product","3":"status-publish","4":"has-post-thumbnail","6":"product_cat-paket","7":"product_cat-rotwein","9":"first","10":"instock","11":"taxable","12":"shipping-taxable","13":"purchasable","14":"product-type-simple"},"acf":[],"yoast_head":"<!-- This site is optimized with the Yoast SEO plugin v26.4 - https:\/\/yoast.com\/wordpress\/plugins\/seo\/ -->\n<title>Gro\u00dfes Falstaff-Packerl - Weingut Glatzer<\/title>\n<meta name=\"robots\" content=\"index, follow, max-snippet:-1, max-image-preview:large, max-video-preview:-1\" \/>\n<link rel=\"canonical\" href=\"https:\/\/www.weingutglatzer.at\/de\/produkt\/grosses-falstaff-packerl\/\" \/>\n<meta property=\"og:locale\" content=\"de_DE\" \/>\n<meta property=\"og:type\" content=\"article\" \/>\n<meta property=\"og:title\" content=\"Gro\u00dfes Falstaff-Packerl - Weingut Glatzer\" \/>\n<meta property=\"og:description\" content=\"Gro\u00dfes Paket mit Falstaff-pr\u00e4mierten Weinen:  * Blaufr\u00e4nkisch B\u00e4rnreiser 2023 (94 Punkte) * St- Laurent &quot;Alte Reben&quot; 2023 (95 Punkte) * Cuv\u00e9e\u00a0 Ried Rosenberg 2023 (95 Punkte) * Zweigelt Ried Haidacker 2023 (93 Punkte) * Merlot Reserve 2023\u00a0 (92 Punkte) * Cuv\u00e9e Gotinsprun 2023 (93 Punkte)  Zum Vorzugspreis um \u20ac 119,90 anstatt \u20ac 135,90\" \/>\n<meta property=\"og:url\" content=\"https:\/\/www.weingutglatzer.at\/de\/produkt\/grosses-falstaff-packerl\/\" \/>\n<meta property=\"og:site_name\" content=\"Weingut Glatzer\" \/>\n<meta property=\"article:modified_time\" content=\"2025-11-28T11:54:28+00:00\" \/>\n<meta property=\"og:image\" content=\"https:\/\/www.weingutglatzer.at\/wp-content\/uploads\/2023\/12\/falstaffgross-scaled.jpg\" \/>\n\t<meta property=\"og:image:width\" content=\"1810\" \/>\n\t<meta property=\"og:image:height\" content=\"2560\" \/>\n\t<meta property=\"og:image:type\" content=\"image\/jpeg\" \/>\n<meta name=\"twitter:card\" content=\"summary_large_image\" \/>\n<meta name=\"twitter:label1\" content=\"Gesch\u00e4tzte Lesezeit\" \/>\n\t<meta name=\"twitter:data1\" content=\"1\u00a0Minute\" \/>\n<script type=\"application\/ld+json\" class=\"yoast-schema-graph\">{\"@context\":\"https:\/\/schema.org\",\"@graph\":[{\"@type\":\"WebPage\",\"@id\":\"https:\/\/www.weingutglatzer.at\/de\/produkt\/grosses-falstaff-packerl\/\",\"url\":\"https:\/\/www.weingutglatzer.at\/de\/produkt\/grosses-falstaff-packerl\/\",\"name\":\"Gro\u00dfes Falstaff-Packerl - Weingut Glatzer\",\"isPartOf\":{\"@id\":\"https:\/\/www.weingutglatzer.at\/de\/#website\"},\"primaryImageOfPage\":{\"@id\":\"https:\/\/www.weingutglatzer.at\/de\/produkt\/grosses-falstaff-packerl\/#primaryimage\"},\"image\":{\"@id\":\"https:\/\/www.weingutglatzer.at\/de\/produkt\/grosses-falstaff-packerl\/#primaryimage\"},\"thumbnailUrl\":\"https:\/\/www.weingutglatzer.at\/wp-content\/uploads\/2023\/12\/falstaffgross-scaled.jpg\",\"datePublished\":\"2023-12-14T08:40:51+00:00\",\"dateModified\":\"2025-11-28T11:54:28+00:00\",\"breadcrumb\":{\"@id\":\"https:\/\/www.weingutglatzer.at\/de\/produkt\/grosses-falstaff-packerl\/#breadcrumb\"},\"inLanguage\":\"de\",\"potentialAction\":[{\"@type\":\"ReadAction\",\"target\":[\"https:\/\/www.weingutglatzer.at\/de\/produkt\/grosses-falstaff-packerl\/\"]}]},{\"@type\":\"ImageObject\",\"inLanguage\":\"de\",\"@id\":\"https:\/\/www.weingutglatzer.at\/de\/produkt\/grosses-falstaff-packerl\/#primaryimage\",\"url\":\"https:\/\/www.weingutglatzer.at\/wp-content\/uploads\/2023\/12\/falstaffgross-scaled.jpg\",\"contentUrl\":\"https:\/\/www.weingutglatzer.at\/wp-content\/uploads\/2023\/12\/falstaffgross-scaled.jpg\",\"width\":1810,\"height\":2560},{\"@type\":\"BreadcrumbList\",\"@id\":\"https:\/\/www.weingutglatzer.at\/de\/produkt\/grosses-falstaff-packerl\/#breadcrumb\",\"itemListElement\":[{\"@type\":\"ListItem\",\"position\":1,\"name\":\"Startseite\",\"item\":\"https:\/\/www.weingutglatzer.at\/de\/\"},{\"@type\":\"ListItem\",\"position\":2,\"name\":\"Shop\",\"item\":\"https:\/\/www.weingutglatzer.at\/de\/shop\/\"},{\"@type\":\"ListItem\",\"position\":3,\"name\":\"Gro\u00dfes Falstaff-Packerl\"}]},{\"@type\":\"WebSite\",\"@id\":\"https:\/\/www.weingutglatzer.at\/de\/#website\",\"url\":\"https:\/\/www.weingutglatzer.at\/de\/\",\"name\":\"Weingut Glatzer\",\"description\":\"Carnuntum\",\"potentialAction\":[{\"@type\":\"SearchAction\",\"target\":{\"@type\":\"EntryPoint\",\"urlTemplate\":\"https:\/\/www.weingutglatzer.at\/de\/?s={search_term_string}\"},\"query-input\":{\"@type\":\"PropertyValueSpecification\",\"valueRequired\":true,\"valueName\":\"search_term_string\"}}],\"inLanguage\":\"de\"}]}<\/script>\n<!-- \/ Yoast SEO plugin. -->","yoast_head_json":{"title":"Gro\u00dfes Falstaff-Packerl - Weingut Glatzer","robots":{"index":"index","follow":"follow","max-snippet":"max-snippet:-1","max-image-preview":"max-image-preview:large","max-video-preview":"max-video-preview:-1"},"canonical":"https:\/\/www.weingutglatzer.at\/de\/produkt\/grosses-falstaff-packerl\/","og_locale":"de_DE","og_type":"article","og_title":"Gro\u00dfes Falstaff-Packerl - Weingut Glatzer","og_description":"Gro\u00dfes Paket mit Falstaff-pr\u00e4mierten Weinen:  * Blaufr\u00e4nkisch B\u00e4rnreiser 2023 (94 Punkte) * St- Laurent \"Alte Reben\" 2023 (95 Punkte) * Cuv\u00e9e\u00a0 Ried Rosenberg 2023 (95 Punkte) * Zweigelt Ried Haidacker 2023 (93 Punkte) * Merlot Reserve 2023\u00a0 (92 Punkte) * Cuv\u00e9e Gotinsprun 2023 (93 Punkte)  Zum Vorzugspreis um \u20ac 119,90 anstatt \u20ac 135,90","og_url":"https:\/\/www.weingutglatzer.at\/de\/produkt\/grosses-falstaff-packerl\/","og_site_name":"Weingut Glatzer","article_modified_time":"2025-11-28T11:54:28+00:00","og_image":[{"width":1810,"height":2560,"url":"https:\/\/www.weingutglatzer.at\/wp-content\/uploads\/2023\/12\/falstaffgross-scaled.jpg","type":"image\/jpeg"}],"twitter_card":"summary_large_image","twitter_misc":{"Gesch\u00e4tzte Lesezeit":"1\u00a0Minute"},"schema":{"@context":"https:\/\/schema.org","@graph":[{"@type":"WebPage","@id":"https:\/\/www.weingutglatzer.at\/de\/produkt\/grosses-falstaff-packerl\/","url":"https:\/\/www.weingutglatzer.at\/de\/produkt\/grosses-falstaff-packerl\/","name":"Gro\u00dfes Falstaff-Packerl - Weingut Glatzer","isPartOf":{"@id":"https:\/\/www.weingutglatzer.at\/de\/#website"},"primaryImageOfPage":{"@id":"https:\/\/www.weingutglatzer.at\/de\/produkt\/grosses-falstaff-packerl\/#primaryimage"},"image":{"@id":"https:\/\/www.weingutglatzer.at\/de\/produkt\/grosses-falstaff-packerl\/#primaryimage"},"thumbnailUrl":"https:\/\/www.weingutglatzer.at\/wp-content\/uploads\/2023\/12\/falstaffgross-scaled.jpg","datePublished":"2023-12-14T08:40:51+00:00","dateModified":"2025-11-28T11:54:28+00:00","breadcrumb":{"@id":"https:\/\/www.weingutglatzer.at\/de\/produkt\/grosses-falstaff-packerl\/#breadcrumb"},"inLanguage":"de","potentialAction":[{"@type":"ReadAction","target":["https:\/\/www.weingutglatzer.at\/de\/produkt\/grosses-falstaff-packerl\/"]}]},{"@type":"ImageObject","inLanguage":"de","@id":"https:\/\/www.weingutglatzer.at\/de\/produkt\/grosses-falstaff-packerl\/#primaryimage","url":"https:\/\/www.weingutglatzer.at\/wp-content\/uploads\/2023\/12\/falstaffgross-scaled.jpg","contentUrl":"https:\/\/www.weingutglatzer.at\/wp-content\/uploads\/2023\/12\/falstaffgross-scaled.jpg","width":1810,"height":2560},{"@type":"BreadcrumbList","@id":"https:\/\/www.weingutglatzer.at\/de\/produkt\/grosses-falstaff-packerl\/#breadcrumb","itemListElement":[{"@type":"ListItem","position":1,"name":"Startseite","item":"https:\/\/www.weingutglatzer.at\/de\/"},{"@type":"ListItem","position":2,"name":"Shop","item":"https:\/\/www.weingutglatzer.at\/de\/shop\/"},{"@type":"ListItem","position":3,"name":"Gro\u00dfes Falstaff-Packerl"}]},{"@type":"WebSite","@id":"https:\/\/www.weingutglatzer.at\/de\/#website","url":"https:\/\/www.weingutglatzer.at\/de\/","name":"Weingut Glatzer","description":"Carnuntum","potentialAction":[{"@type":"SearchAction","target":{"@type":"EntryPoint","urlTemplate":"https:\/\/www.weingutglatzer.at\/de\/?s={search_term_string}"},"query-input":{"@type":"PropertyValueSpecification","valueRequired":true,"valueName":"search_term_string"}}],"inLanguage":"de"}]}},"_links":{"self":[{"href":"https:\/\/www.weingutglatzer.at\/de\/wp-json\/wp\/v2\/product\/11579","targetHints":{"allow":["GET"]}}],"collection":[{"href":"https:\/\/www.weingutglatzer.at\/de\/wp-json\/wp\/v2\/product"}],"about":[{"href":"https:\/\/www.weingutglatzer.at\/de\/wp-json\/wp\/v2\/types\/product"}],"replies":[{"embeddable":true,"href":"https:\/\/www.weingutglatzer.at\/de\/wp-json\/wp\/v2\/comments?post=11579"}],"wp:featuredmedia":[{"embeddable":true,"href":"https:\/\/www.weingutglatzer.at\/de\/wp-json\/wp\/v2\/media\/12698"}],"wp:attachment":[{"href":"https:\/\/www.weingutglatzer.at\/de\/wp-json\/wp\/v2\/media?parent=11579"}],"wp:term":[{"taxonomy":"product_brand","embeddable":true,"href":"https:\/\/www.weingutglatzer.at\/de\/wp-json\/wp\/v2\/product_brand?post=11579"},{"taxonomy":"product_cat","embeddable":true,"href":"https:\/\/www.weingutglatzer.at\/de\/wp-json\/wp\/v2\/product_cat?post=11579"},{"taxonomy":"product_tag","embeddable":true,"href":"https:\/\/www.weingutglatzer.at\/de\/wp-json\/wp\/v2\/product_tag?post=11579"}],"curies":[{"name":"wp","href":"https:\/\/api.w.org\/{rel}","templated":true}]}}