{"id":691,"date":"2016-07-21T09:16:04","date_gmt":"2016-07-21T09:16:04","guid":{"rendered":"https:\/\/www.weingutglatzer.at\/?page_id=691"},"modified":"2025-09-02T18:48:11","modified_gmt":"2025-09-02T16:48:11","slug":"home-1-2-2","status":"publish","type":"page","link":"https:\/\/www.weingutglatzer.at\/de\/","title":{"rendered":"Home"},"content":{"rendered":"<p>[vc_row full_width=&#8220;stretch_row_content_no_spaces&#8220; full_height=&#8220;yes&#8220; columns_placement=&#8220;stretch&#8220; content_placement=&#8220;middle&#8220; css=&#8220;.vc_custom_1466087475749{background-color: #ffffff !important;}&#8220;][vc_column]<a id=\"sc_anchor_unser-weingut\" class=\"sc_anchor\" \n\t\ttitle=\"Unser Weingut\" \n\t\tdata-icon=\"\" \n\t\tdata-url=\"\"\n><\/a><div  \n\tclass=\"sc_promo sc_promo_default sc_promo_size_large\"\n\t\t><div class=\"sc_promo_image\" style=\"background-image:url(https:\/\/www.weingutglatzer.at\/wp-content\/uploads\/2018\/03\/img_blaumachen-1.jpg);width:50%;left: 0;\"><\/div><div class=\"sc_promo_text trx_addons_stretch_height\" style=\"width: 50%;float: right;\">\n\t\t\t<div class=\"sc_promo_text_inner sc_align_center\" style=\"\"><div class=\"sc_item_descr sc_promo_descr\"><img decoding=\"async\" src=\"\/wp-content\/uploads\/2018\/03\/Blaumachen-1.png\">\n<h2 class=\"sc_item_title sc_promo_title\">Unser Weingut<\/h2>\nWir leben Wein. Denn Winzer sein ist mehr als ein Beruf. Es ist Berufung. Daher machen wir t\u00e4glich blau \u2013 und auch wei\u00df \u2013 mit Hingabe und Freude.<\/div><div class=\"sc_item_button sc_promo_button sc_button_wrap\"><a href=\"\/unser-weingut\"\n\t \n\tclass=\"sc_button sc_button_simple sc_button_size_normal sc_button_icon_top\"\n\t\t><span class=\"sc_button_icon\"><span class=\"icon-down-big\"><\/span><\/span><span class=\"sc_button_text\"><span class=\"sc_button_title\">Weiterlesen<\/span><\/span><!-- \/.sc_button_text --><\/a><!-- \/.sc_button --><\/div><!-- \/.sc_item_button sc_promo_button --><\/div>\n\t\t<\/div><!-- \/.sc_promo_text --><\/div><!-- \/.sc_promo -->[\/vc_column][\/vc_row][vc_row full_width=&#8220;stretch_row_content_no_spaces&#8220; full_height=&#8220;yes&#8220; columns_placement=&#8220;stretch&#8220; content_placement=&#8220;middle&#8220;][vc_column css=&#8220;.vc_custom_1465806595697{background-position: center !important;background-repeat: no-repeat !important;background-size: cover !important;}&#8220;]<div  \n\tclass=\"sc_promo sc_promo_default sc_promo_size_large\"\n\t\t><div class=\"sc_promo_image\" style=\"background-image:url(https:\/\/www.weingutglatzer.at\/wp-content\/uploads\/2018\/03\/img_boden-1.jpg);width:50%;right: 0;\"><\/div><div class=\"sc_promo_text trx_addons_stretch_height\" style=\"width: 50%;float: left;\">\n\t\t\t<div class=\"sc_promo_text_inner sc_align_center\" style=\"\"><div class=\"sc_item_descr sc_promo_descr\"><img decoding=\"async\" src=\"\/wp-content\/uploads\/2018\/03\/Boden-1.png\">\n<h2 class=\"sc_item_title sc_promo_title\">Unsere Lagen<\/h2>\nDie gute Lage ist das Um und Auf eines guten Weines. Das wussten schon die alten R\u00f6mer, denen wir es gleichtun und uns t\u00e4glich die H\u00e4nde schmutzig machen.<\/div><div class=\"sc_item_button sc_promo_button sc_button_wrap\"><a href=\"\/de\/unsere-lagen\/\"\n\t \n\tclass=\"sc_button sc_button_simple sc_button_size_normal sc_button_icon_top\"\n\t\t><span class=\"sc_button_icon\"><span class=\"icon-down-big\"><\/span><\/span><span class=\"sc_button_text\"><span class=\"sc_button_title\">Mehr lesen<\/span><\/span><!-- \/.sc_button_text --><\/a><!-- \/.sc_button --><\/div><!-- \/.sc_item_button sc_promo_button --><\/div>\n\t\t<\/div><!-- \/.sc_promo_text --><\/div><!-- \/.sc_promo -->[\/vc_column][\/vc_row][vc_row full_width=&#8220;stretch_row_content_no_spaces&#8220; full_height=&#8220;yes&#8220; columns_placement=&#8220;stretch&#8220; content_placement=&#8220;middle&#8220;][vc_column css=&#8220;.vc_custom_1465806595697{background-position: center !important;background-repeat: no-repeat !important;background-size: cover !important;}&#8220;]<div  \n\tclass=\"sc_promo sc_promo_default sc_promo_size_large\"\n\t\t><div class=\"sc_promo_image\" style=\"background-image:url(https:\/\/www.weingutglatzer.at\/wp-content\/uploads\/2018\/03\/img_flaschendrehen-1.jpg);width:50%;left: 0;\"><\/div><div class=\"sc_promo_text trx_addons_stretch_height\" style=\"width: 50%;float: right;\">\n\t\t\t<div class=\"sc_promo_text_inner sc_align_center\" style=\"\"><div class=\"sc_item_descr sc_promo_descr\"><img decoding=\"async\" src=\"\/wp-content\/uploads\/2018\/03\/Flaschendrehen-1.png\">\n<h2 class=\"sc_item_title sc_promo_title\">Unsere Weine<\/h2>\nBei der Erzeugung unserer Weine vertrauen wir auf einen Mix aus Tradition und Innovation - \u00fcber Jahrhunderte bew\u00e4hrte Methoden des Weinbaus wie auch der Verarbeitung und Lagerung werden mit Hilfe moderner Technik umgesetzt.<\/div><div class=\"sc_item_button sc_promo_button sc_button_wrap\"><a href=\"\/de\/unsere-weine\/\"\n\t \n\tclass=\"sc_button sc_button_simple sc_button_size_normal sc_button_icon_top\"\n\t\t><span class=\"sc_button_icon\"><span class=\"icon-down-big\"><\/span><\/span><span class=\"sc_button_text\"><span class=\"sc_button_title\">Mehr lesen<\/span><\/span><!-- \/.sc_button_text --><\/a><!-- \/.sc_button --><\/div><!-- \/.sc_item_button sc_promo_button --><\/div>\n\t\t<\/div><!-- \/.sc_promo_text --><\/div><!-- \/.sc_promo -->[\/vc_column][\/vc_row][vc_row full_width=&#8220;stretch_row_content_no_spaces&#8220; full_height=&#8220;yes&#8220; columns_placement=&#8220;stretch&#8220; content_placement=&#8220;middle&#8220; disable_element=&#8220;yes&#8220;][vc_column width=&#8220;1\/2&#8243;]<div id=\"sc_content_2070336292\"\n\t\tclass=\"sc_content sc_content_default\n\t\t\t\t\t\t\t\t\t\t\t\t\t\t\t sc_padding_large\t\t\t\"\n\t\t><div class=\"sc_content_container\">[trx_sc_events cat=&#8220;0&#8243; count=&#8220;4&#8243; columns=&#8220;1&#8243; past=&#8220;&#8220; slider=&#8220;&#8220; slides_space=&#8220;0&#8243; title=&#8220;Events&#8220; subtitle=&#8220;&#8220; description=&#8220;&#8220; link=&#8220;https:\/\/www.weingutglatzer.at\/events\/&#8220; link_text=&#8220;All Events&#8220; link_image=&#8220;&#8220; scheme=&#8220;inherit&#8220; id=&#8220;&#8220; class=&#8220;&#8220; css=&#8220;&#8220; type=&#8220;detailed&#8220;]<\/div><\/div><!-- \/.sc_content -->[\/vc_column][vc_column width=&#8220;1\/2&#8243;]<a id=\"sc_anchor_events\" class=\"sc_anchor\" \n\t\ttitle=\"Events\" \n\t\tdata-icon=\"\" \n\t\tdata-url=\"\"\n><\/a><div  \n\tclass=\"sc_action sc_action_event\" data-slides-min-width=\"250\"\t><div class=\"sc_action_content sc_item_content\"><div class=\"sc_action_item sc_action_item_event with_image trx_addons_stretch_height\"\n\t\t\t style=\"background-image:url(https:\/\/www.weingutglatzer.at\/wp-content\/uploads\/2016\/06\/image-20.jpg);\">\n\t\t\t\t\t\t\t<div class=\"sc_action_item_mask\"><\/div>\n\t\t\t\t<div class=\"sc_action_item_inner\">\n\t\t\t\t<div class=\"sc_action_item_image\"><img decoding=\"async\" src=\"http:\/\/245\" alt=\"\"><\/div><h6 class=\"sc_action_item_subtitle\"><span>Spring Hill<\/span><\/h6><h2 class=\"sc_action_item_title\"><span>Wine Festival<\/span><\/h2><div class=\"sc_action_item_date\">Saturday, May 7, 2016<\/div><div class=\"sc_action_item_description\"><span>Historic Oaklawn Plantation<\/span><span><\/span><span><b>6-9 PM<\/b><\/span><\/div><div class=\"sc_action_item_info\"><span>33335 Denning Lane, Spring Hill * Tel. 800 1235 65 98 * facebook: Spring Hill<\/span><\/div><\/div><!-- \/.sc_action_inner --><a href=\"http:\/\/laonwine.themerex.net\/event\/wine-festival-spring-hill\/\" class=\"sc_action_item_link sc_action_item_link_over\"><\/a><\/div><\/div><\/div><!-- \/.sc_action -->[\/vc_column][\/vc_row][vc_row full_width=&#8220;stretch_row_content_no_spaces&#8220; content_placement=&#8220;middle&#8220; css=&#8220;.vc_custom_1528388120173{margin-bottom: 0px !important;border-bottom-width: 0px !important;padding-bottom: 0px !important;background-position: center !important;background-repeat: no-repeat !important;background-size: cover !important;}&#8220;][vc_column width=&#8220;1\/3&#8243; css=&#8220;.vc_custom_1528902090972{border-bottom-width: 0px !important;padding-top: 0px !important;padding-right: 8% !important;padding-bottom: 0px !important;padding-left: 8% !important;}&#8220; offset=&#8220;vc_col-lg-offset-4&#8243;]<a id=\"sc_anchor_kontakt\" class=\"sc_anchor\" \n\t\ttitle=\"Kontakt\" \n\t\tdata-icon=\"\" \n\t\tdata-url=\"\"\n><\/a>[vc_empty_space height=&#8220;&#8220; alter_height=&#8220;medium&#8220; hide_on_mobile=&#8220;&#8220;]<div  \n\tclass=\"sc_promo sc_promo_default sc_promo_size_normal sc_promo_no_paddings sc_promo_no_image\"\n\t\t><div class=\"sc_promo_text sc_float_center trx_addons_stretch_height\" style=\"width: 100%;\">\n\t\t\t<div class=\"sc_promo_text_inner sc_align_center\" style=\"\"><div class=\"sc_promo_icon\" data-icon=\"icon-locator\"><span class=\"icon-locator\"><\/span><\/div><h2 class=\"sc_item_title sc_promo_title\">Unsere Kontaktdaten<\/h2><div class=\"sc_promo_content sc_item_content\">[vc_column_text]<strong>Weingut Walter Glatzer<\/strong><\/p>\n<p>Rosenbergstra\u00dfe 5<br \/>\nA-2464 G\u00f6ttlesbrunn<br \/>\nCarnuntum &#8211; Austria<\/p>\n<p>Telefon <a href=\"tel:+4321628486\">+43 (2162) 8486<\/a>\u00a0| E-Mail <span id=\"mail1\"><a href=\"mailto:info@weingutglatzer.at?Subject=Homepage-Kontakt%20www.weingutglatzer.at\">info@weingutglatzer.at<\/a><\/span><\/p>\n<p>Newsletter: <a href=\"https:\/\/www.weingutglatzer.at\/de\/newsletter\/\">Hier anmelden<\/a><\/p>\n<p>Facebook &amp; Instagram: <a href=\"https:\/\/www.facebook.com\/walterglatzer\/\">@walterglatzer<\/a><\/p>\n<p><img loading=\"lazy\" decoding=\"async\" class=\"alignnone  wp-image-12556\" src=\"https:\/\/www.weingutglatzer.at\/wp-content\/uploads\/2025\/09\/9_Foeg_Leiste_EUGAP_DE_2025_4C-300x81.jpg\" alt=\"\" width=\"333\" height=\"90\" srcset=\"https:\/\/www.weingutglatzer.at\/wp-content\/uploads\/2025\/09\/9_Foeg_Leiste_EUGAP_DE_2025_4C-300x81.jpg 300w, https:\/\/www.weingutglatzer.at\/wp-content\/uploads\/2025\/09\/9_Foeg_Leiste_EUGAP_DE_2025_4C-1024x278.jpg 1024w, https:\/\/www.weingutglatzer.at\/wp-content\/uploads\/2025\/09\/9_Foeg_Leiste_EUGAP_DE_2025_4C-768x208.jpg 768w, https:\/\/www.weingutglatzer.at\/wp-content\/uploads\/2025\/09\/9_Foeg_Leiste_EUGAP_DE_2025_4C-370x100.jpg 370w, https:\/\/www.weingutglatzer.at\/wp-content\/uploads\/2025\/09\/9_Foeg_Leiste_EUGAP_DE_2025_4C-770x209.jpg 770w, https:\/\/www.weingutglatzer.at\/wp-content\/uploads\/2025\/09\/9_Foeg_Leiste_EUGAP_DE_2025_4C-540x146.jpg 540w, https:\/\/www.weingutglatzer.at\/wp-content\/uploads\/2025\/09\/9_Foeg_Leiste_EUGAP_DE_2025_4C.jpg 1512w\" sizes=\"auto, (max-width: 333px) 100vw, 333px\" \/><\/p>\n<h3><strong><img loading=\"lazy\" decoding=\"async\" class=\"alignnone wp-image-5169\" src=\"https:\/\/www.weingutglatzer.at\/wp-content\/uploads\/2020\/11\/Logo-TWG-white-300x300.png\" alt=\"Logo TWG\" width=\"262\" height=\"262\" srcset=\"https:\/\/www.weingutglatzer.at\/wp-content\/uploads\/2020\/11\/Logo-TWG-white-300x300.png 300w, https:\/\/www.weingutglatzer.at\/wp-content\/uploads\/2020\/11\/Logo-TWG-white-1024x1024.png 1024w, https:\/\/www.weingutglatzer.at\/wp-content\/uploads\/2020\/11\/Logo-TWG-white-150x150.png 150w, https:\/\/www.weingutglatzer.at\/wp-content\/uploads\/2020\/11\/Logo-TWG-white-768x768.png 768w, https:\/\/www.weingutglatzer.at\/wp-content\/uploads\/2020\/11\/Logo-TWG-white-1536x1536.png 1536w, https:\/\/www.weingutglatzer.at\/wp-content\/uploads\/2020\/11\/Logo-TWG-white-2048x2048.png 2048w, https:\/\/www.weingutglatzer.at\/wp-content\/uploads\/2020\/11\/Logo-TWG-white-75x75.png 75w, https:\/\/www.weingutglatzer.at\/wp-content\/uploads\/2020\/11\/Logo-TWG-white-370x370.png 370w, https:\/\/www.weingutglatzer.at\/wp-content\/uploads\/2020\/11\/Logo-TWG-white-770x770.png 770w, https:\/\/www.weingutglatzer.at\/wp-content\/uploads\/2020\/11\/Logo-TWG-white-540x540.png 540w, https:\/\/www.weingutglatzer.at\/wp-content\/uploads\/2020\/11\/Logo-TWG-white-100x100.png 100w\" sizes=\"auto, (max-width: 262px) 100vw, 262px\" \/><\/strong><\/h3>\n<h3><\/h3>\n<h3><\/h3>\n<h3><\/h3>\n<h3><\/h3>\n<h3><strong>Wo Sie uns finden:<\/strong><\/h3>\n<p>&nbsp;<\/p>\n<p><span id=\"mail1\"><\/span>[\/vc_column_text]<\/div><\/div>\n\t\t<\/div><!-- \/.sc_promo_text --><\/div><!-- \/.sc_promo -->[\/vc_column][\/vc_row][vc_row][vc_column]<div id=\"sc_googlemap_1226072186_wrap\" class=\"sc_googlemap_wrap\"><div id=\"sc_googlemap_1226072186\"\n\t\t\tclass=\"sc_googlemap sc_googlemap_default\"\n\t\t\t style=\".vc_custom_1528966899455{margin-top: -200px !important;border-top-width: -200px !important;padding-top: -200px !important;}width:100%;height:350px;\"\t\t\tdata-zoom=\"14\"\n\t\t\tdata-style=\"greyscale\"\n\t\t\t><div id=\"sc_googlemap_1226072186_1\" class=\"sc_googlemap_marker\"'\n\t\t\t\t\t\tdata-latlng=\"\"\n\t\t\t\t\t\tdata-address=\"Rosenbergstra\u00dfe 5, 2464, G\u00f6ttlesbrunn\"\n\t\t\t\t\t\tdata-description=\"\"\n\t\t\t\t\t\tdata-title=\"Weingut Glatzer\"\n\t\t\t\t\t\tdata-icon=\"https:\/\/www.weingutglatzer.at\/wp-content\/uploads\/2018\/06\/g-klein.png\"\n\t\t\t\t\t\t><\/div><\/div><\/div><!-- \/.sc_googlemap_wrap -->[\/vc_column][\/vc_row]<\/p>\n","protected":false},"excerpt":{"rendered":"<p>[vc_row full_width=&#8220;stretch_row_content_no_spaces&#8220; full_height=&#8220;yes&#8220; columns_placement=&#8220;stretch&#8220; content_placement=&#8220;middle&#8220; css=&#8220;.vc_custom_1466087475749{background-color: #ffffff !important;}&#8220;][vc_column][\/vc_column][\/vc_row][vc_row full_width=&#8220;stretch_row_content_no_spaces&#8220; full_height=&#8220;yes&#8220; columns_placement=&#8220;stretch&#8220; content_placement=&#8220;middle&#8220;][vc_column css=&#8220;.vc_custom_1465806595697{background-position: center !important;background-repeat: no-repeat !important;background-size: cover !important;}&#8220;][\/vc_column][\/vc_row][vc_row full_width=&#8220;stretch_row_content_no_spaces&#8220; full_height=&#8220;yes&#8220; columns_placement=&#8220;stretch&#8220; content_placement=&#8220;middle&#8220;][vc_column css=&#8220;.vc_custom_1465806595697{background-position: center !important;background-repeat: no-repeat !important;background-size: cover !important;}&#8220;][\/vc_column][\/vc_row][vc_row full_width=&#8220;stretch_row_content_no_spaces&#8220; full_height=&#8220;yes&#8220; columns_placement=&#8220;stretch&#8220; content_placement=&#8220;middle&#8220; disable_element=&#8220;yes&#8220;][vc_column width=&#8220;1\/2&#8243;][\/vc_column][vc_column width=&#8220;1\/2&#8243;][\/vc_column][\/vc_row][vc_row full_width=&#8220;stretch_row_content_no_spaces&#8220; content_placement=&#8220;middle&#8220; css=&#8220;.vc_custom_1528388120173{margin-bottom: 0px !important;border-bottom-width: 0px !important;padding-bottom: 0px !important;background-position: center !important;background-repeat: no-repeat !important;background-size: cover !important;}&#8220;][vc_column width=&#8220;1\/3&#8243; css=&#8220;.vc_custom_1528902090972{border-bottom-width: 0px !important;padding-top: 0px !important;padding-right: 8% !important;padding-bottom:&hellip;<\/p>\n","protected":false},"author":1,"featured_media":0,"parent":0,"menu_order":0,"comment_status":"closed","ping_status":"closed","template":"","meta":{"_acf_changed":false,"footnotes":""},"class_list":["post-691","page","type-page","status-publish","hentry"],"acf":[],"yoast_head":"<!-- This site is optimized with the Yoast SEO plugin v26.4 - https:\/\/yoast.com\/wordpress\/plugins\/seo\/ -->\n<title>Home - Weingut Glatzer<\/title>\n<meta name=\"robots\" content=\"index, follow, max-snippet:-1, max-image-preview:large, max-video-preview:-1\" \/>\n<link rel=\"canonical\" href=\"https:\/\/www.weingutglatzer.at\/de\/\" \/>\n<meta property=\"og:locale\" content=\"de_DE\" \/>\n<meta property=\"og:type\" content=\"article\" \/>\n<meta property=\"og:title\" content=\"Home - Weingut Glatzer\" \/>\n<meta property=\"og:description\" content=\"[vc_row full_width=&#8220;stretch_row_content_no_spaces&#8220; full_height=&#8220;yes&#8220; columns_placement=&#8220;stretch&#8220; content_placement=&#8220;middle&#8220; css=&#8220;.vc_custom_1466087475749{background-color: #ffffff !important;}&#8220;][vc_column][\/vc_column][\/vc_row][vc_row full_width=&#8220;stretch_row_content_no_spaces&#8220; full_height=&#8220;yes&#8220; columns_placement=&#8220;stretch&#8220; content_placement=&#8220;middle&#8220;][vc_column css=&#8220;.vc_custom_1465806595697{background-position: center !important;background-repeat: no-repeat !important;background-size: cover !important;}&#8220;][\/vc_column][\/vc_row][vc_row full_width=&#8220;stretch_row_content_no_spaces&#8220; full_height=&#8220;yes&#8220; columns_placement=&#8220;stretch&#8220; content_placement=&#8220;middle&#8220;][vc_column css=&#8220;.vc_custom_1465806595697{background-position: center !important;background-repeat: no-repeat !important;background-size: cover !important;}&#8220;][\/vc_column][\/vc_row][vc_row full_width=&#8220;stretch_row_content_no_spaces&#8220; full_height=&#8220;yes&#8220; columns_placement=&#8220;stretch&#8220; content_placement=&#8220;middle&#8220; disable_element=&#8220;yes&#8220;][vc_column width=&#8220;1\/2&#8243;][\/vc_column][vc_column width=&#8220;1\/2&#8243;][\/vc_column][\/vc_row][vc_row full_width=&#8220;stretch_row_content_no_spaces&#8220; content_placement=&#8220;middle&#8220; css=&#8220;.vc_custom_1528388120173{margin-bottom: 0px !important;border-bottom-width: 0px !important;padding-bottom: 0px !important;background-position: center !important;background-repeat: no-repeat !important;background-size: cover !important;}&#8220;][vc_column width=&#8220;1\/3&#8243; css=&#8220;.vc_custom_1528902090972{border-bottom-width: 0px !important;padding-top: 0px !important;padding-right: 8% !important;padding-bottom:&hellip;\" \/>\n<meta property=\"og:url\" content=\"https:\/\/www.weingutglatzer.at\/de\/\" \/>\n<meta property=\"og:site_name\" content=\"Weingut Glatzer\" \/>\n<meta property=\"article:modified_time\" content=\"2025-09-02T16:48:11+00:00\" \/>\n<meta property=\"og:image\" content=\"https:\/\/www.weingutglatzer.at\/wp-content\/uploads\/2025\/09\/9_Foeg_Leiste_EUGAP_DE_2025_4C-300x81.jpg\" \/>\n<meta name=\"twitter:card\" content=\"summary_large_image\" \/>\n<meta name=\"twitter:label1\" content=\"Gesch\u00e4tzte Lesezeit\" \/>\n\t<meta name=\"twitter:data1\" content=\"2\u00a0Minuten\" \/>\n<script type=\"application\/ld+json\" class=\"yoast-schema-graph\">{\"@context\":\"https:\/\/schema.org\",\"@graph\":[{\"@type\":\"WebPage\",\"@id\":\"https:\/\/www.weingutglatzer.at\/de\/\",\"url\":\"https:\/\/www.weingutglatzer.at\/de\/\",\"name\":\"Home - Weingut Glatzer\",\"isPartOf\":{\"@id\":\"https:\/\/www.weingutglatzer.at\/de\/#website\"},\"primaryImageOfPage\":{\"@id\":\"https:\/\/www.weingutglatzer.at\/de\/#primaryimage\"},\"image\":{\"@id\":\"https:\/\/www.weingutglatzer.at\/de\/#primaryimage\"},\"thumbnailUrl\":\"https:\/\/www.weingutglatzer.at\/wp-content\/uploads\/2025\/09\/9_Foeg_Leiste_EUGAP_DE_2025_4C-300x81.jpg\",\"datePublished\":\"2016-07-21T09:16:04+00:00\",\"dateModified\":\"2025-09-02T16:48:11+00:00\",\"breadcrumb\":{\"@id\":\"https:\/\/www.weingutglatzer.at\/de\/#breadcrumb\"},\"inLanguage\":\"de\",\"potentialAction\":[{\"@type\":\"ReadAction\",\"target\":[\"https:\/\/www.weingutglatzer.at\/de\/\"]}]},{\"@type\":\"ImageObject\",\"inLanguage\":\"de\",\"@id\":\"https:\/\/www.weingutglatzer.at\/de\/#primaryimage\",\"url\":\"https:\/\/www.weingutglatzer.at\/wp-content\/uploads\/2025\/09\/9_Foeg_Leiste_EUGAP_DE_2025_4C-300x81.jpg\",\"contentUrl\":\"https:\/\/www.weingutglatzer.at\/wp-content\/uploads\/2025\/09\/9_Foeg_Leiste_EUGAP_DE_2025_4C-300x81.jpg\"},{\"@type\":\"BreadcrumbList\",\"@id\":\"https:\/\/www.weingutglatzer.at\/de\/#breadcrumb\",\"itemListElement\":[{\"@type\":\"ListItem\",\"position\":1,\"name\":\"Startseite\",\"item\":\"https:\/\/www.weingutglatzer.at\/de\/\"},{\"@type\":\"ListItem\",\"position\":2,\"name\":\"Home\"}]},{\"@type\":\"WebSite\",\"@id\":\"https:\/\/www.weingutglatzer.at\/de\/#website\",\"url\":\"https:\/\/www.weingutglatzer.at\/de\/\",\"name\":\"Weingut Glatzer\",\"description\":\"Carnuntum\",\"potentialAction\":[{\"@type\":\"SearchAction\",\"target\":{\"@type\":\"EntryPoint\",\"urlTemplate\":\"https:\/\/www.weingutglatzer.at\/de\/?s={search_term_string}\"},\"query-input\":{\"@type\":\"PropertyValueSpecification\",\"valueRequired\":true,\"valueName\":\"search_term_string\"}}],\"inLanguage\":\"de\"}]}<\/script>\n<!-- \/ Yoast SEO plugin. -->","yoast_head_json":{"title":"Home - Weingut Glatzer","robots":{"index":"index","follow":"follow","max-snippet":"max-snippet:-1","max-image-preview":"max-image-preview:large","max-video-preview":"max-video-preview:-1"},"canonical":"https:\/\/www.weingutglatzer.at\/de\/","og_locale":"de_DE","og_type":"article","og_title":"Home - Weingut Glatzer","og_description":"[vc_row full_width=&#8220;stretch_row_content_no_spaces&#8220; full_height=&#8220;yes&#8220; columns_placement=&#8220;stretch&#8220; content_placement=&#8220;middle&#8220; css=&#8220;.vc_custom_1466087475749{background-color: #ffffff !important;}&#8220;][vc_column][\/vc_column][\/vc_row][vc_row full_width=&#8220;stretch_row_content_no_spaces&#8220; full_height=&#8220;yes&#8220; columns_placement=&#8220;stretch&#8220; content_placement=&#8220;middle&#8220;][vc_column css=&#8220;.vc_custom_1465806595697{background-position: center !important;background-repeat: no-repeat !important;background-size: cover !important;}&#8220;][\/vc_column][\/vc_row][vc_row full_width=&#8220;stretch_row_content_no_spaces&#8220; full_height=&#8220;yes&#8220; columns_placement=&#8220;stretch&#8220; content_placement=&#8220;middle&#8220;][vc_column css=&#8220;.vc_custom_1465806595697{background-position: center !important;background-repeat: no-repeat !important;background-size: cover !important;}&#8220;][\/vc_column][\/vc_row][vc_row full_width=&#8220;stretch_row_content_no_spaces&#8220; full_height=&#8220;yes&#8220; columns_placement=&#8220;stretch&#8220; content_placement=&#8220;middle&#8220; disable_element=&#8220;yes&#8220;][vc_column width=&#8220;1\/2&#8243;][\/vc_column][vc_column width=&#8220;1\/2&#8243;][\/vc_column][\/vc_row][vc_row full_width=&#8220;stretch_row_content_no_spaces&#8220; content_placement=&#8220;middle&#8220; css=&#8220;.vc_custom_1528388120173{margin-bottom: 0px !important;border-bottom-width: 0px !important;padding-bottom: 0px !important;background-position: center !important;background-repeat: no-repeat !important;background-size: cover !important;}&#8220;][vc_column width=&#8220;1\/3&#8243; css=&#8220;.vc_custom_1528902090972{border-bottom-width: 0px !important;padding-top: 0px !important;padding-right: 8% !important;padding-bottom:&hellip;","og_url":"https:\/\/www.weingutglatzer.at\/de\/","og_site_name":"Weingut Glatzer","article_modified_time":"2025-09-02T16:48:11+00:00","og_image":[{"url":"https:\/\/www.weingutglatzer.at\/wp-content\/uploads\/2025\/09\/9_Foeg_Leiste_EUGAP_DE_2025_4C-300x81.jpg","type":"","width":"","height":""}],"twitter_card":"summary_large_image","twitter_misc":{"Gesch\u00e4tzte Lesezeit":"2\u00a0Minuten"},"schema":{"@context":"https:\/\/schema.org","@graph":[{"@type":"WebPage","@id":"https:\/\/www.weingutglatzer.at\/de\/","url":"https:\/\/www.weingutglatzer.at\/de\/","name":"Home - Weingut Glatzer","isPartOf":{"@id":"https:\/\/www.weingutglatzer.at\/de\/#website"},"primaryImageOfPage":{"@id":"https:\/\/www.weingutglatzer.at\/de\/#primaryimage"},"image":{"@id":"https:\/\/www.weingutglatzer.at\/de\/#primaryimage"},"thumbnailUrl":"https:\/\/www.weingutglatzer.at\/wp-content\/uploads\/2025\/09\/9_Foeg_Leiste_EUGAP_DE_2025_4C-300x81.jpg","datePublished":"2016-07-21T09:16:04+00:00","dateModified":"2025-09-02T16:48:11+00:00","breadcrumb":{"@id":"https:\/\/www.weingutglatzer.at\/de\/#breadcrumb"},"inLanguage":"de","potentialAction":[{"@type":"ReadAction","target":["https:\/\/www.weingutglatzer.at\/de\/"]}]},{"@type":"ImageObject","inLanguage":"de","@id":"https:\/\/www.weingutglatzer.at\/de\/#primaryimage","url":"https:\/\/www.weingutglatzer.at\/wp-content\/uploads\/2025\/09\/9_Foeg_Leiste_EUGAP_DE_2025_4C-300x81.jpg","contentUrl":"https:\/\/www.weingutglatzer.at\/wp-content\/uploads\/2025\/09\/9_Foeg_Leiste_EUGAP_DE_2025_4C-300x81.jpg"},{"@type":"BreadcrumbList","@id":"https:\/\/www.weingutglatzer.at\/de\/#breadcrumb","itemListElement":[{"@type":"ListItem","position":1,"name":"Startseite","item":"https:\/\/www.weingutglatzer.at\/de\/"},{"@type":"ListItem","position":2,"name":"Home"}]},{"@type":"WebSite","@id":"https:\/\/www.weingutglatzer.at\/de\/#website","url":"https:\/\/www.weingutglatzer.at\/de\/","name":"Weingut Glatzer","description":"Carnuntum","potentialAction":[{"@type":"SearchAction","target":{"@type":"EntryPoint","urlTemplate":"https:\/\/www.weingutglatzer.at\/de\/?s={search_term_string}"},"query-input":{"@type":"PropertyValueSpecification","valueRequired":true,"valueName":"search_term_string"}}],"inLanguage":"de"}]}},"_links":{"self":[{"href":"https:\/\/www.weingutglatzer.at\/de\/wp-json\/wp\/v2\/pages\/691","targetHints":{"allow":["GET"]}}],"collection":[{"href":"https:\/\/www.weingutglatzer.at\/de\/wp-json\/wp\/v2\/pages"}],"about":[{"href":"https:\/\/www.weingutglatzer.at\/de\/wp-json\/wp\/v2\/types\/page"}],"author":[{"embeddable":true,"href":"https:\/\/www.weingutglatzer.at\/de\/wp-json\/wp\/v2\/users\/1"}],"replies":[{"embeddable":true,"href":"https:\/\/www.weingutglatzer.at\/de\/wp-json\/wp\/v2\/comments?post=691"}],"version-history":[{"count":165,"href":"https:\/\/www.weingutglatzer.at\/de\/wp-json\/wp\/v2\/pages\/691\/revisions"}],"predecessor-version":[{"id":12558,"href":"https:\/\/www.weingutglatzer.at\/de\/wp-json\/wp\/v2\/pages\/691\/revisions\/12558"}],"wp:attachment":[{"href":"https:\/\/www.weingutglatzer.at\/de\/wp-json\/wp\/v2\/media?parent=691"}],"curies":[{"name":"wp","href":"https:\/\/api.w.org\/{rel}","templated":true}]}}