{"id":36,"date":"2016-05-13T08:56:39","date_gmt":"2016-05-13T06:56:39","guid":{"rendered":"https:\/\/www.weingutglatzer.at\/?page_id=36"},"modified":"2018-05-29T16:23:43","modified_gmt":"2018-05-29T14:23:43","slug":"unser-weingut","status":"publish","type":"page","link":"https:\/\/www.weingutglatzer.at\/de\/unser-weingut\/","title":{"rendered":"Unser Weingut"},"content":{"rendered":"<p>[vc_row][vc_column width=&#8220;1\/2&#8243; offset=&#8220;vc_col-lg-6 vc_col-md-6&#8243;][vc_column_text]Man schrieb das Jahr 1987, als wir die Tore zu unserem damals noch 4,5 ha gro\u00dfen Weingut in Carnuntum \u00f6ffneten \u2013 dem ber\u00fchmten Weinbaugebiet \u00f6stlich von Wien, das bereits die alten R\u00f6mer ob seiner klimatisch g\u00fcnstigen Lage zu sch\u00e4tzen wussten. Mit den Jahren wuchsen die Rebst\u00f6cke parallel zu unseren Ambitionen, sodass wir heute 250.000 Weinflaschen j\u00e4hrlich um die ganze Welt schicken.<\/p>\n<p>Dass bei dieser Quantit\u00e4t auch die Qualit\u00e4t mitgehalten hat, beweisen die zahlreichen Auszeichnungen, die unsere Weine erhalten haben. Unsere Premiumweine, wie der Blaufr\u00e4nkisch Bernreiser, der St. Laurent von Altenberg und unser bekanntes Aush\u00e4ngeschild, der Zweigelt Dornenvogel, \u00fcberzeugen regelm\u00e4\u00dfig anspruchsvolle Gaumen. Um es in den Worten des Falstaff-Magazins zu sagen:<\/p>\n<blockquote><p>Walter Glatzer ist einer der qualitativen Motoren der Weinbauregion Carnuntum. Seine Rotweine, allen voran der Zweigelt \u201aDornenvogel\u201b, z\u00e4hlen zu den Produkten mit dem besten Preis-Leistungs-Verh\u00e4ltnis \u00d6sterreichs.<\/p><\/blockquote>\n<p>Damit dieser Motor auch wie geschmiert l\u00e4uft, bedarf es der Unterst\u00fctzung einer ganzen Familie, zu der Ehefrau Doris, Tochter Hanna und Sohn Mathias z\u00e4hlen. Schlie\u00dflich machen erst unterschiedliche Charaktereigenschaften einen guten Wein aus.<\/p>\n<p>N\u00e4heres zu unseren Weinen finden Sie <a href=\"https:\/\/www.weingutglatzer.at\/de\/unsere-weine\/\">hier<\/a>.<\/p>\n<p><a href=\"https:\/\/www.weingutglatzer.at\/wp-content\/uploads\/2018\/05\/GLA_newspaper_2016.pdf\" target=\"_blank\" rel=\"noopener\">PDF-Download der \u201eZeitung\u201c<\/a><\/p>\n<p><strong>Aktuell arbeiten wir mit der Ernte 2018 an der Bio-Wein-Zertifizierung. Lagen, Reserve und alte\u00a0Reben sind dann organisch-biologisch und in weiterer Folge dynamisch-biologisch erh\u00e4ltlich.<\/strong>[\/vc_column_text][\/vc_column][vc_column width=&#8220;1\/2&#8243;][vc_single_image image=&#8220;1931&#8243; img_size=&#8220;large&#8220; onclick=&#8220;img_link_large&#8220;][vc_empty_space hide_on_mobile=&#8220;&#8220;][\/vc_column][\/vc_row]<\/p>\n","protected":false},"excerpt":{"rendered":"<p>[vc_row][vc_column width=&#8220;1\/2&#8243; offset=&#8220;vc_col-lg-6 vc_col-md-6&#8243;][vc_column_text]Man schrieb das Jahr 1987, als wir die Tore zu unserem damals noch 4,5 ha gro\u00dfen Weingut in Carnuntum \u00f6ffneten \u2013 dem ber\u00fchmten Weinbaugebiet \u00f6stlich von Wien, das bereits die alten R\u00f6mer ob seiner klimatisch g\u00fcnstigen Lage zu sch\u00e4tzen wussten. Mit den Jahren wuchsen die Rebst\u00f6cke parallel zu unseren Ambitionen, sodass wir heute 250.000 Weinflaschen j\u00e4hrlich um&hellip;<\/p>\n","protected":false},"author":1,"featured_media":0,"parent":0,"menu_order":9,"comment_status":"closed","ping_status":"closed","template":"","meta":{"_acf_changed":false,"footnotes":""},"class_list":["post-36","page","type-page","status-publish","hentry"],"acf":[],"yoast_head":"<!-- This site is optimized with the Yoast SEO plugin v26.4 - https:\/\/yoast.com\/wordpress\/plugins\/seo\/ -->\n<title>Unser Weingut - Weingut Glatzer<\/title>\n<meta name=\"robots\" content=\"index, follow, max-snippet:-1, max-image-preview:large, max-video-preview:-1\" \/>\n<link rel=\"canonical\" href=\"https:\/\/www.weingutglatzer.at\/de\/unser-weingut\/\" \/>\n<meta property=\"og:locale\" content=\"de_DE\" \/>\n<meta property=\"og:type\" content=\"article\" \/>\n<meta property=\"og:title\" content=\"Unser Weingut - Weingut Glatzer\" \/>\n<meta property=\"og:description\" content=\"[vc_row][vc_column width=&#8220;1\/2&#8243; offset=&#8220;vc_col-lg-6 vc_col-md-6&#8243;][vc_column_text]Man schrieb das Jahr 1987, als wir die Tore zu unserem damals noch 4,5 ha gro\u00dfen Weingut in Carnuntum \u00f6ffneten \u2013 dem ber\u00fchmten Weinbaugebiet \u00f6stlich von Wien, das bereits die alten R\u00f6mer ob seiner klimatisch g\u00fcnstigen Lage zu sch\u00e4tzen wussten. Mit den Jahren wuchsen die Rebst\u00f6cke parallel zu unseren Ambitionen, sodass wir heute 250.000 Weinflaschen j\u00e4hrlich um&hellip;\" \/>\n<meta property=\"og:url\" content=\"https:\/\/www.weingutglatzer.at\/de\/unser-weingut\/\" \/>\n<meta property=\"og:site_name\" content=\"Weingut Glatzer\" \/>\n<meta property=\"article:modified_time\" content=\"2018-05-29T14:23:43+00:00\" \/>\n<meta name=\"twitter:card\" content=\"summary_large_image\" \/>\n<meta name=\"twitter:label1\" content=\"Gesch\u00e4tzte Lesezeit\" \/>\n\t<meta name=\"twitter:data1\" content=\"1\u00a0Minute\" \/>\n<script type=\"application\/ld+json\" class=\"yoast-schema-graph\">{\"@context\":\"https:\/\/schema.org\",\"@graph\":[{\"@type\":\"WebPage\",\"@id\":\"https:\/\/www.weingutglatzer.at\/de\/unser-weingut\/\",\"url\":\"https:\/\/www.weingutglatzer.at\/de\/unser-weingut\/\",\"name\":\"Unser Weingut - Weingut Glatzer\",\"isPartOf\":{\"@id\":\"https:\/\/www.weingutglatzer.at\/de\/#website\"},\"datePublished\":\"2016-05-13T06:56:39+00:00\",\"dateModified\":\"2018-05-29T14:23:43+00:00\",\"breadcrumb\":{\"@id\":\"https:\/\/www.weingutglatzer.at\/de\/unser-weingut\/#breadcrumb\"},\"inLanguage\":\"de\",\"potentialAction\":[{\"@type\":\"ReadAction\",\"target\":[\"https:\/\/www.weingutglatzer.at\/de\/unser-weingut\/\"]}]},{\"@type\":\"BreadcrumbList\",\"@id\":\"https:\/\/www.weingutglatzer.at\/de\/unser-weingut\/#breadcrumb\",\"itemListElement\":[{\"@type\":\"ListItem\",\"position\":1,\"name\":\"Startseite\",\"item\":\"https:\/\/www.weingutglatzer.at\/de\/\"},{\"@type\":\"ListItem\",\"position\":2,\"name\":\"Unser Weingut\"}]},{\"@type\":\"WebSite\",\"@id\":\"https:\/\/www.weingutglatzer.at\/de\/#website\",\"url\":\"https:\/\/www.weingutglatzer.at\/de\/\",\"name\":\"Weingut Glatzer\",\"description\":\"Carnuntum\",\"potentialAction\":[{\"@type\":\"SearchAction\",\"target\":{\"@type\":\"EntryPoint\",\"urlTemplate\":\"https:\/\/www.weingutglatzer.at\/de\/?s={search_term_string}\"},\"query-input\":{\"@type\":\"PropertyValueSpecification\",\"valueRequired\":true,\"valueName\":\"search_term_string\"}}],\"inLanguage\":\"de\"}]}<\/script>\n<!-- \/ Yoast SEO plugin. -->","yoast_head_json":{"title":"Unser Weingut - Weingut Glatzer","robots":{"index":"index","follow":"follow","max-snippet":"max-snippet:-1","max-image-preview":"max-image-preview:large","max-video-preview":"max-video-preview:-1"},"canonical":"https:\/\/www.weingutglatzer.at\/de\/unser-weingut\/","og_locale":"de_DE","og_type":"article","og_title":"Unser Weingut - Weingut Glatzer","og_description":"[vc_row][vc_column width=&#8220;1\/2&#8243; offset=&#8220;vc_col-lg-6 vc_col-md-6&#8243;][vc_column_text]Man schrieb das Jahr 1987, als wir die Tore zu unserem damals noch 4,5 ha gro\u00dfen Weingut in Carnuntum \u00f6ffneten \u2013 dem ber\u00fchmten Weinbaugebiet \u00f6stlich von Wien, das bereits die alten R\u00f6mer ob seiner klimatisch g\u00fcnstigen Lage zu sch\u00e4tzen wussten. Mit den Jahren wuchsen die Rebst\u00f6cke parallel zu unseren Ambitionen, sodass wir heute 250.000 Weinflaschen j\u00e4hrlich um&hellip;","og_url":"https:\/\/www.weingutglatzer.at\/de\/unser-weingut\/","og_site_name":"Weingut Glatzer","article_modified_time":"2018-05-29T14:23:43+00:00","twitter_card":"summary_large_image","twitter_misc":{"Gesch\u00e4tzte Lesezeit":"1\u00a0Minute"},"schema":{"@context":"https:\/\/schema.org","@graph":[{"@type":"WebPage","@id":"https:\/\/www.weingutglatzer.at\/de\/unser-weingut\/","url":"https:\/\/www.weingutglatzer.at\/de\/unser-weingut\/","name":"Unser Weingut - Weingut Glatzer","isPartOf":{"@id":"https:\/\/www.weingutglatzer.at\/de\/#website"},"datePublished":"2016-05-13T06:56:39+00:00","dateModified":"2018-05-29T14:23:43+00:00","breadcrumb":{"@id":"https:\/\/www.weingutglatzer.at\/de\/unser-weingut\/#breadcrumb"},"inLanguage":"de","potentialAction":[{"@type":"ReadAction","target":["https:\/\/www.weingutglatzer.at\/de\/unser-weingut\/"]}]},{"@type":"BreadcrumbList","@id":"https:\/\/www.weingutglatzer.at\/de\/unser-weingut\/#breadcrumb","itemListElement":[{"@type":"ListItem","position":1,"name":"Startseite","item":"https:\/\/www.weingutglatzer.at\/de\/"},{"@type":"ListItem","position":2,"name":"Unser Weingut"}]},{"@type":"WebSite","@id":"https:\/\/www.weingutglatzer.at\/de\/#website","url":"https:\/\/www.weingutglatzer.at\/de\/","name":"Weingut Glatzer","description":"Carnuntum","potentialAction":[{"@type":"SearchAction","target":{"@type":"EntryPoint","urlTemplate":"https:\/\/www.weingutglatzer.at\/de\/?s={search_term_string}"},"query-input":{"@type":"PropertyValueSpecification","valueRequired":true,"valueName":"search_term_string"}}],"inLanguage":"de"}]}},"_links":{"self":[{"href":"https:\/\/www.weingutglatzer.at\/de\/wp-json\/wp\/v2\/pages\/36","targetHints":{"allow":["GET"]}}],"collection":[{"href":"https:\/\/www.weingutglatzer.at\/de\/wp-json\/wp\/v2\/pages"}],"about":[{"href":"https:\/\/www.weingutglatzer.at\/de\/wp-json\/wp\/v2\/types\/page"}],"author":[{"embeddable":true,"href":"https:\/\/www.weingutglatzer.at\/de\/wp-json\/wp\/v2\/users\/1"}],"replies":[{"embeddable":true,"href":"https:\/\/www.weingutglatzer.at\/de\/wp-json\/wp\/v2\/comments?post=36"}],"version-history":[{"count":59,"href":"https:\/\/www.weingutglatzer.at\/de\/wp-json\/wp\/v2\/pages\/36\/revisions"}],"predecessor-version":[{"id":2017,"href":"https:\/\/www.weingutglatzer.at\/de\/wp-json\/wp\/v2\/pages\/36\/revisions\/2017"}],"wp:attachment":[{"href":"https:\/\/www.weingutglatzer.at\/de\/wp-json\/wp\/v2\/media?parent=36"}],"curies":[{"name":"wp","href":"https:\/\/api.w.org\/{rel}","templated":true}]}}