{"id":299,"date":"2016-05-31T12:38:52","date_gmt":"2016-05-31T10:38:52","guid":{"rendered":"https:\/\/www.weingutglatzer.at\/?page_id=299"},"modified":"2020-10-29T17:15:40","modified_gmt":"2020-10-29T16:15:40","slug":"kontakt","status":"publish","type":"page","link":"https:\/\/www.weingutglatzer.at\/de\/kontakt\/","title":{"rendered":"Unsere Kontaktdaten"},"content":{"rendered":"<p>[vc_row full_width=&#8220;stretch_row_content_no_spaces&#8220; disable_element=&#8220;yes&#8220;][vc_column 0=&#8220;&#8220;]<div id=\"sc_googlemap_1020858285_wrap\" class=\"sc_googlemap_wrap\"><div id=\"sc_googlemap_1020858285\"\n\t\t\tclass=\"sc_googlemap sc_googlemap_default\"\n\t\t\t style=\"width:100%;height:660px;\"\t\t\tdata-zoom=\"12\"\n\t\t\tdata-style=\"greyscale\"\n\t\t\t><div id=\"sc_googlemap_1020858285_1\" class=\"sc_googlemap_marker\"'\n\t\t\t\t\t\tdata-latlng=\"48.060686, 16.736871\"\n\t\t\t\t\t\tdata-address=\"Rosenbergstra\u00dfe 5, A-2464 G\u00f6ttlesbrunn, Austria\"\n\t\t\t\t\t\tdata-description=\"\"\n\t\t\t\t\t\tdata-title=\"Weingut Walter Glatzer \"\n\t\t\t\t\t\tdata-icon=\"303\"\n\t\t\t\t\t\t><\/div><\/div><div class=\"scheme_dark sc_googlemap_content sc_googlemap_content_default\">[vc_column_text 0=&#8220;&#8220;]<em><b>Weingut Walter Glatzer<\/b><\/em><\/p>\n<p><em><b>Address:<\/b><\/em><br \/>\nRosenbergstra\u00dfe 5 | A-2464 G\u00f6ttlesbrunn | Austria<\/p>\n<p><em><b>Telephone:<\/b><\/em><br \/>\n<a href=\"tel:+4321628486\">+43 (2162) 8486<\/a><\/p>\n<p><em><b>E-mail:<\/b><\/em><br \/>\n<span id=\"mail\"><a class=\"selected\" href=\"mailto:info@weingutglatzer.at?Subject=Homepage-Kontakt%20www.weingutglatzer.at\">info@weingutglatzer.at<\/a><\/span>[\/vc_column_text]<\/div><\/div><!-- \/.sc_googlemap_wrap -->[\/vc_column][\/vc_row][vc_row][vc_column]<div id=\"sc_googlemap_1881520481_wrap\" class=\"sc_googlemap_wrap\"><div id=\"sc_googlemap_1881520481\"\n\t\t\tclass=\"sc_googlemap sc_googlemap_default\"\n\t\t\t style=\".vc_custom_1528967088571{margin-top: -200px !important;border-top-width: -200px !important;padding-top: -200px !important;}width:100%;height:350px;\"\t\t\tdata-zoom=\"14\"\n\t\t\tdata-style=\"greyscale\"\n\t\t\t><div id=\"sc_googlemap_1881520481_1\" class=\"sc_googlemap_marker\"'\n\t\t\t\t\t\tdata-latlng=\"\"\n\t\t\t\t\t\tdata-address=\"Rosenbergstra\u00dfe 5, 2464, G\u00f6ttlesbrunn\"\n\t\t\t\t\t\tdata-description=\"\"\n\t\t\t\t\t\tdata-title=\"Weingut Glatzer\"\n\t\t\t\t\t\tdata-icon=\"https:\/\/www.weingutglatzer.at\/wp-content\/uploads\/2018\/06\/g-klein.png\"\n\t\t\t\t\t\t><\/div><\/div><\/div><!-- \/.sc_googlemap_wrap -->[vc_empty_space hide_on_mobile=&#8220;&#8220;][\/vc_column][\/vc_row][vc_row 0=&#8220;&#8220;][vc_column width=&#8220;1\/3&#8243;][vc_column_text]Weingut Walter Glatzer<br \/>\nRosenbergstra\u00dfe 5<br \/>\nA-2464 G\u00f6ttlesbrunn<\/p>\n<p>Carnuntum \u2013 Austria<\/p>\n<p>Telefon <a href=\"tel:+4321628486\">+43 (2162) 8486<\/a><\/p>\n<p><a href=\"mailto:info@weingutglatzer.at\">info@weingutglatzer.at<\/a><\/p>\n<p>[\/vc_column_text][\/vc_column][vc_column width=&#8220;2\/3&#8243;][vc_column_text]<b>Wein ab Hof<\/b><\/p>\n<p>Wir haben f\u00fcr Sie unseren Ab-Hof Verkauf von<br \/>\nMo. bis Sa. von 08:00-12:00 Uhr und 13:00 bis 17:00 Uhr ge\u00f6ffnet.<\/p>\n<p>Trotzdem bitten wir Sie, sich vorher telefonisch anzumelden.<\/p>\n<p>Wenn Sie noch mehr \u00fcber uns wissen m\u00f6chten, abonnieren Sie <a href=\"https:\/\/www.weingutglatzer.at\/newsletter\/\" target=\"_blank\" rel=\"noopener noreferrer\">hier<\/a> unseren Newsletter.[\/vc_column_text][\/vc_column][vc_column 0=&#8220;&#8220;][vc_separator color=&#8220;white&#8220; style=&#8220;dotted&#8220;][vc_column_text]<\/p>\n<blockquote>\n<p style=\"text-align: center;\">\u00dcber eine gute Flasche Wein kommt man immer ins Gespr\u00e4ch. Kontaktieren Sie uns.<\/p>\n<\/blockquote>\n<p>[\/vc_column_text][vc_separator color=&#8220;white&#8220; style=&#8220;dotted&#8220;]<div\n\t\tclass=\"sc_form sc_form_default sc_align_center\"\n\t\t>\n\t<h5 class=\"sc_item_subtitle sc_form_subtitle\">Wir freuen uns auf Ihre Anfrage.<\/h5>\t<form class=\"sc_form_form sc_input_hover_underline\" method=\"post\" action=\"https:\/\/www.weingutglatzer.at\/wp-admin\/admin-ajax.php\">\n\t\t<div class=\"sc_form_details trx_addons_columns_wrap\"><div class=\"trx_addons_column-1_2\"><label class=\"sc_form_field sc_form_field_name required\">\n\t\t<span class=\"sc_form_field_wrap\"><input type=\"text\" \n\t\t\t\t\tname=\"name\"\n\t\t\t\t\t aria-required=\"true\"\t\t\t\t\t\t\t\t\t\t><span class=\"sc_form_field_hover\"><span class=\"sc_form_field_content\" data-content=\"Name\">Name<\/span><\/span>\t<\/span>\n<\/label>\n\t\t\t<\/div><div class=\"trx_addons_column-1_2\"><label class=\"sc_form_field sc_form_field_email required\">\n\t\t<span class=\"sc_form_field_wrap\"><input type=\"text\" \n\t\t\t\t\tname=\"email\"\n\t\t\t\t\t aria-required=\"true\"\t\t\t\t\t\t\t\t\t\t><span class=\"sc_form_field_hover\"><span class=\"sc_form_field_content\" data-content=\"E-mail\">E-mail<\/span><\/span>\t<\/span>\n<\/label>\n\t\t\t<\/div><\/div><label class=\"sc_form_field sc_form_field_message required\">\n\t\t<span class=\"sc_form_field_wrap\"><textarea name=\"message\"\n\t\t\t\t\t aria-required=\"true\"\t\t\t\t\t\t\t\t\t\t><\/textarea><span class=\"sc_form_field_hover\"><span class=\"sc_form_field_content\" data-content=\"Message\">Message<\/span><\/span>\t<\/span>\n<\/label>\n\t\t<div class=\"sc_form_field sc_form_field_button\"><button>Send Message<\/button><\/div>\n\t\t<div class=\"trx_addons_message_box sc_form_result\"><\/div>\n\t<\/form>\n<\/div><!-- \/.sc_form -->\n[\/vc_column][\/vc_row]<\/p>\n","protected":false},"excerpt":{"rendered":"<p>[vc_row full_width=&#8220;stretch_row_content_no_spaces&#8220; disable_element=&#8220;yes&#8220;][vc_column 0=&#8220;&#8220;][\/vc_column][\/vc_row][vc_row][vc_column][vc_empty_space hide_on_mobile=&#8220;&#8220;][\/vc_column][\/vc_row][vc_row 0=&#8220;&#8220;][vc_column width=&#8220;1\/3&#8243;][vc_column_text]Weingut Walter Glatzer Rosenbergstra\u00dfe 5 A-2464 G\u00f6ttlesbrunn Carnuntum \u2013 Austria Telefon +43 (2162) 8486 info@weingutglatzer.at [\/vc_column_text][\/vc_column][vc_column width=&#8220;2\/3&#8243;][vc_column_text]Wein ab Hof Wir haben f\u00fcr Sie unseren Ab-Hof Verkauf von Mo. bis Sa. von 08:00-12:00 Uhr und 13:00 bis 17:00 Uhr ge\u00f6ffnet. Trotzdem bitten wir Sie, sich vorher telefonisch anzumelden. Wenn Sie noch mehr \u00fcber uns wissen&hellip;<\/p>\n","protected":false},"author":1,"featured_media":0,"parent":0,"menu_order":8,"comment_status":"closed","ping_status":"closed","template":"","meta":{"_acf_changed":false,"footnotes":""},"class_list":["post-299","page","type-page","status-publish","hentry"],"acf":[],"yoast_head":"<!-- This site is optimized with the Yoast SEO plugin v26.4 - https:\/\/yoast.com\/wordpress\/plugins\/seo\/ -->\n<title>Unsere Kontaktdaten - Weingut Glatzer<\/title>\n<meta name=\"robots\" content=\"index, follow, max-snippet:-1, max-image-preview:large, max-video-preview:-1\" \/>\n<link rel=\"canonical\" href=\"https:\/\/www.weingutglatzer.at\/de\/kontakt\/\" \/>\n<meta property=\"og:locale\" content=\"de_DE\" \/>\n<meta property=\"og:type\" content=\"article\" \/>\n<meta property=\"og:title\" content=\"Unsere Kontaktdaten - Weingut Glatzer\" \/>\n<meta property=\"og:description\" content=\"[vc_row full_width=&#8220;stretch_row_content_no_spaces&#8220; disable_element=&#8220;yes&#8220;][vc_column 0=&#8220;&#8220;][\/vc_column][\/vc_row][vc_row][vc_column][vc_empty_space hide_on_mobile=&#8220;&#8220;][\/vc_column][\/vc_row][vc_row 0=&#8220;&#8220;][vc_column width=&#8220;1\/3&#8243;][vc_column_text]Weingut Walter Glatzer Rosenbergstra\u00dfe 5 A-2464 G\u00f6ttlesbrunn Carnuntum \u2013 Austria Telefon +43 (2162) 8486 info@weingutglatzer.at [\/vc_column_text][\/vc_column][vc_column width=&#8220;2\/3&#8243;][vc_column_text]Wein ab Hof Wir haben f\u00fcr Sie unseren Ab-Hof Verkauf von Mo. bis Sa. von 08:00-12:00 Uhr und 13:00 bis 17:00 Uhr ge\u00f6ffnet. Trotzdem bitten wir Sie, sich vorher telefonisch anzumelden. Wenn Sie noch mehr \u00fcber uns wissen&hellip;\" \/>\n<meta property=\"og:url\" content=\"https:\/\/www.weingutglatzer.at\/de\/kontakt\/\" \/>\n<meta property=\"og:site_name\" content=\"Weingut Glatzer\" \/>\n<meta property=\"article:modified_time\" content=\"2020-10-29T16:15:40+00:00\" \/>\n<meta name=\"twitter:card\" content=\"summary_large_image\" \/>\n<meta name=\"twitter:label1\" content=\"Gesch\u00e4tzte Lesezeit\" \/>\n\t<meta name=\"twitter:data1\" content=\"2\u00a0Minuten\" \/>\n<script type=\"application\/ld+json\" class=\"yoast-schema-graph\">{\"@context\":\"https:\/\/schema.org\",\"@graph\":[{\"@type\":\"WebPage\",\"@id\":\"https:\/\/www.weingutglatzer.at\/de\/kontakt\/\",\"url\":\"https:\/\/www.weingutglatzer.at\/de\/kontakt\/\",\"name\":\"Unsere Kontaktdaten - Weingut Glatzer\",\"isPartOf\":{\"@id\":\"https:\/\/www.weingutglatzer.at\/de\/#website\"},\"datePublished\":\"2016-05-31T10:38:52+00:00\",\"dateModified\":\"2020-10-29T16:15:40+00:00\",\"breadcrumb\":{\"@id\":\"https:\/\/www.weingutglatzer.at\/de\/kontakt\/#breadcrumb\"},\"inLanguage\":\"de\",\"potentialAction\":[{\"@type\":\"ReadAction\",\"target\":[\"https:\/\/www.weingutglatzer.at\/de\/kontakt\/\"]}]},{\"@type\":\"BreadcrumbList\",\"@id\":\"https:\/\/www.weingutglatzer.at\/de\/kontakt\/#breadcrumb\",\"itemListElement\":[{\"@type\":\"ListItem\",\"position\":1,\"name\":\"Startseite\",\"item\":\"https:\/\/www.weingutglatzer.at\/de\/\"},{\"@type\":\"ListItem\",\"position\":2,\"name\":\"Unsere Kontaktdaten\"}]},{\"@type\":\"WebSite\",\"@id\":\"https:\/\/www.weingutglatzer.at\/de\/#website\",\"url\":\"https:\/\/www.weingutglatzer.at\/de\/\",\"name\":\"Weingut Glatzer\",\"description\":\"Carnuntum\",\"potentialAction\":[{\"@type\":\"SearchAction\",\"target\":{\"@type\":\"EntryPoint\",\"urlTemplate\":\"https:\/\/www.weingutglatzer.at\/de\/?s={search_term_string}\"},\"query-input\":{\"@type\":\"PropertyValueSpecification\",\"valueRequired\":true,\"valueName\":\"search_term_string\"}}],\"inLanguage\":\"de\"}]}<\/script>\n<!-- \/ Yoast SEO plugin. -->","yoast_head_json":{"title":"Unsere Kontaktdaten - Weingut Glatzer","robots":{"index":"index","follow":"follow","max-snippet":"max-snippet:-1","max-image-preview":"max-image-preview:large","max-video-preview":"max-video-preview:-1"},"canonical":"https:\/\/www.weingutglatzer.at\/de\/kontakt\/","og_locale":"de_DE","og_type":"article","og_title":"Unsere Kontaktdaten - Weingut Glatzer","og_description":"[vc_row full_width=&#8220;stretch_row_content_no_spaces&#8220; disable_element=&#8220;yes&#8220;][vc_column 0=&#8220;&#8220;][\/vc_column][\/vc_row][vc_row][vc_column][vc_empty_space hide_on_mobile=&#8220;&#8220;][\/vc_column][\/vc_row][vc_row 0=&#8220;&#8220;][vc_column width=&#8220;1\/3&#8243;][vc_column_text]Weingut Walter Glatzer Rosenbergstra\u00dfe 5 A-2464 G\u00f6ttlesbrunn Carnuntum \u2013 Austria Telefon +43 (2162) 8486 info@weingutglatzer.at [\/vc_column_text][\/vc_column][vc_column width=&#8220;2\/3&#8243;][vc_column_text]Wein ab Hof Wir haben f\u00fcr Sie unseren Ab-Hof Verkauf von Mo. bis Sa. von 08:00-12:00 Uhr und 13:00 bis 17:00 Uhr ge\u00f6ffnet. Trotzdem bitten wir Sie, sich vorher telefonisch anzumelden. Wenn Sie noch mehr \u00fcber uns wissen&hellip;","og_url":"https:\/\/www.weingutglatzer.at\/de\/kontakt\/","og_site_name":"Weingut Glatzer","article_modified_time":"2020-10-29T16:15:40+00:00","twitter_card":"summary_large_image","twitter_misc":{"Gesch\u00e4tzte Lesezeit":"2\u00a0Minuten"},"schema":{"@context":"https:\/\/schema.org","@graph":[{"@type":"WebPage","@id":"https:\/\/www.weingutglatzer.at\/de\/kontakt\/","url":"https:\/\/www.weingutglatzer.at\/de\/kontakt\/","name":"Unsere Kontaktdaten - Weingut Glatzer","isPartOf":{"@id":"https:\/\/www.weingutglatzer.at\/de\/#website"},"datePublished":"2016-05-31T10:38:52+00:00","dateModified":"2020-10-29T16:15:40+00:00","breadcrumb":{"@id":"https:\/\/www.weingutglatzer.at\/de\/kontakt\/#breadcrumb"},"inLanguage":"de","potentialAction":[{"@type":"ReadAction","target":["https:\/\/www.weingutglatzer.at\/de\/kontakt\/"]}]},{"@type":"BreadcrumbList","@id":"https:\/\/www.weingutglatzer.at\/de\/kontakt\/#breadcrumb","itemListElement":[{"@type":"ListItem","position":1,"name":"Startseite","item":"https:\/\/www.weingutglatzer.at\/de\/"},{"@type":"ListItem","position":2,"name":"Unsere Kontaktdaten"}]},{"@type":"WebSite","@id":"https:\/\/www.weingutglatzer.at\/de\/#website","url":"https:\/\/www.weingutglatzer.at\/de\/","name":"Weingut Glatzer","description":"Carnuntum","potentialAction":[{"@type":"SearchAction","target":{"@type":"EntryPoint","urlTemplate":"https:\/\/www.weingutglatzer.at\/de\/?s={search_term_string}"},"query-input":{"@type":"PropertyValueSpecification","valueRequired":true,"valueName":"search_term_string"}}],"inLanguage":"de"}]}},"_links":{"self":[{"href":"https:\/\/www.weingutglatzer.at\/de\/wp-json\/wp\/v2\/pages\/299","targetHints":{"allow":["GET"]}}],"collection":[{"href":"https:\/\/www.weingutglatzer.at\/de\/wp-json\/wp\/v2\/pages"}],"about":[{"href":"https:\/\/www.weingutglatzer.at\/de\/wp-json\/wp\/v2\/types\/page"}],"author":[{"embeddable":true,"href":"https:\/\/www.weingutglatzer.at\/de\/wp-json\/wp\/v2\/users\/1"}],"replies":[{"embeddable":true,"href":"https:\/\/www.weingutglatzer.at\/de\/wp-json\/wp\/v2\/comments?post=299"}],"version-history":[{"count":32,"href":"https:\/\/www.weingutglatzer.at\/de\/wp-json\/wp\/v2\/pages\/299\/revisions"}],"predecessor-version":[{"id":5090,"href":"https:\/\/www.weingutglatzer.at\/de\/wp-json\/wp\/v2\/pages\/299\/revisions\/5090"}],"wp:attachment":[{"href":"https:\/\/www.weingutglatzer.at\/de\/wp-json\/wp\/v2\/media?parent=299"}],"curies":[{"name":"wp","href":"https:\/\/api.w.org\/{rel}","templated":true}]}}