{"id":2475,"date":"2020-10-06T16:01:18","date_gmt":"2020-10-06T14:01:18","guid":{"rendered":"https:\/\/www.weingutglatzer.at\/?page_id=2475"},"modified":"2022-12-16T10:48:54","modified_gmt":"2022-12-16T09:48:54","slug":"unsere-lagen","status":"publish","type":"page","link":"https:\/\/www.weingutglatzer.at\/de\/unsere-lagen\/","title":{"rendered":"Unsere Lagen"},"content":{"rendered":"<p>[vc_row][vc_column width=&#8220;1\/2&#8243;][vc_column_text]Unsere Weing\u00e4rten befinden sich im historischen Weinbaugebiet Carnuntum. Um genau zu sein, in G\u00f6ttlesbrunn und Umgebung, wo man bereits zu R\u00f6merzeiten das pannonische Mikroklima sowie die l\u00f6sshaltigen B\u00f6den zum Anbau von Wein nutzte. Der hier angebaute Wein sorgte schon damals f\u00fcr Furore, als auf kaiserlichen Beschluss das italienische Weinmonopol zugunsten des lokalen Weinbaus aufgehoben wurde. Und so kam es, dass die Carnuntiner Weine schon damals um die Welt gingen. Eine Tradition, die wir mit Begeisterung und Leidenschaft weitertragen. Doch obwohl (oder gerade weil) die Glatzer-Weine in aller Munde sind, vergessen wir nie, am Boden zu bleiben.<\/p>\n<p>[\/vc_column_text][vc_single_image image=&#8220;2077&#8243; img_size=&#8220;full&#8220; onclick=&#8220;link_image&#8220; css=&#8220;.vc_custom_1528127833713{margin-top: 50px !important;margin-bottom: 50px !important;}&#8220;][vc_column_text]N\u00e4heres zur Region erfahren Sie unter: <a href=\"http:\/\/www.carnuntum.at\">http:\/\/www.carnuntum.com<\/a>[\/vc_column_text][vc_empty_space hide_on_mobile=&#8220;&#8220;][vc_column_text]Schauen Sie sich <a href=\"https:\/\/www.weingutglatzer.at\/wp-content\/uploads\/2018\/06\/Riedenkarte_klein.png\" target=\"_blank\" rel=\"noopener noreferrer\">hier die Riedenkarte<\/a> an.<br \/>\n<span style=\"color: #999999;\">(Kartenmaterial: \u00a9 Land N\u00d6, N\u00d6-GIS, Openstreetmap \u2013 Stand 2018, geologie.ac.at)<\/span>[\/vc_column_text][\/vc_column][vc_column width=&#8220;5\/12&#8243; offset=&#8220;vc_col-lg-offset-1&#8243;][vc_single_image image=&#8220;1999&#8243; img_size=&#8220;large&#8220;][\/vc_column][\/vc_row][vc_row][vc_column][vc_separator color=&#8220;white&#8220; style=&#8220;dotted&#8220;][\/vc_column][vc_column][vc_column_text]<\/p>\n<h2>Unsere Lagen im \u00dcberblick<\/h2>\n<p>[\/vc_column_text][\/vc_column][vc_column width=&#8220;1\/4&#8243;][vc_column_text]<\/p>\n<h3>Rosenberg<\/h3>\n<p>S\u00fcdlage mit mittelkr\u00e4ftigem, kalkhaltigem Lehmboden auf Tonunterlage[\/vc_column_text][\/vc_column][vc_column width=&#8220;1\/4&#8243;][vc_column_text]<\/p>\n<h3>Bernreiser<\/h3>\n<p>nach S\u00fcdosten ausgerichtete Lage mit lehmigem, kalkhaltigem Sandboden mit Schotterunterlage[\/vc_column_text][\/vc_column][vc_column width=&#8220;1\/4&#8243;][vc_column_text]<\/p>\n<h3>Altenberg<\/h3>\n<p>von S\u00fcdwest bis S\u00fcdost ausgerichtete Riede mit kalkreichem Schotterboden, lehmige, zum Teil auch tonige Anteile, sehr mineralisch[\/vc_column_text][\/vc_column][vc_column width=&#8220;1\/4&#8243;][vc_column_text]<\/p>\n<h3>Haidacker<\/h3>\n<p>nach S\u00fcdosten exponierte Lage mit tonigem Lehmboden, teils mit Schotteruntergrund und Ton als Unterboden[\/vc_column_text][\/vc_column][vc_column][\/vc_column][vc_column width=&#8220;1\/4&#8243;][vc_column_text]<\/p>\n<h3>Kr\u00e4ften<\/h3>\n<p>S\u00fcdwestlage mit sandigem, kalkhaltigem Lehmboden auf m\u00e4chtigem Lehmsockel; gute Wasserversorgung<br \/>\n[\/vc_column_text][\/vc_column][vc_column width=&#8220;1\/4&#8243;][vc_column_text]<\/p>\n<h3>Eisenbach<\/h3>\n<p>s\u00fcdlich ausgerichteter kalkreicher Lehmboden mit rotem, eisenhaltigem feinem Schotter im Untergrund[\/vc_column_text][\/vc_column][vc_column width=&#8220;1\/4&#8243;][vc_column_text]<\/p>\n<h3>Hagelsberg<\/h3>\n<p>s\u00fcdlich ausgerichtete H\u00fcgelkette mit tonigem Anteil im oberen und sandigen Bestandteilen im unteren Bereich[\/vc_column_text][\/vc_column][vc_column width=&#8220;1\/4&#8243;][vc_column_text]<\/p>\n<h3>Sch\u00fcttenberg<\/h3>\n<p>nach S\u00fcdosten ausgerichtete, kalkreiche Lage mit unterschiedlichen Bodentypen; im unteren Bereich tonig-lehmig, in der Mitte sandig und oben schottrig[\/vc_column_text][\/vc_column][\/vc_row]<\/p>\n","protected":false},"excerpt":{"rendered":"<p>[vc_row][vc_column width=&#8220;1\/2&#8243;][vc_column_text]Unsere Weing\u00e4rten befinden sich im historischen Weinbaugebiet Carnuntum. Um genau zu sein, in G\u00f6ttlesbrunn und Umgebung, wo man bereits zu R\u00f6merzeiten das pannonische Mikroklima sowie die l\u00f6sshaltigen B\u00f6den zum Anbau von Wein nutzte. Der hier angebaute Wein sorgte schon damals f\u00fcr Furore, als auf kaiserlichen Beschluss das italienische Weinmonopol zugunsten des lokalen Weinbaus aufgehoben wurde. Und so kam es,&hellip;<\/p>\n","protected":false},"author":18,"featured_media":0,"parent":0,"menu_order":0,"comment_status":"closed","ping_status":"closed","template":"","meta":{"_acf_changed":false,"footnotes":""},"class_list":["post-2475","page","type-page","status-publish","hentry"],"acf":[],"yoast_head":"<!-- This site is optimized with the Yoast SEO plugin v26.4 - https:\/\/yoast.com\/wordpress\/plugins\/seo\/ -->\n<title>Unsere Lagen - Weingut Glatzer<\/title>\n<meta name=\"robots\" content=\"index, follow, max-snippet:-1, max-image-preview:large, max-video-preview:-1\" \/>\n<link rel=\"canonical\" href=\"https:\/\/www.weingutglatzer.at\/de\/unsere-lagen\/\" \/>\n<meta property=\"og:locale\" content=\"de_DE\" \/>\n<meta property=\"og:type\" content=\"article\" \/>\n<meta property=\"og:title\" content=\"Unsere Lagen - Weingut Glatzer\" \/>\n<meta property=\"og:description\" content=\"[vc_row][vc_column width=&#8220;1\/2&#8243;][vc_column_text]Unsere Weing\u00e4rten befinden sich im historischen Weinbaugebiet Carnuntum. Um genau zu sein, in G\u00f6ttlesbrunn und Umgebung, wo man bereits zu R\u00f6merzeiten das pannonische Mikroklima sowie die l\u00f6sshaltigen B\u00f6den zum Anbau von Wein nutzte. Der hier angebaute Wein sorgte schon damals f\u00fcr Furore, als auf kaiserlichen Beschluss das italienische Weinmonopol zugunsten des lokalen Weinbaus aufgehoben wurde. Und so kam es,&hellip;\" \/>\n<meta property=\"og:url\" content=\"https:\/\/www.weingutglatzer.at\/de\/unsere-lagen\/\" \/>\n<meta property=\"og:site_name\" content=\"Weingut Glatzer\" \/>\n<meta property=\"article:modified_time\" content=\"2022-12-16T09:48:54+00:00\" \/>\n<meta name=\"twitter:card\" content=\"summary_large_image\" \/>\n<meta name=\"twitter:label1\" content=\"Gesch\u00e4tzte Lesezeit\" \/>\n\t<meta name=\"twitter:data1\" content=\"2\u00a0Minuten\" \/>\n<script type=\"application\/ld+json\" class=\"yoast-schema-graph\">{\"@context\":\"https:\/\/schema.org\",\"@graph\":[{\"@type\":\"WebPage\",\"@id\":\"https:\/\/www.weingutglatzer.at\/de\/unsere-lagen\/\",\"url\":\"https:\/\/www.weingutglatzer.at\/de\/unsere-lagen\/\",\"name\":\"Unsere Lagen - Weingut Glatzer\",\"isPartOf\":{\"@id\":\"https:\/\/www.weingutglatzer.at\/de\/#website\"},\"datePublished\":\"2020-10-06T14:01:18+00:00\",\"dateModified\":\"2022-12-16T09:48:54+00:00\",\"breadcrumb\":{\"@id\":\"https:\/\/www.weingutglatzer.at\/de\/unsere-lagen\/#breadcrumb\"},\"inLanguage\":\"de\",\"potentialAction\":[{\"@type\":\"ReadAction\",\"target\":[\"https:\/\/www.weingutglatzer.at\/de\/unsere-lagen\/\"]}]},{\"@type\":\"BreadcrumbList\",\"@id\":\"https:\/\/www.weingutglatzer.at\/de\/unsere-lagen\/#breadcrumb\",\"itemListElement\":[{\"@type\":\"ListItem\",\"position\":1,\"name\":\"Startseite\",\"item\":\"https:\/\/www.weingutglatzer.at\/de\/\"},{\"@type\":\"ListItem\",\"position\":2,\"name\":\"Unsere Lagen\"}]},{\"@type\":\"WebSite\",\"@id\":\"https:\/\/www.weingutglatzer.at\/de\/#website\",\"url\":\"https:\/\/www.weingutglatzer.at\/de\/\",\"name\":\"Weingut Glatzer\",\"description\":\"Carnuntum\",\"potentialAction\":[{\"@type\":\"SearchAction\",\"target\":{\"@type\":\"EntryPoint\",\"urlTemplate\":\"https:\/\/www.weingutglatzer.at\/de\/?s={search_term_string}\"},\"query-input\":{\"@type\":\"PropertyValueSpecification\",\"valueRequired\":true,\"valueName\":\"search_term_string\"}}],\"inLanguage\":\"de\"}]}<\/script>\n<!-- \/ Yoast SEO plugin. -->","yoast_head_json":{"title":"Unsere Lagen - Weingut Glatzer","robots":{"index":"index","follow":"follow","max-snippet":"max-snippet:-1","max-image-preview":"max-image-preview:large","max-video-preview":"max-video-preview:-1"},"canonical":"https:\/\/www.weingutglatzer.at\/de\/unsere-lagen\/","og_locale":"de_DE","og_type":"article","og_title":"Unsere Lagen - Weingut Glatzer","og_description":"[vc_row][vc_column width=&#8220;1\/2&#8243;][vc_column_text]Unsere Weing\u00e4rten befinden sich im historischen Weinbaugebiet Carnuntum. Um genau zu sein, in G\u00f6ttlesbrunn und Umgebung, wo man bereits zu R\u00f6merzeiten das pannonische Mikroklima sowie die l\u00f6sshaltigen B\u00f6den zum Anbau von Wein nutzte. Der hier angebaute Wein sorgte schon damals f\u00fcr Furore, als auf kaiserlichen Beschluss das italienische Weinmonopol zugunsten des lokalen Weinbaus aufgehoben wurde. Und so kam es,&hellip;","og_url":"https:\/\/www.weingutglatzer.at\/de\/unsere-lagen\/","og_site_name":"Weingut Glatzer","article_modified_time":"2022-12-16T09:48:54+00:00","twitter_card":"summary_large_image","twitter_misc":{"Gesch\u00e4tzte Lesezeit":"2\u00a0Minuten"},"schema":{"@context":"https:\/\/schema.org","@graph":[{"@type":"WebPage","@id":"https:\/\/www.weingutglatzer.at\/de\/unsere-lagen\/","url":"https:\/\/www.weingutglatzer.at\/de\/unsere-lagen\/","name":"Unsere Lagen - Weingut Glatzer","isPartOf":{"@id":"https:\/\/www.weingutglatzer.at\/de\/#website"},"datePublished":"2020-10-06T14:01:18+00:00","dateModified":"2022-12-16T09:48:54+00:00","breadcrumb":{"@id":"https:\/\/www.weingutglatzer.at\/de\/unsere-lagen\/#breadcrumb"},"inLanguage":"de","potentialAction":[{"@type":"ReadAction","target":["https:\/\/www.weingutglatzer.at\/de\/unsere-lagen\/"]}]},{"@type":"BreadcrumbList","@id":"https:\/\/www.weingutglatzer.at\/de\/unsere-lagen\/#breadcrumb","itemListElement":[{"@type":"ListItem","position":1,"name":"Startseite","item":"https:\/\/www.weingutglatzer.at\/de\/"},{"@type":"ListItem","position":2,"name":"Unsere Lagen"}]},{"@type":"WebSite","@id":"https:\/\/www.weingutglatzer.at\/de\/#website","url":"https:\/\/www.weingutglatzer.at\/de\/","name":"Weingut Glatzer","description":"Carnuntum","potentialAction":[{"@type":"SearchAction","target":{"@type":"EntryPoint","urlTemplate":"https:\/\/www.weingutglatzer.at\/de\/?s={search_term_string}"},"query-input":{"@type":"PropertyValueSpecification","valueRequired":true,"valueName":"search_term_string"}}],"inLanguage":"de"}]}},"_links":{"self":[{"href":"https:\/\/www.weingutglatzer.at\/de\/wp-json\/wp\/v2\/pages\/2475","targetHints":{"allow":["GET"]}}],"collection":[{"href":"https:\/\/www.weingutglatzer.at\/de\/wp-json\/wp\/v2\/pages"}],"about":[{"href":"https:\/\/www.weingutglatzer.at\/de\/wp-json\/wp\/v2\/types\/page"}],"author":[{"embeddable":true,"href":"https:\/\/www.weingutglatzer.at\/de\/wp-json\/wp\/v2\/users\/18"}],"replies":[{"embeddable":true,"href":"https:\/\/www.weingutglatzer.at\/de\/wp-json\/wp\/v2\/comments?post=2475"}],"version-history":[{"count":3,"href":"https:\/\/www.weingutglatzer.at\/de\/wp-json\/wp\/v2\/pages\/2475\/revisions"}],"predecessor-version":[{"id":10516,"href":"https:\/\/www.weingutglatzer.at\/de\/wp-json\/wp\/v2\/pages\/2475\/revisions\/10516"}],"wp:attachment":[{"href":"https:\/\/www.weingutglatzer.at\/de\/wp-json\/wp\/v2\/media?parent=2475"}],"curies":[{"name":"wp","href":"https:\/\/api.w.org\/{rel}","templated":true}]}}