{"id":2192,"date":"2018-06-09T14:15:13","date_gmt":"2018-06-09T12:15:13","guid":{"rendered":"https:\/\/www.weingutglatzer.at\/?page_id=2192"},"modified":"2018-07-10T11:41:20","modified_gmt":"2018-07-10T09:41:20","slug":"newsletter","status":"publish","type":"page","link":"https:\/\/www.weingutglatzer.at\/de\/newsletter\/","title":{"rendered":"Newsletter"},"content":{"rendered":"<p>[vc_row][vc_column][vc_column_text]<\/p>\n<h3 style=\"text-align: center;\">Bleiben Sie auf dem Laufenden.<\/h3>\n<p style=\"text-align: center;\">Melden Sie sich hier f\u00fcr unseren Newsletter an.<\/p>\n<p>\u00a0[\/vc_column_text][vc_column_text]<div class=\"haet-cleverreach\">\n\t        <form method=\"post\" class=\"haet-cleverreach-form\">\n            <input type=\"hidden\" name=\"haet-cleverreach-is-widget\" value=\"0\">\n            <input type=\"hidden\" name=\"haet-cleverreach-form-id\" value=\"239481\">\n            <input type=\"hidden\" name=\"haet-cleverreach-list-id\" value=\"631193\">\n\t\t\t                    <div class=\"haet-cleverreach-field-wrap label-inside type-text \">\n\t\t\t\t\t\t\t\t\t\t\t\t\t\t\t\t\t\t\t\t                                <input type=\"text\"\n                                       id=\"haet-cleverreach-GLOBAL_vorname\"\n                                       name=\"haet-cleverreach-GLOBAL_vorname\"\n                                       value=\"\"\n\t\t\t\t\t\t\t\t\t placeholder=\"Vorname\" \t\t\t\t\t\t\t\t\t                                >\n\t\t\t\t\t\t\t\n\t\t\t\t\t\t\t\t\t\t\t\t\t                    <\/div>\n\t\t\t\t                    <div class=\"haet-cleverreach-field-wrap label-inside type-text \">\n\t\t\t\t\t\t\t\t\t\t\t\t\t\t\t\t\t\t\t\t                                <input type=\"text\"\n                                       id=\"haet-cleverreach-GLOBAL_nachname\"\n                                       name=\"haet-cleverreach-GLOBAL_nachname\"\n                                       value=\"\"\n\t\t\t\t\t\t\t\t\t placeholder=\"Nachname\" \t\t\t\t\t\t\t\t\t                                >\n\t\t\t\t\t\t\t\n\t\t\t\t\t\t\t\t\t\t\t\t\t                    <\/div>\n\t\t\t\t                    <div class=\"haet-cleverreach-field-wrap label-inside type-email \">\n\t\t\t\t\t\t\t\t\t\t\t\t\t\t\t\t\t\t\t\t                                <input type=\"email\"\n                                       id=\"haet-cleverreach-cleverreach_email\"\n                                       name=\"haet-cleverreach-cleverreach_email\"\n                                       value=\"\"\n\t\t\t\t\t\t\t\t\t placeholder=\"Email\" \t\t\t\t\t\t\t\t\t required                                 >\n\t\t\t\t\t\t\t\n\t\t\t\t\t\t\t\t\t\t\t\t\t                    <\/div>\n\t\t\t\t                    <div class=\"haet-cleverreach-field-wrap cleverreach-checkbox type-policy_confirm \">\n                        <input type=\"checkbox\" id=\"haet-cleverreach-cleverreach_policy_confirm\" name=\"haet-cleverreach-cleverreach_policy_confirm\" value=\"1\" required>\n                        <label for=\"haet-cleverreach-cleverreach_policy_confirm\">Ich m\u00f6chte den Newsletter des Weinguts Glatzer mit Informationen \u00fcber das Weingut und deren Produkte per E-Mail erhalten. Zur Best\u00e4tigung der Newsletteranforderung erhalte ich eine Kontroll-E-Mail. Die bei der Newsletteranmeldung angegebenen Daten werden auf Servern innerhalb Deutschlands gespeichert. Eine Weitergabe an sonstige Dritte erfolgt nicht. Meine Daten k\u00f6nnen jederzeit \u00fcber einen Link im Newsletter ge\u00e4ndert oder gel\u00f6scht werden. Mir ist bekannt, dass ich meine Einwilligung zum Erhalt des Newsletters sowie zum Verarbeiten meiner Daten jederzeit widerrufen kann. Ihren Widerruf senden Sie bitte an: info@weingutglatzer.at<\/label>\n\n\t\t\t\t\t\t                    <\/div>\n\t\t\t\t                    <div class=\"haet-cleverreach-field-wrap label-inside type-submit \">\n\t\t\t\t\t\t                            <button type=\"submit\" class=\"button\" id=\"haet-cleverreach-submit\">\n\t\t\t\t\t\t\t\tSubscribe                            <\/button>\n\t\t\t\t\t\t                    <\/div>\n\t\t\t\t        <\/form>\n\t\t<\/div>\n[\/vc_column_text][\/vc_column][\/vc_row]<\/p>\n","protected":false},"excerpt":{"rendered":"<p>[vc_row][vc_column][vc_column_text] Bleiben Sie auf dem Laufenden. Melden Sie sich hier f\u00fcr unseren Newsletter an. \u00a0[\/vc_column_text][vc_column_text][\/vc_column_text][\/vc_column][\/vc_row]<\/p>\n","protected":false},"author":1,"featured_media":0,"parent":0,"menu_order":0,"comment_status":"closed","ping_status":"closed","template":"","meta":{"_acf_changed":false,"footnotes":""},"class_list":["post-2192","page","type-page","status-publish","hentry"],"acf":[],"yoast_head":"<!-- This site is optimized with the Yoast SEO plugin v26.4 - https:\/\/yoast.com\/wordpress\/plugins\/seo\/ -->\n<title>Newsletter - Weingut Glatzer<\/title>\n<meta name=\"robots\" content=\"index, follow, max-snippet:-1, max-image-preview:large, max-video-preview:-1\" \/>\n<link rel=\"canonical\" href=\"https:\/\/www.weingutglatzer.at\/de\/newsletter\/\" \/>\n<meta property=\"og:locale\" content=\"de_DE\" \/>\n<meta property=\"og:type\" content=\"article\" \/>\n<meta property=\"og:title\" content=\"Newsletter - Weingut Glatzer\" \/>\n<meta property=\"og:description\" content=\"[vc_row][vc_column][vc_column_text] Bleiben Sie auf dem Laufenden. Melden Sie sich hier f\u00fcr unseren Newsletter an. \u00a0[\/vc_column_text][vc_column_text][\/vc_column_text][\/vc_column][\/vc_row]\" \/>\n<meta property=\"og:url\" content=\"https:\/\/www.weingutglatzer.at\/de\/newsletter\/\" \/>\n<meta property=\"og:site_name\" content=\"Weingut Glatzer\" \/>\n<meta property=\"article:modified_time\" content=\"2018-07-10T09:41:20+00:00\" \/>\n<meta name=\"twitter:card\" content=\"summary_large_image\" \/>\n<script type=\"application\/ld+json\" class=\"yoast-schema-graph\">{\"@context\":\"https:\/\/schema.org\",\"@graph\":[{\"@type\":\"WebPage\",\"@id\":\"https:\/\/www.weingutglatzer.at\/de\/newsletter\/\",\"url\":\"https:\/\/www.weingutglatzer.at\/de\/newsletter\/\",\"name\":\"Newsletter - Weingut Glatzer\",\"isPartOf\":{\"@id\":\"https:\/\/www.weingutglatzer.at\/de\/#website\"},\"datePublished\":\"2018-06-09T12:15:13+00:00\",\"dateModified\":\"2018-07-10T09:41:20+00:00\",\"breadcrumb\":{\"@id\":\"https:\/\/www.weingutglatzer.at\/de\/newsletter\/#breadcrumb\"},\"inLanguage\":\"de\",\"potentialAction\":[{\"@type\":\"ReadAction\",\"target\":[\"https:\/\/www.weingutglatzer.at\/de\/newsletter\/\"]}]},{\"@type\":\"BreadcrumbList\",\"@id\":\"https:\/\/www.weingutglatzer.at\/de\/newsletter\/#breadcrumb\",\"itemListElement\":[{\"@type\":\"ListItem\",\"position\":1,\"name\":\"Startseite\",\"item\":\"https:\/\/www.weingutglatzer.at\/de\/\"},{\"@type\":\"ListItem\",\"position\":2,\"name\":\"Newsletter\"}]},{\"@type\":\"WebSite\",\"@id\":\"https:\/\/www.weingutglatzer.at\/de\/#website\",\"url\":\"https:\/\/www.weingutglatzer.at\/de\/\",\"name\":\"Weingut Glatzer\",\"description\":\"Carnuntum\",\"potentialAction\":[{\"@type\":\"SearchAction\",\"target\":{\"@type\":\"EntryPoint\",\"urlTemplate\":\"https:\/\/www.weingutglatzer.at\/de\/?s={search_term_string}\"},\"query-input\":{\"@type\":\"PropertyValueSpecification\",\"valueRequired\":true,\"valueName\":\"search_term_string\"}}],\"inLanguage\":\"de\"}]}<\/script>\n<!-- \/ Yoast SEO plugin. -->","yoast_head_json":{"title":"Newsletter - Weingut Glatzer","robots":{"index":"index","follow":"follow","max-snippet":"max-snippet:-1","max-image-preview":"max-image-preview:large","max-video-preview":"max-video-preview:-1"},"canonical":"https:\/\/www.weingutglatzer.at\/de\/newsletter\/","og_locale":"de_DE","og_type":"article","og_title":"Newsletter - Weingut Glatzer","og_description":"[vc_row][vc_column][vc_column_text] Bleiben Sie auf dem Laufenden. Melden Sie sich hier f\u00fcr unseren Newsletter an. \u00a0[\/vc_column_text][vc_column_text][\/vc_column_text][\/vc_column][\/vc_row]","og_url":"https:\/\/www.weingutglatzer.at\/de\/newsletter\/","og_site_name":"Weingut Glatzer","article_modified_time":"2018-07-10T09:41:20+00:00","twitter_card":"summary_large_image","schema":{"@context":"https:\/\/schema.org","@graph":[{"@type":"WebPage","@id":"https:\/\/www.weingutglatzer.at\/de\/newsletter\/","url":"https:\/\/www.weingutglatzer.at\/de\/newsletter\/","name":"Newsletter - Weingut Glatzer","isPartOf":{"@id":"https:\/\/www.weingutglatzer.at\/de\/#website"},"datePublished":"2018-06-09T12:15:13+00:00","dateModified":"2018-07-10T09:41:20+00:00","breadcrumb":{"@id":"https:\/\/www.weingutglatzer.at\/de\/newsletter\/#breadcrumb"},"inLanguage":"de","potentialAction":[{"@type":"ReadAction","target":["https:\/\/www.weingutglatzer.at\/de\/newsletter\/"]}]},{"@type":"BreadcrumbList","@id":"https:\/\/www.weingutglatzer.at\/de\/newsletter\/#breadcrumb","itemListElement":[{"@type":"ListItem","position":1,"name":"Startseite","item":"https:\/\/www.weingutglatzer.at\/de\/"},{"@type":"ListItem","position":2,"name":"Newsletter"}]},{"@type":"WebSite","@id":"https:\/\/www.weingutglatzer.at\/de\/#website","url":"https:\/\/www.weingutglatzer.at\/de\/","name":"Weingut Glatzer","description":"Carnuntum","potentialAction":[{"@type":"SearchAction","target":{"@type":"EntryPoint","urlTemplate":"https:\/\/www.weingutglatzer.at\/de\/?s={search_term_string}"},"query-input":{"@type":"PropertyValueSpecification","valueRequired":true,"valueName":"search_term_string"}}],"inLanguage":"de"}]}},"_links":{"self":[{"href":"https:\/\/www.weingutglatzer.at\/de\/wp-json\/wp\/v2\/pages\/2192","targetHints":{"allow":["GET"]}}],"collection":[{"href":"https:\/\/www.weingutglatzer.at\/de\/wp-json\/wp\/v2\/pages"}],"about":[{"href":"https:\/\/www.weingutglatzer.at\/de\/wp-json\/wp\/v2\/types\/page"}],"author":[{"embeddable":true,"href":"https:\/\/www.weingutglatzer.at\/de\/wp-json\/wp\/v2\/users\/1"}],"replies":[{"embeddable":true,"href":"https:\/\/www.weingutglatzer.at\/de\/wp-json\/wp\/v2\/comments?post=2192"}],"version-history":[{"count":9,"href":"https:\/\/www.weingutglatzer.at\/de\/wp-json\/wp\/v2\/pages\/2192\/revisions"}],"predecessor-version":[{"id":2300,"href":"https:\/\/www.weingutglatzer.at\/de\/wp-json\/wp\/v2\/pages\/2192\/revisions\/2300"}],"wp:attachment":[{"href":"https:\/\/www.weingutglatzer.at\/de\/wp-json\/wp\/v2\/media?parent=2192"}],"curies":[{"name":"wp","href":"https:\/\/api.w.org\/{rel}","templated":true}]}}