{"id":2046,"date":"2018-06-01T15:53:50","date_gmt":"2018-06-01T13:53:50","guid":{"rendered":"https:\/\/www.weingutglatzer.at\/?page_id=2046"},"modified":"2021-02-01T18:16:33","modified_gmt":"2021-02-01T17:16:33","slug":"datenschutz","status":"publish","type":"page","link":"https:\/\/www.weingutglatzer.at\/de\/datenschutz\/","title":{"rendered":"Datenschutz"},"content":{"rendered":"<div class=\"agb\">\n<h3><strong>Datenschutzbestimmungen<\/strong><\/h3>\n<p>Die Firma Glatzer Walter e.U. als Betreiber dieser Webseite, nimmt den Schutz Ihrer pers\u00f6nlichen Daten sehr ernst. Wir behandeln Ihre personenbezogenen Daten vertraulich und entsprechend der gesetzlichen Datenschutzvorschriften sowie dieser Datenschutzerkl\u00e4rung. Die Nutzung unserer Webseite ist in der Regel ohne Angabe personenbezogener Daten m\u00f6glich. Soweit auf unseren Seiten personenbezogene Daten (beispielsweise Name, Anschrift oder E-Mail-Adressen) erhoben werden, erfolgt dies, soweit m\u00f6glich, stets auf freiwilliger Basis. Diese Daten werden ohne Ihre ausdr\u00fcckliche Zustimmung nicht an Dritte weitergegeben.<br \/>\nWir weisen darauf hin, dass die Daten\u00fcbertragung im Internet (z. B. bei der Kommunikation per E-Mail) Sicherheitsl\u00fccken aufweisen kann. Ein l\u00fcckenloser Schutz der Daten vor dem Zugriff durch Dritte ist nicht m\u00f6glich.<\/p>\n<p>Nachstehend m\u00f6chten wir Sie \u00fcber die wichtigsten Aspekte unserer Datenverarbeitungen wie folgt informieren, wobei die in dieser Datenschutzerkl\u00e4rung verwendeten Bezeichnungen \u201ewir\u201c und \u201euns\u201c stets der im Punkt 1 genannte Verantwortliche gemeint ist:<\/p>\n<ol>\n<li>\n<h3>Verantwortlicher f\u00fcr die Verarbeitung Ihrer personenbezogenen Daten:<\/h3>\n<ol>\n<li>Glatzer Walter e.U., Rosenbergstrasse 5, 2464 G\u00f6ttlesbrunn, ist Verantwortlicher f\u00fcr die Verarbeitung ihrer personenbezogenen Daten. Neben der postalischen Kontaktm\u00f6glichkeit erreichen sie uns per E-Mail unter info@weingutglatzer.at sowie unter der Rufnummer +43 2162\/8486.<\/li>\n<\/ol>\n<\/li>\n<li>\n<h3>Datenverarbeitung<\/h3>\n<ol>\n<li>Beim Zugriff auf diese Webseite werden bestimmte Informationen automatisch durch Ihren Browser \u00fcbermittelt. Es handelt sich dabei unter anderem um Datum und Uhrzeit des Zugriffs, URL der referenzierenden Webseite, die Menge der gesendeten Daten, Browsertyp und -version, Betriebssystem sowie Ihre IP-Adresse. Wir verwenden diese Informationen ausschlie\u00dflich, um den Betrieb und die Sicherheit der Webseite zu gew\u00e4hrleisten.<\/li>\n<li>Zum Zwecke der Vertragserf\u00fcllung (Bestellungen, Erbringung von Leistungen, etc.) erfassen, speichern und verarbeiten wir personenbezogenen Daten (=Name, Anschrift, E-Mail-Adresse, Telefonnummer, Geburtsdatum, Zahlungsmittel-informationen) unserer Kunden. Diese Daten werden bis zum Ablauf der steuer- und unternehmensrechtlichen Aufbewahrungspflichten gespeichert.<\/li>\n<li>Registrierung f\u00fcr ein Kundenkonto<br \/>\nWenn Sie \u00fcber diese Website ein Kundenkonto erstellen, dann erfassen, speichern und verarbeiten wir jedenfalls Name, Anschrift, E-Mail-Adresse, Telefonnummer, Geburtsdatum und das Passwort. Die Verarbeitung erfolgt zum Zwecke der Verwaltung Ihres Online-Kontos.<\/li>\n<li>d) Zahlungsabwicklung Online-Shop; F\u00fcr die sichere Durchf\u00fchrung der Zahlungsabwicklung bei einer Online-Registrierung werden eine anonymisierte Transaktions-ID und Angaben zu den Finanzierungs- und Zahlungsbedingungen (z. B.: Preis, Umsatzsteuersatz) an den externen Payment-Provider Viveum Zahlungssysteme GmbH \u00fcbermittelt. Sollten Sie Anspruch auf R\u00fcck\u00fcberweisung haben, so werden wir Ihre Kontendaten ausschlie\u00dflich f\u00fcr diesen Zweck verarbeiten und der kontof\u00fchrenden Bank \u00fcbermitteln.<br \/>\nN\u00e4here Informationen zur Datenschutzerkl\u00e4rung des Payment-Provider finden Sie unter www.viveum.com\/datenschutzerklaerung<\/li>\n<li>Ihre personenbezogenen Daten werden zum Zwecke der Vertragsabwicklung sowie zur Erf\u00fcllung rechtlicher Verpflichtungen einschlie\u00dflich der Verfolgung von Rechtsanspr\u00fcchen gegebenenfalls an externe Dienstleister wie insbesondere Rechtsanw\u00e4lte, Steuerberater, Wirtschaftspr\u00fcfer, Drittanbieter zur Zahlungsabwicklung, Lieferanten, Zustelldienstleister, Banken und Inkassob\u00fcros weitergegeben.<\/li>\n<li>Um den Besuch auf unserer Website attraktiv zu gestalten und die Nutzung bestimmter Funktionen f\u00fcr Sie zu erleichtern, verwenden wir sogenannte Cookies, die auf ihrem Endger\u00e4t abgelegt werden. Es handelt sich dabei um kleine Textdateien, die es uns erm\u00f6glichen, ihren Browser beim n\u00e4chsten Besuch wiederzuerkennen.<\/li>\n<li>g) Newsletter mit Anmeldung; Widerrufsrecht; Wenn Sie den auf der Webseite angebotenen Newsletter beziehen m\u00f6chten, ben\u00f6tigen wir von Ihnen eine E-Mail-Adresse sowie dar\u00fcber hinaus Informationen, welche uns die \u00dcberpr\u00fcfung gestatten, dass Sie der Inhaber der angegebenen E-Mail-Adresse sind und mit dem Empfang des Newsletters einverstanden sind. Das sind Name und E-Mail-Adresse. Die erteilte Einwilligung zur Speicherung der Daten, der E-Mail-Adresse sowie deren Nutzung zum Versand des Newsletters k\u00f6nnen Sie jederzeit mit Wirkung f\u00fcr die Zukunft widerrufen, indem Sie sich \u00fcber den Abmeldelink am Ende des Newsletters, abmelden oder kontaktieren Sie uns \u00fcber die Angaben im Abschnitt Kontakt. Ihre f\u00fcr den Newsletter-Service gespeicherten Daten werden unmittelbar nach ihrer Abmeldung gel\u00f6scht.Der Versand unserer E-Mail-Newsletter erfolgt \u00fcber den technischen Dienstleister CleverReach GmbH &amp; Co. KG, M\u00fchlenstr. 43, 26180 Rastede (\u201eCleverReach\u201c), an die wir Ihre bei der Newsletteranmeldung bereitgestellten Daten weitergeben. Diese Weitergabe erfolgt gem\u00e4\u00df Art. 6 Abs. 1 lit. f DSGVO und dient unserem berechtigten Interesse an der Verwendung eines werbewirksamen, sicheren und nutzerfreundlichen Newslettersystems. Die von Ihnen zwecks Newsletterbezugs eingegebenen Daten (z.B. E-Mail-Adresse) werden auf den Servern von CleverReach in Deutschland bzw. Irland gespeichert.<br \/>\nCleverReach verwendet diese Informationen zum Versand und zur statistischen Auswertung der Newsletter in unserem Auftrag. F\u00fcr die Auswertung beinhalten die versendeten E-Mails sog. Web-Beacons bzw. Trackings-Pixel, die Ein-Pixel-Bilddateien darstellen, die auf unserer Website gespeichert sind. So kann festgestellt werden, ob eine Newsletter-Nachricht ge\u00f6ffnet und welche Links ggf. angeklickt wurden. Mit Hilfe des sog. Conversion-Trackings kann au\u00dferdem analysiert werden, ob nach Anklicken des Links im Newsletter eine vorab definierte Aktion erfolgt ist. Au\u00dferdem werden technische Informationen erfasst (z.B. Zeitpunkt des Abrufs, IP-Adresse, Browsertyp und Betriebssystem). Die Daten werden ausschlie\u00dflich pseudonymisiert erhoben und werden nicht mir Ihren weiteren pers\u00f6nlichen Daten verkn\u00fcpft, eine direkte Personenbeziehbarkeit wird ausgeschlos-sen. Diese Daten dienen ausschlie\u00dflich der statistischen Analyse von Newsletterkampagnen. Die Ergebnisse dieser Analysen k\u00f6nnen genutzt werden, um k\u00fcnftige Newsletter besser an die Interessen der Empf\u00e4nger anzupassen.<br \/>\nWenn Sie der Datenanalyse zu statistischen Auswertungszwecken widersprechen m\u00f6chten, m\u00fcssen Sie den Newsletter-Bezug abbestellen.<br \/>\nWir haben mit CleverReach einen Auftragsverarbeitungsvertrag abgeschlossen, in welchem wir die CleverReach verpflichten, die Daten unserer Kunden zu sch\u00fctzen und sie nicht an Dritte weiterzugeben.<br \/>\nWeitere Informationen zur Datenanalyse von CleverReach k\u00f6nnen Sie hier nachlesen:<br \/>\n<a href=\"https:\/\/www.cleverreach.com\/de\/funktionen\/reporting-und-tracking\/\" target=\"_blank\" rel=\"noopener\">https:\/\/www.cleverreach.com\/de\/funktionen\/reporting-und-tracking\/<\/a><br \/>\nDie Datenschutzerkl\u00e4rung von CleverReach k\u00f6nnen Sie hier einsehen:<br \/>\n<a href=\"https:\/\/www.cleverreach.com\/de\/datenschutz\/\" target=\"_blank\" rel=\"noopener\">https:\/\/www.cleverreach.com\/de\/datenschutz\/<\/a><\/li>\n<li>Newsletter ohne Anmeldung; Widerspruchsrecht; Sofern wir Ihre E-Mail-Adresse im Zusammenhang mit dem Verkauf einer Ware oder Dienstleistung erhalten und Sie dem nicht widersprochen haben, behalten wir uns vor, Ihnen regelm\u00e4\u00dfig Angebote zu \u00e4hnlichen Waren bzw. Dienstleistungen aus unserem Portfolio per E-Mail zuzusenden. Sie k\u00f6nnen dem jederzeit mit Wirkung f\u00fcr die Zukunft widersprechen ohne dass hierf\u00fcr Kosten f\u00fcr Sie entstehen; nutzen Sie hierf\u00fcr bitte den Abmeldelink am Ende des Newsletters oder kontaktieren uns \u00fcber die Angaben im Abschnitt Kontakt. Ihre f\u00fcr den Newsletter-Service gespeicherten Daten werden unmittelbar nach ihrer Abmeldung gel\u00f6scht.<\/li>\n<\/ol>\n<\/li>\n<li>\n<h3>Betroffenenrechte<\/h3>\n<ol>\n<li>Sie k\u00f6nnen von uns jederzeit Auskunft dar\u00fcber verlangen, ob und in welchem Ausma\u00df wir ihre Daten verarbeiten. Verarbeiten wir personenbezogenen Daten, die unvollst\u00e4ndig oder unrichtig sind, so k\u00f6nnen sie jederzeit deren Berichtigung bzw. deren Vervollst\u00e4ndigung von uns verlangen.<\/li>\n<li>Sie k\u00f6nnen von uns die L\u00f6schung ihrer personenbezogenen Daten verlangen, sofern wir ihre Daten in rechtswidriger Weise verwenden. Dar\u00fcber hinaus besteht ein Recht auf Einschr\u00e4nkung der Datenverarbeitung, sofern die in Art 18 Abs 1 DSGVO genannten Voraussetzungen erf\u00fcllt sind.<\/li>\n<li>Sie haben das Recht, dass wir ihnen jene Daten, dies sie uns zur Verarbeitung bereitgestellt haben, in einem strukturierten, g\u00e4ngigen und maschinenlesbaren Format \u00fcbertragen, sofern wir die Daten aufgrund ihrer Einwilligung oder zum Zwecke der Vertragserf\u00fcllung verarbeiten und diese Verarbeitung mithilfe automatisierter Verfahren erfolgt.<\/li>\n<li>F\u00fcr den Fall, dass wir ihre Daten zur Wahrnehmung von im \u00f6ffentlichen Interesse liegenden Aufgaben verwenden oder wir uns bei der Verarbeitung auf die Notwendigkeit zur Wahrung unserer berechtigten Interessen berufen, so k\u00f6nnen sie gegen die Datenverarbeitung Widerspruch erheben, sofern sie ein \u00fcberwiegendes Schutzinteresse an ihren Daten haben.Falls sie eines der genannten Betroffenenrechte uns gegen\u00fcber geltend machen wollen, so nutzen sie daf\u00fcr bitte die im Punkt 1 genannten Kontaktm\u00f6glichkeiten. Bitte haben sie Verst\u00e4ndnis daf\u00fcr, dass wir diesfalls zur Best\u00e4tigung ihrer Identit\u00e4t gegebenenfalls zus\u00e4tzliche Informationen von ihnen anfordern werden.<\/li>\n<\/ol>\n<\/li>\n<li>\n<h3>Beschwerderecht<\/h3>\n<\/li>\n<\/ol>\n<p>Sollten sie der Meinung sein, dass wir ihre Daten unrechtm\u00e4\u00dfig verarbeiten, so ersuchen wir sie, zur umgehenden Kl\u00e4rung mit uns Kontakt aufzunehmen. Sie haben daneben auch das Recht, sich direkt bei der \u00f6sterreichischen Datenschutzbeh\u00f6rde, Wickenburggasse 8-10, 1080 Wien, zu beschweren.<\/p>\n<p>Ihr Vertrauen ist uns wichtig. Wir m\u00f6chten ihnen daher jederzeit Rede und Antwort bez\u00fcglich der Verarbeitung Ihrer personenbezogenen Daten stehen. Wenn Sie Fragen haben, die Ihnen diese Datenschutzerkl\u00e4rung nicht beantworten konnte, beantworten wir diese jederzeit sehr gerne.<\/p>\n<\/div>\n","protected":false},"excerpt":{"rendered":"<p>Datenschutzbestimmungen Die Firma Glatzer Walter e.U. als Betreiber dieser Webseite, nimmt den Schutz Ihrer pers\u00f6nlichen Daten sehr ernst. Wir behandeln Ihre personenbezogenen Daten vertraulich und entsprechend der gesetzlichen Datenschutzvorschriften sowie dieser Datenschutzerkl\u00e4rung. Die Nutzung unserer Webseite ist in der Regel ohne Angabe personenbezogener Daten m\u00f6glich. Soweit auf unseren Seiten personenbezogene Daten (beispielsweise Name, Anschrift oder E-Mail-Adressen) erhoben werden, erfolgt dies,&hellip;<\/p>\n","protected":false},"author":1,"featured_media":0,"parent":0,"menu_order":10,"comment_status":"closed","ping_status":"closed","template":"","meta":{"_acf_changed":false,"footnotes":""},"class_list":["post-2046","page","type-page","status-publish","hentry"],"acf":[],"yoast_head":"<!-- This site is optimized with the Yoast SEO plugin v26.4 - https:\/\/yoast.com\/wordpress\/plugins\/seo\/ -->\n<title>Datenschutz - Weingut Glatzer<\/title>\n<meta name=\"robots\" content=\"index, follow, max-snippet:-1, max-image-preview:large, max-video-preview:-1\" \/>\n<link rel=\"canonical\" href=\"https:\/\/www.weingutglatzer.at\/de\/datenschutz\/\" \/>\n<meta property=\"og:locale\" content=\"de_DE\" \/>\n<meta property=\"og:type\" content=\"article\" \/>\n<meta property=\"og:title\" content=\"Datenschutz - Weingut Glatzer\" \/>\n<meta property=\"og:description\" content=\"Datenschutzbestimmungen Die Firma Glatzer Walter e.U. als Betreiber dieser Webseite, nimmt den Schutz Ihrer pers\u00f6nlichen Daten sehr ernst. Wir behandeln Ihre personenbezogenen Daten vertraulich und entsprechend der gesetzlichen Datenschutzvorschriften sowie dieser Datenschutzerkl\u00e4rung. Die Nutzung unserer Webseite ist in der Regel ohne Angabe personenbezogener Daten m\u00f6glich. Soweit auf unseren Seiten personenbezogene Daten (beispielsweise Name, Anschrift oder E-Mail-Adressen) erhoben werden, erfolgt dies,&hellip;\" \/>\n<meta property=\"og:url\" content=\"https:\/\/www.weingutglatzer.at\/de\/datenschutz\/\" \/>\n<meta property=\"og:site_name\" content=\"Weingut Glatzer\" \/>\n<meta property=\"article:modified_time\" content=\"2021-02-01T17:16:33+00:00\" \/>\n<meta name=\"twitter:card\" content=\"summary_large_image\" \/>\n<meta name=\"twitter:label1\" content=\"Gesch\u00e4tzte Lesezeit\" \/>\n\t<meta name=\"twitter:data1\" content=\"7\u00a0Minuten\" \/>\n<script type=\"application\/ld+json\" class=\"yoast-schema-graph\">{\"@context\":\"https:\/\/schema.org\",\"@graph\":[{\"@type\":\"WebPage\",\"@id\":\"https:\/\/www.weingutglatzer.at\/de\/datenschutz\/\",\"url\":\"https:\/\/www.weingutglatzer.at\/de\/datenschutz\/\",\"name\":\"Datenschutz - Weingut Glatzer\",\"isPartOf\":{\"@id\":\"https:\/\/www.weingutglatzer.at\/de\/#website\"},\"datePublished\":\"2018-06-01T13:53:50+00:00\",\"dateModified\":\"2021-02-01T17:16:33+00:00\",\"breadcrumb\":{\"@id\":\"https:\/\/www.weingutglatzer.at\/de\/datenschutz\/#breadcrumb\"},\"inLanguage\":\"de\",\"potentialAction\":[{\"@type\":\"ReadAction\",\"target\":[\"https:\/\/www.weingutglatzer.at\/de\/datenschutz\/\"]}]},{\"@type\":\"BreadcrumbList\",\"@id\":\"https:\/\/www.weingutglatzer.at\/de\/datenschutz\/#breadcrumb\",\"itemListElement\":[{\"@type\":\"ListItem\",\"position\":1,\"name\":\"Startseite\",\"item\":\"https:\/\/www.weingutglatzer.at\/de\/\"},{\"@type\":\"ListItem\",\"position\":2,\"name\":\"Datenschutz\"}]},{\"@type\":\"WebSite\",\"@id\":\"https:\/\/www.weingutglatzer.at\/de\/#website\",\"url\":\"https:\/\/www.weingutglatzer.at\/de\/\",\"name\":\"Weingut Glatzer\",\"description\":\"Carnuntum\",\"potentialAction\":[{\"@type\":\"SearchAction\",\"target\":{\"@type\":\"EntryPoint\",\"urlTemplate\":\"https:\/\/www.weingutglatzer.at\/de\/?s={search_term_string}\"},\"query-input\":{\"@type\":\"PropertyValueSpecification\",\"valueRequired\":true,\"valueName\":\"search_term_string\"}}],\"inLanguage\":\"de\"}]}<\/script>\n<!-- \/ Yoast SEO plugin. -->","yoast_head_json":{"title":"Datenschutz - Weingut Glatzer","robots":{"index":"index","follow":"follow","max-snippet":"max-snippet:-1","max-image-preview":"max-image-preview:large","max-video-preview":"max-video-preview:-1"},"canonical":"https:\/\/www.weingutglatzer.at\/de\/datenschutz\/","og_locale":"de_DE","og_type":"article","og_title":"Datenschutz - Weingut Glatzer","og_description":"Datenschutzbestimmungen Die Firma Glatzer Walter e.U. als Betreiber dieser Webseite, nimmt den Schutz Ihrer pers\u00f6nlichen Daten sehr ernst. Wir behandeln Ihre personenbezogenen Daten vertraulich und entsprechend der gesetzlichen Datenschutzvorschriften sowie dieser Datenschutzerkl\u00e4rung. Die Nutzung unserer Webseite ist in der Regel ohne Angabe personenbezogener Daten m\u00f6glich. Soweit auf unseren Seiten personenbezogene Daten (beispielsweise Name, Anschrift oder E-Mail-Adressen) erhoben werden, erfolgt dies,&hellip;","og_url":"https:\/\/www.weingutglatzer.at\/de\/datenschutz\/","og_site_name":"Weingut Glatzer","article_modified_time":"2021-02-01T17:16:33+00:00","twitter_card":"summary_large_image","twitter_misc":{"Gesch\u00e4tzte Lesezeit":"7\u00a0Minuten"},"schema":{"@context":"https:\/\/schema.org","@graph":[{"@type":"WebPage","@id":"https:\/\/www.weingutglatzer.at\/de\/datenschutz\/","url":"https:\/\/www.weingutglatzer.at\/de\/datenschutz\/","name":"Datenschutz - Weingut Glatzer","isPartOf":{"@id":"https:\/\/www.weingutglatzer.at\/de\/#website"},"datePublished":"2018-06-01T13:53:50+00:00","dateModified":"2021-02-01T17:16:33+00:00","breadcrumb":{"@id":"https:\/\/www.weingutglatzer.at\/de\/datenschutz\/#breadcrumb"},"inLanguage":"de","potentialAction":[{"@type":"ReadAction","target":["https:\/\/www.weingutglatzer.at\/de\/datenschutz\/"]}]},{"@type":"BreadcrumbList","@id":"https:\/\/www.weingutglatzer.at\/de\/datenschutz\/#breadcrumb","itemListElement":[{"@type":"ListItem","position":1,"name":"Startseite","item":"https:\/\/www.weingutglatzer.at\/de\/"},{"@type":"ListItem","position":2,"name":"Datenschutz"}]},{"@type":"WebSite","@id":"https:\/\/www.weingutglatzer.at\/de\/#website","url":"https:\/\/www.weingutglatzer.at\/de\/","name":"Weingut Glatzer","description":"Carnuntum","potentialAction":[{"@type":"SearchAction","target":{"@type":"EntryPoint","urlTemplate":"https:\/\/www.weingutglatzer.at\/de\/?s={search_term_string}"},"query-input":{"@type":"PropertyValueSpecification","valueRequired":true,"valueName":"search_term_string"}}],"inLanguage":"de"}]}},"_links":{"self":[{"href":"https:\/\/www.weingutglatzer.at\/de\/wp-json\/wp\/v2\/pages\/2046","targetHints":{"allow":["GET"]}}],"collection":[{"href":"https:\/\/www.weingutglatzer.at\/de\/wp-json\/wp\/v2\/pages"}],"about":[{"href":"https:\/\/www.weingutglatzer.at\/de\/wp-json\/wp\/v2\/types\/page"}],"author":[{"embeddable":true,"href":"https:\/\/www.weingutglatzer.at\/de\/wp-json\/wp\/v2\/users\/1"}],"replies":[{"embeddable":true,"href":"https:\/\/www.weingutglatzer.at\/de\/wp-json\/wp\/v2\/comments?post=2046"}],"version-history":[{"count":26,"href":"https:\/\/www.weingutglatzer.at\/de\/wp-json\/wp\/v2\/pages\/2046\/revisions"}],"predecessor-version":[{"id":6587,"href":"https:\/\/www.weingutglatzer.at\/de\/wp-json\/wp\/v2\/pages\/2046\/revisions\/6587"}],"wp:attachment":[{"href":"https:\/\/www.weingutglatzer.at\/de\/wp-json\/wp\/v2\/media?parent=2046"}],"curies":[{"name":"wp","href":"https:\/\/api.w.org\/{rel}","templated":true}]}}