{"id":1966,"date":"2018-03-30T10:01:12","date_gmt":"2018-03-30T08:01:12","guid":{"rendered":"https:\/\/www.weingutglatzer.at\/?page_id=1966"},"modified":"2020-03-17T11:12:59","modified_gmt":"2020-03-17T10:12:59","slug":"unsere-weine-2","status":"publish","type":"page","link":"https:\/\/www.weingutglatzer.at\/de\/unsere-weine-2\/","title":{"rendered":"Unsere Weine"},"content":{"rendered":"<p>[vc_row][vc_column width=&#8220;2\/3&#8243; offset=&#8220;vc_col-lg-8 vc_col-md-6&#8243;][vc_column_text]In jede Flasche Wein lassen wir unsere Liebe zum Handwerk einflie\u00dfen. Auf insgesamt 55 ha Weinbaufl\u00e4che gedeihen rote und wei\u00dfe Trauben, deren Charakter von Natur und Technik gepr\u00e4gt sind. Mit Technik meinen wir jedoch keinen k\u00fcnstlichen Schnickschnack, sondern modernste Qualit\u00e4tssicherung. Dank neuester Kellertechnologie k\u00f6nnen wir eine rasche Verarbeitung und kontrollierte Hygiene gew\u00e4hrleisten. Die besten Voraussetzungen f\u00fcr hochwertige und reint\u00f6nige Weine.<\/p>\n<p>Alle unsere Rotweine, die mehr als drei Viertel unserer Rebfl\u00e4chen ausmachen, werden in Edelstahltanks auf der Maische vergoren, wodurch Farb- und G\u00e4rstoffe optimal extrahiert werden. Der S\u00e4ureabbau erfolgt im Fass oder Barirque. Danach lagern wir die Weine in unterschiedlichen Eichenholzf\u00e4ssern, parzellengenau nach Weinlage.<\/p>\n<p>Die Verg\u00e4rung unserer Wei\u00dfweine erfolgt ebenfalls in Edelstahltanks, um Frische, Frucht und Sortencharakter zu betonen. Tiefgang und Komplexit\u00e4t erreichen wir mittels Lagerung auf der Feinhefe.<\/p>\n<p>Der kraftvolle, substanzreiche und samtig-komplexe Glatzer Dornenvogel z\u00e4hlt wohl zu den bekanntesten unserer Weine. Kein Wunder also, dass \u00fcber 30 Jahrg\u00e4nge Erfahrung mit 93 Parker-Punkten und einem Preis-Leistungs-Sieg pr\u00e4miert wurden.<\/p>\n<p>Unsere Weine sind \u00a0bei <a href=\"#wpsl-wrap\">unseren Partnern<\/a> oder \u00fcber den <a href=\"\/de\/shop\">Onlineshop<\/a>\u00a0erh\u00e4ltlich.[\/vc_column_text][\/vc_column][vc_column width=&#8220;1\/3&#8243;][vc_single_image image=&#8220;1935&#8243; img_size=&#8220;large&#8220; onclick=&#8220;img_link_large&#8220;][vc_empty_space hide_on_mobile=&#8220;&#8220;][\/vc_column][\/vc_row][vc_row][vc_column][vc_column_text]<style>\r\n\t#wpsl-stores .wpsl-store-thumb {height:45px !important; width:45px !important;}\r\n\t#wpsl-stores, #wpsl-direction-details, #wpsl-gmap {height:450px !important;}\r\n\t#wpsl-gmap .wpsl-info-window {max-width:1200px !important;}\r\n\t.wpsl-input label, #wpsl-radius label, #wpsl-category label {width:95px;}\r\n\t#wpsl-search-input  {width:179px;}\r\n<\/style>\r\n<div id=\"wpsl-wrap\">\r\n\t<div class=\"wpsl-search wpsl-clearfix \">\r\n\t\t<div id=\"wpsl-search-wrap\">\r\n\t\t\t<form autocomplete=\"off\">\r\n\t\t\t<div class=\"wpsl-input\">\r\n\t\t\t\t<div><label for=\"wpsl-search-input\">Your location<\/label><\/div>\r\n\t\t\t\t<input id=\"wpsl-search-input\" type=\"text\" value=\"\" name=\"wpsl-search-input\" placeholder=\"\" aria-required=\"true\" \/>\r\n\t\t\t<\/div>\r\n\t\t\t<div class=\"wpsl-select-wrap\">\r\n\t\t\t\t<div id=\"wpsl-radius\">\r\n\t\t\t\t\t<label for=\"wpsl-radius-dropdown\">Search radius<\/label>\r\n\t\t\t\t\t<select id=\"wpsl-radius-dropdown\" class=\"wpsl-dropdown\" name=\"wpsl-radius\">\r\n\t\t\t\t\t\t<option value=\"10\">10 km<\/option><option value=\"25\">25 km<\/option><option selected=\"selected\" value=\"50\">50 km<\/option><option value=\"100\">100 km<\/option><option value=\"200\">200 km<\/option><option value=\"500\">500 km<\/option>\r\n\t\t\t\t\t<\/select>\r\n\t\t\t\t<\/div>\r\n\t\t\t\t<div id=\"wpsl-results\">\r\n\t\t\t\t\t<label for=\"wpsl-results-dropdown\">Results<\/label>\r\n\t\t\t\t\t<select id=\"wpsl-results-dropdown\" class=\"wpsl-dropdown\" name=\"wpsl-results\">\r\n\t\t\t\t\t\t<option selected=\"selected\" value=\"25\">25<\/option><option value=\"50\">50<\/option><option value=\"75\">75<\/option><option value=\"100\">100<\/option>\r\n\t\t\t\t\t<\/select>\r\n\t\t\t\t<\/div>\r\n\t\t\t<\/div>\r\n\t\t\t\t<div class=\"wpsl-search-btn-wrap\"><input id=\"wpsl-search-btn\" type=\"submit\" value=\"Search\"><\/div>\r\n\t\t<\/form>\r\n\t\t<\/div>\r\n\t<\/div>\r\n\t<div id=\"wpsl-gmap\" class=\"wpsl-gmap-canvas\"><\/div>\r\n\t<div id=\"wpsl-result-list\">\r\n\t\t<div id=\"wpsl-stores\" >\r\n\t\t\t<ul><\/ul>\r\n\t\t<\/div>\r\n\t\t<div id=\"wpsl-direction-details\">\r\n\t\t\t<ul><\/ul>\r\n\t\t<\/div>\r\n\t<\/div>\r\n<\/div>\r\n[\/vc_column_text][\/vc_column][\/vc_row]<\/p>\n","protected":false},"excerpt":{"rendered":"<p>[vc_row][vc_column width=&#8220;2\/3&#8243; offset=&#8220;vc_col-lg-8 vc_col-md-6&#8243;][vc_column_text]In jede Flasche Wein lassen wir unsere Liebe zum Handwerk einflie\u00dfen. Auf insgesamt 55 ha Weinbaufl\u00e4che gedeihen rote und wei\u00dfe Trauben, deren Charakter von Natur und Technik gepr\u00e4gt sind. Mit Technik meinen wir jedoch keinen k\u00fcnstlichen Schnickschnack, sondern modernste Qualit\u00e4tssicherung. Dank neuester Kellertechnologie k\u00f6nnen wir eine rasche Verarbeitung und kontrollierte Hygiene gew\u00e4hrleisten. Die besten Voraussetzungen f\u00fcr hochwertige&hellip;<\/p>\n","protected":false},"author":1,"featured_media":0,"parent":0,"menu_order":9,"comment_status":"closed","ping_status":"closed","template":"","meta":{"_acf_changed":false,"footnotes":""},"class_list":["post-1966","page","type-page","status-publish","hentry"],"acf":[],"yoast_head":"<!-- This site is optimized with the Yoast SEO plugin v26.4 - https:\/\/yoast.com\/wordpress\/plugins\/seo\/ -->\n<title>Unsere Weine - Weingut Glatzer<\/title>\n<meta name=\"robots\" content=\"index, follow, max-snippet:-1, max-image-preview:large, max-video-preview:-1\" \/>\n<link rel=\"canonical\" href=\"https:\/\/www.weingutglatzer.at\/de\/unsere-weine-2\/\" \/>\n<meta property=\"og:locale\" content=\"de_DE\" \/>\n<meta property=\"og:type\" content=\"article\" \/>\n<meta property=\"og:title\" content=\"Unsere Weine - Weingut Glatzer\" \/>\n<meta property=\"og:description\" content=\"[vc_row][vc_column width=&#8220;2\/3&#8243; offset=&#8220;vc_col-lg-8 vc_col-md-6&#8243;][vc_column_text]In jede Flasche Wein lassen wir unsere Liebe zum Handwerk einflie\u00dfen. Auf insgesamt 55 ha Weinbaufl\u00e4che gedeihen rote und wei\u00dfe Trauben, deren Charakter von Natur und Technik gepr\u00e4gt sind. Mit Technik meinen wir jedoch keinen k\u00fcnstlichen Schnickschnack, sondern modernste Qualit\u00e4tssicherung. Dank neuester Kellertechnologie k\u00f6nnen wir eine rasche Verarbeitung und kontrollierte Hygiene gew\u00e4hrleisten. Die besten Voraussetzungen f\u00fcr hochwertige&hellip;\" \/>\n<meta property=\"og:url\" content=\"https:\/\/www.weingutglatzer.at\/de\/unsere-weine-2\/\" \/>\n<meta property=\"og:site_name\" content=\"Weingut Glatzer\" \/>\n<meta property=\"article:modified_time\" content=\"2020-03-17T10:12:59+00:00\" \/>\n<meta name=\"twitter:card\" content=\"summary_large_image\" \/>\n<meta name=\"twitter:label1\" content=\"Gesch\u00e4tzte Lesezeit\" \/>\n\t<meta name=\"twitter:data1\" content=\"1\u00a0Minute\" \/>\n<script type=\"application\/ld+json\" class=\"yoast-schema-graph\">{\"@context\":\"https:\/\/schema.org\",\"@graph\":[{\"@type\":\"WebPage\",\"@id\":\"https:\/\/www.weingutglatzer.at\/de\/unsere-weine-2\/\",\"url\":\"https:\/\/www.weingutglatzer.at\/de\/unsere-weine-2\/\",\"name\":\"Unsere Weine - Weingut Glatzer\",\"isPartOf\":{\"@id\":\"https:\/\/www.weingutglatzer.at\/de\/#website\"},\"datePublished\":\"2018-03-30T08:01:12+00:00\",\"dateModified\":\"2020-03-17T10:12:59+00:00\",\"breadcrumb\":{\"@id\":\"https:\/\/www.weingutglatzer.at\/de\/unsere-weine-2\/#breadcrumb\"},\"inLanguage\":\"de\",\"potentialAction\":[{\"@type\":\"ReadAction\",\"target\":[\"https:\/\/www.weingutglatzer.at\/de\/unsere-weine-2\/\"]}]},{\"@type\":\"BreadcrumbList\",\"@id\":\"https:\/\/www.weingutglatzer.at\/de\/unsere-weine-2\/#breadcrumb\",\"itemListElement\":[{\"@type\":\"ListItem\",\"position\":1,\"name\":\"Startseite\",\"item\":\"https:\/\/www.weingutglatzer.at\/de\/\"},{\"@type\":\"ListItem\",\"position\":2,\"name\":\"Unsere Weine\"}]},{\"@type\":\"WebSite\",\"@id\":\"https:\/\/www.weingutglatzer.at\/de\/#website\",\"url\":\"https:\/\/www.weingutglatzer.at\/de\/\",\"name\":\"Weingut Glatzer\",\"description\":\"Carnuntum\",\"potentialAction\":[{\"@type\":\"SearchAction\",\"target\":{\"@type\":\"EntryPoint\",\"urlTemplate\":\"https:\/\/www.weingutglatzer.at\/de\/?s={search_term_string}\"},\"query-input\":{\"@type\":\"PropertyValueSpecification\",\"valueRequired\":true,\"valueName\":\"search_term_string\"}}],\"inLanguage\":\"de\"}]}<\/script>\n<!-- \/ Yoast SEO plugin. -->","yoast_head_json":{"title":"Unsere Weine - Weingut Glatzer","robots":{"index":"index","follow":"follow","max-snippet":"max-snippet:-1","max-image-preview":"max-image-preview:large","max-video-preview":"max-video-preview:-1"},"canonical":"https:\/\/www.weingutglatzer.at\/de\/unsere-weine-2\/","og_locale":"de_DE","og_type":"article","og_title":"Unsere Weine - Weingut Glatzer","og_description":"[vc_row][vc_column width=&#8220;2\/3&#8243; offset=&#8220;vc_col-lg-8 vc_col-md-6&#8243;][vc_column_text]In jede Flasche Wein lassen wir unsere Liebe zum Handwerk einflie\u00dfen. Auf insgesamt 55 ha Weinbaufl\u00e4che gedeihen rote und wei\u00dfe Trauben, deren Charakter von Natur und Technik gepr\u00e4gt sind. Mit Technik meinen wir jedoch keinen k\u00fcnstlichen Schnickschnack, sondern modernste Qualit\u00e4tssicherung. Dank neuester Kellertechnologie k\u00f6nnen wir eine rasche Verarbeitung und kontrollierte Hygiene gew\u00e4hrleisten. Die besten Voraussetzungen f\u00fcr hochwertige&hellip;","og_url":"https:\/\/www.weingutglatzer.at\/de\/unsere-weine-2\/","og_site_name":"Weingut Glatzer","article_modified_time":"2020-03-17T10:12:59+00:00","twitter_card":"summary_large_image","twitter_misc":{"Gesch\u00e4tzte Lesezeit":"1\u00a0Minute"},"schema":{"@context":"https:\/\/schema.org","@graph":[{"@type":"WebPage","@id":"https:\/\/www.weingutglatzer.at\/de\/unsere-weine-2\/","url":"https:\/\/www.weingutglatzer.at\/de\/unsere-weine-2\/","name":"Unsere Weine - Weingut Glatzer","isPartOf":{"@id":"https:\/\/www.weingutglatzer.at\/de\/#website"},"datePublished":"2018-03-30T08:01:12+00:00","dateModified":"2020-03-17T10:12:59+00:00","breadcrumb":{"@id":"https:\/\/www.weingutglatzer.at\/de\/unsere-weine-2\/#breadcrumb"},"inLanguage":"de","potentialAction":[{"@type":"ReadAction","target":["https:\/\/www.weingutglatzer.at\/de\/unsere-weine-2\/"]}]},{"@type":"BreadcrumbList","@id":"https:\/\/www.weingutglatzer.at\/de\/unsere-weine-2\/#breadcrumb","itemListElement":[{"@type":"ListItem","position":1,"name":"Startseite","item":"https:\/\/www.weingutglatzer.at\/de\/"},{"@type":"ListItem","position":2,"name":"Unsere Weine"}]},{"@type":"WebSite","@id":"https:\/\/www.weingutglatzer.at\/de\/#website","url":"https:\/\/www.weingutglatzer.at\/de\/","name":"Weingut Glatzer","description":"Carnuntum","potentialAction":[{"@type":"SearchAction","target":{"@type":"EntryPoint","urlTemplate":"https:\/\/www.weingutglatzer.at\/de\/?s={search_term_string}"},"query-input":{"@type":"PropertyValueSpecification","valueRequired":true,"valueName":"search_term_string"}}],"inLanguage":"de"}]}},"_links":{"self":[{"href":"https:\/\/www.weingutglatzer.at\/de\/wp-json\/wp\/v2\/pages\/1966","targetHints":{"allow":["GET"]}}],"collection":[{"href":"https:\/\/www.weingutglatzer.at\/de\/wp-json\/wp\/v2\/pages"}],"about":[{"href":"https:\/\/www.weingutglatzer.at\/de\/wp-json\/wp\/v2\/types\/page"}],"author":[{"embeddable":true,"href":"https:\/\/www.weingutglatzer.at\/de\/wp-json\/wp\/v2\/users\/1"}],"replies":[{"embeddable":true,"href":"https:\/\/www.weingutglatzer.at\/de\/wp-json\/wp\/v2\/comments?post=1966"}],"version-history":[{"count":9,"href":"https:\/\/www.weingutglatzer.at\/de\/wp-json\/wp\/v2\/pages\/1966\/revisions"}],"predecessor-version":[{"id":3308,"href":"https:\/\/www.weingutglatzer.at\/de\/wp-json\/wp\/v2\/pages\/1966\/revisions\/3308"}],"wp:attachment":[{"href":"https:\/\/www.weingutglatzer.at\/de\/wp-json\/wp\/v2\/media?parent=1966"}],"curies":[{"name":"wp","href":"https:\/\/api.w.org\/{rel}","templated":true}]}}