{"id":1854,"date":"2018-03-20T00:42:19","date_gmt":"2018-03-19T23:42:19","guid":{"rendered":"https:\/\/www.weingutglatzer.at\/?page_id=1854"},"modified":"2021-02-06T12:34:28","modified_gmt":"2021-02-06T11:34:28","slug":"presse-download","status":"publish","type":"page","link":"https:\/\/www.weingutglatzer.at\/de\/presse-download\/","title":{"rendered":"Presse &amp; Download"},"content":{"rendered":"<p>[vc_row][vc_column width=&#8220;1\/4&#8243;][vc_single_image image=&#8220;2306&#8243; css=&#8220;.vc_custom_1530890381232{margin-top: 50px !important;}&#8220;][\/vc_column][vc_column width=&#8220;3\/4&#8243;][vc_column_text]<\/p>\n<h3>Logo<\/h3>\n<p><a href=\"https:\/\/www.weingutglatzer.at\/wp-content\/uploads\/2019\/02\/Logo.zip\" target=\"_blank\" rel=\"noopener noreferrer\">Hier k\u00f6nnen Sie sich das Logo downloaden.<\/a>[\/vc_column_text][\/vc_column][\/vc_row][vc_row][vc_column][vc_separator][\/vc_column][\/vc_row][vc_row][vc_column width=&#8220;1\/4&#8243;][vc_single_image image=&#8220;2313&#8243; css=&#8220;.vc_custom_1530890707295{margin-top: 50px !important;}&#8220;][\/vc_column][vc_column width=&#8220;3\/4&#8243;][vc_column_text]<\/p>\n<h3>Abbildungen Flaschen<\/h3>\n<p><a href=\"https:\/\/www.weingutglatzer.at\/wp-content\/uploads\/2018\/06\/LowRes.zip\" target=\"_blank\" rel=\"noopener noreferrer\">Hier k\u00f6nnen Sie sich Flaschenabbildungen (Web-Aufl\u00f6sung) downloaden.<\/a><\/p>\n<p><a href=\"https:\/\/www.weingutglatzer.at\/wp-content\/uploads\/2018\/06\/HighRes.zip\" target=\"_blank\" rel=\"noopener noreferrer\">Hier k\u00f6nnen Sie sich Flaschenabbildungen (hohe Aufl\u00f6sung) downloaden.<\/a>[\/vc_column_text][\/vc_column][\/vc_row][vc_row][vc_column][vc_separator][\/vc_column][\/vc_row][vc_row][vc_column width=&#8220;1\/4&#8243;][vc_single_image image=&#8220;2315&#8243; css=&#8220;.vc_custom_1530891000977{margin-top: 50px !important;}&#8220;][\/vc_column][vc_column width=&#8220;3\/4&#8243;][vc_column_text]<\/p>\n<h3>Weinbeschreibungen<\/h3>\n<p>Hier k\u00f6nnen Sie alle Weinbeschreibungen downloaden:<\/p>\n<p><a href=\"https:\/\/www.weingutglatzer.at\/wp-content\/uploads\/2021\/02\/Produktbla\u0308tter-Glatzer-Weine-Stand-01_2021.zip\">Glatzer Produktbl\u00e4tter PDF<\/a>[\/vc_column_text][\/vc_column][\/vc_row][vc_row][vc_column][vc_separator][\/vc_column][\/vc_row][vc_row][vc_column width=&#8220;1\/4&#8243;][vc_single_image image=&#8220;6467&#8243; css=&#8220;.vc_custom_1611867117361{margin-top: 50px !important;}&#8220;][\/vc_column][vc_column width=&#8220;3\/4&#8243;][vc_column_text]<\/p>\n<h3>Imagefolder<\/h3>\n<p>Hier k\u00f6nnen Sie in K\u00fcrze unseren aktuellen Imagefolder in Deutsch downloaden:<\/p>\n<p><a href=\"https:\/\/www.weingutglatzer.at\/wp-content\/uploads\/2021\/01\/GLA_imagebroschuere_2020_SCREENY.pdf\">GLATZER Imagebrosch\u00fcre<\/a>[\/vc_column_text][\/vc_column][\/vc_row][vc_row][vc_column][vc_separator][\/vc_column][\/vc_row][vc_row][vc_column width=&#8220;1\/4&#8243;][vc_single_image image=&#8220;2633&#8243; css=&#8220;.vc_custom_1548684925843{margin-top: 50px !important;}&#8220;][\/vc_column][vc_column width=&#8220;3\/4&#8243;][vc_column_text]<\/p>\n<h3>Imagebilder Weingut<\/h3>\n<p><a href=\"https:\/\/www.weingutglatzer.at\/wp-content\/uploads\/2019\/02\/Imagebilder.zip\" target=\"_blank\" rel=\"noopener noreferrer\">Hier k\u00f6nnen Sie sich die Imagebilder vom Weingut downloaden.<\/a>[\/vc_column_text][\/vc_column][\/vc_row][vc_row][vc_column][vc_separator][\/vc_column][\/vc_row][vc_row][vc_column width=&#8220;1\/4&#8243;][vc_single_image image=&#8220;2635&#8243; css=&#8220;.vc_custom_1548685099656{margin-top: 50px !important;}&#8220;][\/vc_column][vc_column width=&#8220;3\/4&#8243;][vc_column_text]<\/p>\n<h3>Imagebilder Walter Glatzer<\/h3>\n<p><a href=\"https:\/\/www.weingutglatzer.at\/wp-content\/uploads\/2019\/02\/Imagebilder_WG.zip\" target=\"_blank\" rel=\"noopener noreferrer\">Hier k\u00f6nnen Sie sich die Imagebilder von Walter Glatzer downloaden.<\/a>[\/vc_column_text][\/vc_column][\/vc_row][vc_row][vc_column][vc_column_text]<\/p>\n<p>[\/vc_column_text][\/vc_column][\/vc_row]<\/p>\n","protected":false},"excerpt":{"rendered":"<p>[vc_row][vc_column width=&#8220;1\/4&#8243;][vc_single_image image=&#8220;2306&#8243; css=&#8220;.vc_custom_1530890381232{margin-top: 50px !important;}&#8220;][\/vc_column][vc_column width=&#8220;3\/4&#8243;][vc_column_text] Logo Hier k\u00f6nnen Sie sich das Logo downloaden.[\/vc_column_text][\/vc_column][\/vc_row][vc_row][vc_column][vc_separator][\/vc_column][\/vc_row][vc_row][vc_column width=&#8220;1\/4&#8243;][vc_single_image image=&#8220;2313&#8243; css=&#8220;.vc_custom_1530890707295{margin-top: 50px !important;}&#8220;][\/vc_column][vc_column width=&#8220;3\/4&#8243;][vc_column_text] Abbildungen Flaschen Hier k\u00f6nnen Sie sich Flaschenabbildungen (Web-Aufl\u00f6sung) downloaden. Hier k\u00f6nnen Sie sich Flaschenabbildungen (hohe Aufl\u00f6sung) downloaden.[\/vc_column_text][\/vc_column][\/vc_row][vc_row][vc_column][vc_separator][\/vc_column][\/vc_row][vc_row][vc_column width=&#8220;1\/4&#8243;][vc_single_image image=&#8220;2315&#8243; css=&#8220;.vc_custom_1530891000977{margin-top: 50px !important;}&#8220;][\/vc_column][vc_column width=&#8220;3\/4&#8243;][vc_column_text] Weinbeschreibungen Hier k\u00f6nnen Sie alle Weinbeschreibungen downloaden: Glatzer Produktbl\u00e4tter PDF[\/vc_column_text][\/vc_column][\/vc_row][vc_row][vc_column][vc_separator][\/vc_column][\/vc_row][vc_row][vc_column width=&#8220;1\/4&#8243;][vc_single_image image=&#8220;6467&#8243; css=&#8220;.vc_custom_1611867117361{margin-top: 50px !important;}&#8220;][\/vc_column][vc_column width=&#8220;3\/4&#8243;][vc_column_text]&hellip;<\/p>\n","protected":false},"author":1,"featured_media":0,"parent":0,"menu_order":0,"comment_status":"closed","ping_status":"closed","template":"","meta":{"_acf_changed":false,"footnotes":""},"class_list":["post-1854","page","type-page","status-publish","hentry"],"acf":[],"yoast_head":"<!-- This site is optimized with the Yoast SEO plugin v26.4 - https:\/\/yoast.com\/wordpress\/plugins\/seo\/ -->\n<title>Presse &amp; Download - Weingut Glatzer<\/title>\n<meta name=\"robots\" content=\"index, follow, max-snippet:-1, max-image-preview:large, max-video-preview:-1\" \/>\n<link rel=\"canonical\" href=\"https:\/\/www.weingutglatzer.at\/de\/presse-download\/\" \/>\n<meta property=\"og:locale\" content=\"de_DE\" \/>\n<meta property=\"og:type\" content=\"article\" \/>\n<meta property=\"og:title\" content=\"Presse &amp; Download - Weingut Glatzer\" \/>\n<meta property=\"og:description\" content=\"[vc_row][vc_column width=&#8220;1\/4&#8243;][vc_single_image image=&#8220;2306&#8243; css=&#8220;.vc_custom_1530890381232{margin-top: 50px !important;}&#8220;][\/vc_column][vc_column width=&#8220;3\/4&#8243;][vc_column_text] Logo Hier k\u00f6nnen Sie sich das Logo downloaden.[\/vc_column_text][\/vc_column][\/vc_row][vc_row][vc_column][vc_separator][\/vc_column][\/vc_row][vc_row][vc_column width=&#8220;1\/4&#8243;][vc_single_image image=&#8220;2313&#8243; css=&#8220;.vc_custom_1530890707295{margin-top: 50px !important;}&#8220;][\/vc_column][vc_column width=&#8220;3\/4&#8243;][vc_column_text] Abbildungen Flaschen Hier k\u00f6nnen Sie sich Flaschenabbildungen (Web-Aufl\u00f6sung) downloaden. Hier k\u00f6nnen Sie sich Flaschenabbildungen (hohe Aufl\u00f6sung) downloaden.[\/vc_column_text][\/vc_column][\/vc_row][vc_row][vc_column][vc_separator][\/vc_column][\/vc_row][vc_row][vc_column width=&#8220;1\/4&#8243;][vc_single_image image=&#8220;2315&#8243; css=&#8220;.vc_custom_1530891000977{margin-top: 50px !important;}&#8220;][\/vc_column][vc_column width=&#8220;3\/4&#8243;][vc_column_text] Weinbeschreibungen Hier k\u00f6nnen Sie alle Weinbeschreibungen downloaden: Glatzer Produktbl\u00e4tter PDF[\/vc_column_text][\/vc_column][\/vc_row][vc_row][vc_column][vc_separator][\/vc_column][\/vc_row][vc_row][vc_column width=&#8220;1\/4&#8243;][vc_single_image image=&#8220;6467&#8243; css=&#8220;.vc_custom_1611867117361{margin-top: 50px !important;}&#8220;][\/vc_column][vc_column width=&#8220;3\/4&#8243;][vc_column_text]&hellip;\" \/>\n<meta property=\"og:url\" content=\"https:\/\/www.weingutglatzer.at\/de\/presse-download\/\" \/>\n<meta property=\"og:site_name\" content=\"Weingut Glatzer\" \/>\n<meta property=\"article:modified_time\" content=\"2021-02-06T11:34:28+00:00\" \/>\n<meta name=\"twitter:card\" content=\"summary_large_image\" \/>\n<meta name=\"twitter:label1\" content=\"Gesch\u00e4tzte Lesezeit\" \/>\n\t<meta name=\"twitter:data1\" content=\"2\u00a0Minuten\" \/>\n<script type=\"application\/ld+json\" class=\"yoast-schema-graph\">{\"@context\":\"https:\/\/schema.org\",\"@graph\":[{\"@type\":\"WebPage\",\"@id\":\"https:\/\/www.weingutglatzer.at\/de\/presse-download\/\",\"url\":\"https:\/\/www.weingutglatzer.at\/de\/presse-download\/\",\"name\":\"Presse &amp; Download - Weingut Glatzer\",\"isPartOf\":{\"@id\":\"https:\/\/www.weingutglatzer.at\/de\/#website\"},\"datePublished\":\"2018-03-19T23:42:19+00:00\",\"dateModified\":\"2021-02-06T11:34:28+00:00\",\"breadcrumb\":{\"@id\":\"https:\/\/www.weingutglatzer.at\/de\/presse-download\/#breadcrumb\"},\"inLanguage\":\"de\",\"potentialAction\":[{\"@type\":\"ReadAction\",\"target\":[\"https:\/\/www.weingutglatzer.at\/de\/presse-download\/\"]}]},{\"@type\":\"BreadcrumbList\",\"@id\":\"https:\/\/www.weingutglatzer.at\/de\/presse-download\/#breadcrumb\",\"itemListElement\":[{\"@type\":\"ListItem\",\"position\":1,\"name\":\"Startseite\",\"item\":\"https:\/\/www.weingutglatzer.at\/de\/\"},{\"@type\":\"ListItem\",\"position\":2,\"name\":\"Presse &amp; Download\"}]},{\"@type\":\"WebSite\",\"@id\":\"https:\/\/www.weingutglatzer.at\/de\/#website\",\"url\":\"https:\/\/www.weingutglatzer.at\/de\/\",\"name\":\"Weingut Glatzer\",\"description\":\"Carnuntum\",\"potentialAction\":[{\"@type\":\"SearchAction\",\"target\":{\"@type\":\"EntryPoint\",\"urlTemplate\":\"https:\/\/www.weingutglatzer.at\/de\/?s={search_term_string}\"},\"query-input\":{\"@type\":\"PropertyValueSpecification\",\"valueRequired\":true,\"valueName\":\"search_term_string\"}}],\"inLanguage\":\"de\"}]}<\/script>\n<!-- \/ Yoast SEO plugin. -->","yoast_head_json":{"title":"Presse &amp; Download - Weingut Glatzer","robots":{"index":"index","follow":"follow","max-snippet":"max-snippet:-1","max-image-preview":"max-image-preview:large","max-video-preview":"max-video-preview:-1"},"canonical":"https:\/\/www.weingutglatzer.at\/de\/presse-download\/","og_locale":"de_DE","og_type":"article","og_title":"Presse &amp; Download - Weingut Glatzer","og_description":"[vc_row][vc_column width=&#8220;1\/4&#8243;][vc_single_image image=&#8220;2306&#8243; css=&#8220;.vc_custom_1530890381232{margin-top: 50px !important;}&#8220;][\/vc_column][vc_column width=&#8220;3\/4&#8243;][vc_column_text] Logo Hier k\u00f6nnen Sie sich das Logo downloaden.[\/vc_column_text][\/vc_column][\/vc_row][vc_row][vc_column][vc_separator][\/vc_column][\/vc_row][vc_row][vc_column width=&#8220;1\/4&#8243;][vc_single_image image=&#8220;2313&#8243; css=&#8220;.vc_custom_1530890707295{margin-top: 50px !important;}&#8220;][\/vc_column][vc_column width=&#8220;3\/4&#8243;][vc_column_text] Abbildungen Flaschen Hier k\u00f6nnen Sie sich Flaschenabbildungen (Web-Aufl\u00f6sung) downloaden. Hier k\u00f6nnen Sie sich Flaschenabbildungen (hohe Aufl\u00f6sung) downloaden.[\/vc_column_text][\/vc_column][\/vc_row][vc_row][vc_column][vc_separator][\/vc_column][\/vc_row][vc_row][vc_column width=&#8220;1\/4&#8243;][vc_single_image image=&#8220;2315&#8243; css=&#8220;.vc_custom_1530891000977{margin-top: 50px !important;}&#8220;][\/vc_column][vc_column width=&#8220;3\/4&#8243;][vc_column_text] Weinbeschreibungen Hier k\u00f6nnen Sie alle Weinbeschreibungen downloaden: Glatzer Produktbl\u00e4tter PDF[\/vc_column_text][\/vc_column][\/vc_row][vc_row][vc_column][vc_separator][\/vc_column][\/vc_row][vc_row][vc_column width=&#8220;1\/4&#8243;][vc_single_image image=&#8220;6467&#8243; css=&#8220;.vc_custom_1611867117361{margin-top: 50px !important;}&#8220;][\/vc_column][vc_column width=&#8220;3\/4&#8243;][vc_column_text]&hellip;","og_url":"https:\/\/www.weingutglatzer.at\/de\/presse-download\/","og_site_name":"Weingut Glatzer","article_modified_time":"2021-02-06T11:34:28+00:00","twitter_card":"summary_large_image","twitter_misc":{"Gesch\u00e4tzte Lesezeit":"2\u00a0Minuten"},"schema":{"@context":"https:\/\/schema.org","@graph":[{"@type":"WebPage","@id":"https:\/\/www.weingutglatzer.at\/de\/presse-download\/","url":"https:\/\/www.weingutglatzer.at\/de\/presse-download\/","name":"Presse &amp; Download - Weingut Glatzer","isPartOf":{"@id":"https:\/\/www.weingutglatzer.at\/de\/#website"},"datePublished":"2018-03-19T23:42:19+00:00","dateModified":"2021-02-06T11:34:28+00:00","breadcrumb":{"@id":"https:\/\/www.weingutglatzer.at\/de\/presse-download\/#breadcrumb"},"inLanguage":"de","potentialAction":[{"@type":"ReadAction","target":["https:\/\/www.weingutglatzer.at\/de\/presse-download\/"]}]},{"@type":"BreadcrumbList","@id":"https:\/\/www.weingutglatzer.at\/de\/presse-download\/#breadcrumb","itemListElement":[{"@type":"ListItem","position":1,"name":"Startseite","item":"https:\/\/www.weingutglatzer.at\/de\/"},{"@type":"ListItem","position":2,"name":"Presse &amp; Download"}]},{"@type":"WebSite","@id":"https:\/\/www.weingutglatzer.at\/de\/#website","url":"https:\/\/www.weingutglatzer.at\/de\/","name":"Weingut Glatzer","description":"Carnuntum","potentialAction":[{"@type":"SearchAction","target":{"@type":"EntryPoint","urlTemplate":"https:\/\/www.weingutglatzer.at\/de\/?s={search_term_string}"},"query-input":{"@type":"PropertyValueSpecification","valueRequired":true,"valueName":"search_term_string"}}],"inLanguage":"de"}]}},"_links":{"self":[{"href":"https:\/\/www.weingutglatzer.at\/de\/wp-json\/wp\/v2\/pages\/1854","targetHints":{"allow":["GET"]}}],"collection":[{"href":"https:\/\/www.weingutglatzer.at\/de\/wp-json\/wp\/v2\/pages"}],"about":[{"href":"https:\/\/www.weingutglatzer.at\/de\/wp-json\/wp\/v2\/types\/page"}],"author":[{"embeddable":true,"href":"https:\/\/www.weingutglatzer.at\/de\/wp-json\/wp\/v2\/users\/1"}],"replies":[{"embeddable":true,"href":"https:\/\/www.weingutglatzer.at\/de\/wp-json\/wp\/v2\/comments?post=1854"}],"version-history":[{"count":33,"href":"https:\/\/www.weingutglatzer.at\/de\/wp-json\/wp\/v2\/pages\/1854\/revisions"}],"predecessor-version":[{"id":3809,"href":"https:\/\/www.weingutglatzer.at\/de\/wp-json\/wp\/v2\/pages\/1854\/revisions\/3809"}],"wp:attachment":[{"href":"https:\/\/www.weingutglatzer.at\/de\/wp-json\/wp\/v2\/media?parent=1854"}],"curies":[{"name":"wp","href":"https:\/\/api.w.org\/{rel}","templated":true}]}}