{"id":1669,"date":"2017-10-19T22:57:11","date_gmt":"2017-10-19T20:57:11","guid":{"rendered":"https:\/\/www.weingutglatzer.at\/?page_id=1669"},"modified":"2021-03-02T10:21:10","modified_gmt":"2021-03-02T09:21:10","slug":"agbs","status":"publish","type":"page","link":"https:\/\/www.weingutglatzer.at\/de\/agbs\/","title":{"rendered":"AGBs"},"content":{"rendered":"<div class=\"agb\">\n<h3><strong>Allgemeine Gesch\u00e4ftsbedingungen mit Kundeninformationen<\/strong><\/h3>\n<p>(Die nachstehenden AGB enthalten zugleich gesetzliche Informationen zu Ihren Rechten nach den Vorschriften \u00fcber Vertr\u00e4ge im Fernabsatz und im elektronischen Gesch\u00e4ftsverkehr.)<\/p>\n<p>1. Geltungsbereich<br \/>\n2. Preise und Versandkosten<br \/>\n3. Zahlung und Zahlungsarten<br \/>\n4. Gefahren\u00fcbergang<br \/>\n5. Transportsch\u00e4den<br \/>\n6. R\u00fcckgabe der Ware und R\u00fccktrittsrecht<br \/>\n7. Bestellungen, Lieferfrist, Lieferhindernisse, R\u00fccktritt vom Vertrag<br \/>\n8. Gew\u00e4hrleistung<br \/>\n9. Haftung f\u00fcr Schadenersatz<br \/>\n10. Jugendschutz<br \/>\n11. EDV-Verarbeitung und Kundendaten<br \/>\n12. Sonstige Bestimmungen<\/p>\n<ol>\n<li>\n<h3>Geltungsbereich<\/h3>\n<ol>\n<li>Diese Allgemeinen Gesch\u00e4ftsbedingungen gelten f\u00fcr den Verkauf und die Lieferung von Waren durch Glatzer Walter e.U. (im Folgenden Weingut Glatzer genannt) mit dem Firmensitz und der Gesch\u00e4ftsadresse in 2464 G\u00f6ttlesbrunn.<\/li>\n<li>Die Allgemeinen Gesch\u00e4ftsbedingungen k\u00f6nnen von Weingut Glatzer jederzeit abge\u00e4ndert werden und gelten in der zum Zeitpunkt der Bestellung des Kunden aktuellen Fassung.<\/li>\n<li>Abweichende Gesch\u00e4ftsbedingungen haben keine G\u00fcltigkeit, es sei denn, Weingut Glatzer hat diesen vor Annahme der Bestellung schriftlich oder per E-Mail zugestimmt.<\/li>\n<li>Mit der Abgabe einer Bestellung erkl\u00e4rt sich der Kunde mit diesen Allgemeinen Gesch\u00e4ftsbedingungen einverstanden.<\/li>\n<li>Das Angebot von Weingut Glatzer ist freibleibend und gilt nur, solange der Vorrat reicht.\u00a0Aufgrund der beschr\u00e4nkten Mengen einzelner Waren, kann es w\u00e4hrend Ihrer Online-Bestellung zu einer Ausverkaufssituation kommen. In diesem Fall erlauben wir uns, Ihnen Alternativprodukte anzubieten.<\/li>\n<li>Die Vertragssprache ist Deutsch.<\/li>\n<\/ol>\n<\/li>\n<li>\n<h3>Preise und Versandkosten<\/h3>\n<ol>\n<li>Die angebotenen Preise der Waren verstehen sich als Bruttopreise in Euro pro St\u00fcck und beinhalten s\u00e4mtliche gesetzlichen Steuern (Mehrwertsteuer) und Abgaben. Die angebotenen Preise enthalten jedoch nicht allf\u00e4llige Versandkosten.<\/li>\n<li>Die genannten Betr\u00e4ge k\u00f6nnen von Weingut Glatzer f\u00fcr zuk\u00fcnftige Vertr\u00e4ge jederzeit einseitig ge\u00e4ndert werden. Bei Schreib-, Druck- und Rechenfehlern auf der Website, ist Weingut Glatzer zum R\u00fccktritt berechtigt.<\/li>\n<li>Die Preise basieren auf den Kosten zum Zeitpunkt der erstmaligen Preisangabe. Sollten sich die Kosten bis zum Zeitpunkt der Abgabe einer Bestellung durch den K\u00e4ufer ver\u00e4ndern, so ist Weingut Glatzer berechtigt, die Preise entsprechend anzupassen.<\/li>\n<li>Lieferungen au\u00dferhalb \u00d6sterreichs k\u00f6nnen nur dann erfolgen, wenn der Lieferung keine gesetzlichen oder unverh\u00e4ltnism\u00e4\u00dfigen logistischen Hindernisse entgegenstehen.<\/li>\n<li>Alle durch den Versand entstehenden Kosten tr\u00e4gt der K\u00e4ufer. Die Kosten der Zustellung werden bei Bestellung im Internet-Onlineshop nach korrekter Auswahl im Warenkorb angezeigt, und bei einer abgegebenen Bestellung in der von Weingut Glatzer schriftlich (per E-Mail) abgegebenen Bestellbest\u00e4tigung ausgewiesen.<\/li>\n<li>Ab einem Bruttowarenpreis von EUR 100,- \u00fcbernimmt Weingut Glatzer die Kosten der Standardzustellung innerhalb \u00d6sterreichs und nach Deutschland. Darunter fallen pro 6-er oder 12-er Karton EUR 10,50 inkl. MwSt. an.<\/li>\n<li>F\u00fcr die Lieferung sind ausschlie\u00dflich unsere aktuellen Liefer- und Zahlungsbedingungen ma\u00dfgebend. Abweichende Vereinbarungen sind nur g\u00fcltig, wenn sie von uns schriftlich best\u00e4tigt werden.<\/li>\n<li>Bei einer gew\u00fcnschten Lieferung in ein Nicht-EWR-Land hat der Verbraucher Weingut Glatzer direkt zu kontaktieren, um eine gew\u00fcnschte Lieferung anzufragen. Kontakt: Glatzer Walter e.U., Rosenbergstrasse 5, 2464 G\u00f6ttlesbrunn, Telefonnummer: +43 2162\/8486, Faxnummer: +43 2162\/8486-4, E-Mail: info@weingutglatzer.at.<\/li>\n<\/ol>\n<\/li>\n<li>\n<h3>Zahlung und Zahlungsarten<\/h3>\n<ol>\n<li>Der Kaufpreis ist bei Vertragsabschluss f\u00e4llig.<\/li>\n<li>Weingut Glatzer beh\u00e4lt sich das Eigentum an allen Waren bis zur vollst\u00e4ndigen Bezahlung des Kaufpreises samt Nebengeb\u00fchren vor.<\/li>\n<li>Weingut Glatzer akzeptiert die im Webshop angef\u00fchrten Zahlungsarten\/Kreditkarten.<\/li>\n<\/ol>\n<\/li>\n<li>\n<h3>Gefahren\u00fcbergang<\/h3>\n<ol>\n<li>Bei Zustellung bestimmt Weingut Glatzer \u2013 mangels besonderer Weisung durch den K\u00e4ufer \u2013 als Beauftragte des K\u00e4ufers Transportart und Transportweg. Bei Zustellung gehen Nutzung und Gefahr auf den K\u00e4ufer mit der \u00dcbergabe der Ware von Weingut Glatzer an den Transporteur \u00fcber. Die Zustellung erfolgt somit auf Kosten und Gefahr des K\u00e4ufers.<\/li>\n<\/ol>\n<\/li>\n<li>\n<h3>Transportsch\u00e4den<\/h3>\n<ol>\n<li>F\u00fcr Sch\u00e4den und Beeintr\u00e4chtigungen welche w\u00e4hrend des Transportes entstehen, garantiert Weingut Glatzer vollst\u00e4ndigen Ersatz unter folgenden Bedingungen: Die eintreffende Ware ist sofort auf Ordnungsm\u00e4\u00dfigkeit und Vollst\u00e4ndigkeit zu \u00fcberpr\u00fcfen und mitzuteilen. Jegliche Beanstandungen sind vom Transportunternehmen zu best\u00e4tigen.<\/li>\n<\/ol>\n<\/li>\n<li>\n<h3>R\u00fcckgabe der Ware und R\u00fccktrittsrecht<\/h3>\n<ol>\n<li>Weingut Glatzer ist bis auf Widerruf bereit, bei ihr gekaufte Waren gegen Erstattung des vollen Kaufpreises unter folgenden Voraussetzungen zur\u00fcckzunehmen: Die R\u00fcckgabe muss innerhalb von 14 Tagen ab Rechnungsdatum originalverpackt, unbesch\u00e4digt und unter Vorlage der Originalrechnung erfolgen. Die R\u00fccknahme erfolgt zu dem zum Zeitpunkt des urspr\u00fcnglichen Kaufs g\u00fcltigen Preis. Die Erstattung des Kaufpreises erfolgt in Form einer Gutschrift.<\/li>\n<li>Ist der K\u00e4ufer ein Verbraucher im Sinne des Konsumentenschutzgesetzes und hat er seine Bestellung \u00fcber den Internet-Onlineshop aufgegeben, so kann er gem\u00e4\u00df \u00a7\u00a7 11 FAGG innerhalb von vierzehn Tagen ab dem Tag des Eingangs der Ware beim K\u00e4ufer den R\u00fccktritt vom Kaufvertrag erkl\u00e4ren. Die Widerrufsfrist beginnt, sobald der K\u00e4ufer oder ein von Ihm benannter Dritter die Ware \u00fcbernommen hat. Im Falle eines Kaufvertrags \u00fcber mehrere Waren beginnt die Widerrufsfrist, sobald der K\u00e4ufer oder ein von Ihm benannter Dritter die letzte Teilsendung, die letzte Ware oder das letzte St\u00fcck \u00fcbernommen hat. Der Tag der \u00dcbernahme wird in den Fristenlauf nicht einbezogen. Samstage, Sonn- und Feiertage z\u00e4hlen zur Berechnung der Frist mit. Zur Wahrung der R\u00fccktrittsfrist gen\u00fcgt die rechtzeitige Absendung der R\u00fccktrittserkl\u00e4rung bzw. die R\u00fccksendung der Ware.<br \/>\nUm Ihr Widerrufsrecht auszu\u00fcben, m\u00fcssen Sie gegen\u00fcber Weingut Glatzer \u00fcber Ihren Entschluss, diesen Vertrag zu widerrufen, mittels Widerrufsformular informieren.<\/li>\n<li>Folgen des Widerrufs: Wenn Sie diesen Vertrag widerrufen, hat Weingut Glatzer von Ihnen erhaltene Zahlungen, einschlie\u00dflich der Lieferkosten, unverz\u00fcglich und sp\u00e4testens binnen vierzehn Tagen ab dem Tag zur\u00fcckzuzahlen, an dem die Mitteilung \u00fcber Ihren Widerruf dieses Vertrags bei Weingut Glatzer eingegangen ist. Weingut Glatzer kann die R\u00fcckzahlung verweigern, bis die Waren bei Weingut Glatzer eingelangt sind oder bis Sie den Nachweis erbracht haben, dass Sie die Waren zur\u00fcckgesandt haben, je nachdem, welches der fr\u00fchere Zeitpunkt ist. Sie haben die Waren unverz\u00fcglich und in jedem Fall sp\u00e4testens binnen vierzehn Tagen ab dem Tag, an dem Sie Weingut Glatzer \u00fcber den Widerruf dieses Vertrags unterrichten, an Glatzer Walter e.U., Rosenbergstrasse 5, 2464 G\u00f6ttlesbrunn zur\u00fcckzusenden oder zu \u00fcbergeben. Die Frist ist gewahrt, wenn Sie die Waren vor Ablauf der Frist von vierzehn Tagen absenden. Sie tragen die unmittelbaren Kosten sowie die Gefahr der R\u00fccksendung der Waren. Sie m\u00fcssen f\u00fcr einen etwaigen Wertverlust der Waren nur aufkommen, wenn dieser Wertverlust auf einen zur Pr\u00fcfung der Beschaffenheit, Eigenschaften und Funktionsweise der Waren nicht notwendigen Umgang mit ihnen zur\u00fcckzuf\u00fchren ist.<a href=\"https:\/\/www.weingutglatzer.at\/wp-content\/uploads\/2018\/06\/Glatzer_Widerruf.pdf\" target=\"_blank\" rel=\"noopener\">Hier Wiederrufsformular downloaden<\/a><\/li>\n<\/ol>\n<\/li>\n<li>\n<h3>Bestellungen, Lieferfrist, Lieferhindernisse, R\u00fccktritt vom Vertrag<\/h3>\n<ol>\n<li>Die Bestellung des Kunden stellt ein Angebot dar. Ein Vertrag kommt erst nach Annahme von zustande. Der Kunde wird von unserer Annahme per E-Mail oder per Telefon verst\u00e4ndigt. Sollte Weingut Glatzer der Bestellung des Kunden aus irgendwelchen Gr\u00fcnden nicht nachkommen k\u00f6nnen, wird der Kunde dar\u00fcber unverz\u00fcglich verst\u00e4ndigt.<\/li>\n<li>Weingut Glatzer nimmt Auftr\u00e4ge \u00fcber den Internet-Onlineshop von Montag bis Freitag in der Zeit von 08.00 Uhr bis 17.00 Uhr entgegen. Sofern Auftr\u00e4ge au\u00dferhalb der Bestellzeiten eingehen, gelten diese erst am Beginn der Bestellzeit am n\u00e4chsten Werktag als zugegangen.<\/li>\n<li>Bei Auftragserteilung hat der Kunde einen genauen Lieferort zu nennen. Der Kunde ist verpflichtet, die bestellte Ware am angegebenen Lieferort sicherzustellen. Weingut Glatzer \u00fcbermittelt dem Kunden eine schriftliche (einschlie\u00dflich per E-Mail) Bestellbest\u00e4tigung mit allen relevanten Auftragsdaten.<\/li>\n<li>Die Lieferung erfolgt \u00fcber einen von Weingut Glatzer beauftragten Versandpartner zu gesch\u00e4fts\u00fcblichen Zeiten.<\/li>\n<li>Im Fall der Nichtannahme von bestellter Ware ist Weingut Glatzer berechtigt, den Ersatz der dadurch entstandenen Mehraufwendungen, wie zB. frustrierte Transportkosten, zu verlangen. Dies gilt nicht, wenn Weingut Glatzer seine Leistungen nicht vertragsgem\u00e4\u00df erbringt.<\/li>\n<li>Die Annahme von Bestellungen erfolgt unter Vorbehalt der Lieferm\u00f6glichkeiten. Weingut Glatzer beh\u00e4lt sich vor, bei \u00dcberzeichnung eines Produktes den Bestellern auch geringere Mengen zuzuteilen. Wird die Lieferung oder die Einhaltung einer vereinbarten Lieferfrist durch von Weingut Glatzer nicht zu vertretende Umst\u00e4nde unm\u00f6glich, so erlischt die Lieferpflicht zu dem vorgesehenen Liefertermin. Zu den von Weingut Glatzer nicht zu vertretenden Umst\u00e4nden geh\u00f6ren insbesondere: Schwierigkeiten beim Bezug der Waren oder Vormaterialien von Dritten, bei Betriebsst\u00f6rungen, Verkehrsst\u00f6rungen, Aussperrungen und Streiks sowie alle F\u00e4lle h\u00f6herer Gewalt. Weingut Glatzer wird in solchen F\u00e4llen den K\u00e4ufer unverz\u00fcglich kontaktieren, um einen Ersatztermin f\u00fcr die verhinderte Lieferung zu vereinbaren. Sofern dem K\u00e4ufer von Weingut Glatzer ein neuer Liefertermin angeboten wird, der nicht sp\u00e4ter als zwei Wochen nach einem der urspr\u00fcnglich vereinbarten Liefertermine liegt, und die Lieferung zu diesem neuen Termin auch ordnungsgem\u00e4\u00df durchgef\u00fchrt wird, liegt eine rechtzeitige Lieferung durch Weingut Glatzer im Sinne des Kaufvertrages vor.<\/li>\n<li>Bei teilbaren Leistungen hat der K\u00e4ufer kein R\u00fccktrittsrecht betreffend lieferbare Teile, soweit Teile der Leistung erf\u00fcllbar und f\u00fcr den K\u00e4ufer verwendbar sind. Unter den gleichen Voraussetzungen, bzw. wenn die restlichen Teile rechtzeitig nachgeliefert werden k\u00f6nnen, ist der K\u00e4ufer nicht berechtigt, die Annahme von Teillieferungen zu verweigern.<\/li>\n<li>Erkl\u00e4rt der K\u00e4ufer ungerechtfertigt, am Vertrag nicht festhalten zu wollen (&#8222;Storno&#8220;), und stimmt Weingut Glatzer dem schriftlich (per E-Mail) zu, so hat Weingut Glatzer bei Lagerware Anspruch auf 15% des Kaufpreises als pauschalierter Schadenersatz (&#8222;Stornogeb\u00fchr&#8220;). Bei Bestellware ist eine derartige Vertragsaufl\u00f6sung grunds\u00e4tzlich ausgeschlossen. Davon abweichend bleiben f\u00fcr Verbraucher die gesetzlichen R\u00fccktrittsrechte ohne Stornogeb\u00fchr gem\u00e4\u00df \u00a7\u00a7 5e \u2013 5h Konsumentenschutzgesetz aufrecht.<\/li>\n<li>\u00c4nderungen oder Stornierungen von Bestellungen durch den K\u00e4ufer bed\u00fcrfen grunds\u00e4tzlich der Schriftform (per E-Mail). Weingut Glatzer beh\u00e4lt sich vor, auch Erkl\u00e4rungen in anderer Form anzunehmen, die dann aber erst mit der schriftlichen Best\u00e4tigung durch Weingut Glatzer (per E-Mail) wirksam werden.<\/li>\n<li>Wenn nicht anders vereinbart, liefert Weingut Glatzer innerhalb von 3 bis 5 Werktagen nach Best\u00e4tigung des abgeschlossenen Vertrages.<\/li>\n<\/ol>\n<\/li>\n<li>\n<h3>Gew\u00e4hrleistung<\/h3>\n<ol>\n<li>Reklamationen auf Grund gesetzlicher Gew\u00e4hrleistungsanspr\u00fcche k\u00f6nnen bei folgender Adresse geltend gemacht werden: Glatzer Walter e.U., Rosenbergstrasse 5, 2464 G\u00f6ttlesbrunn, Telefonnummer: +43 2162\/8486.<\/li>\n<li>Zusagen, wie \u00fcber die Verwendbarkeit oder besondere Eigenschaften der Ware, oder Erkl\u00e4rungen der Angestellten von Weingut Glatzer sind unverbindlich und stellen keine ausdr\u00fcckliche Zusicherung bestimmter Eigenschaften dar, wenn sie nicht schriftlich (per E-Mail) erfolgen.<\/li>\n<li>Gew\u00e4hrleistungsanspr\u00fcche setzen voraus, dass M\u00e4ngel (zum Beispiel gebrochene Weinflasche) Weingut Glatzer unverz\u00fcglich angezeigt werden, und zwar erkennbare M\u00e4ngel sofort bei \u00dcbernahme, versteckte M\u00e4ngel nach Entdeckung, und unter Vorlage der angebrochenen Ware und Originalrechnung.<\/li>\n<li>Ein Gew\u00e4hrleistungsanspruch ist in jedem Fall mit dem Kaufpreis der gelieferten und mangelhaften Ware begrenzt.<\/li>\n<li>Weingut Glatzer erf\u00fcllt ihre Gew\u00e4hrleistungsverpflichtungen nach ihrer Wahl entweder durch Lieferung mangelfreier Ware, Verbesserung, Nachlieferung von Fehlmengen oder R\u00fcckabwicklung des Vertrags (d.h. R\u00fcckzahlung des Kaufpreises) innerhalb einer angemessenen Frist.<\/li>\n<li>F\u00fcr Gesch\u00e4fte mit Verbrauchern im Sinne des \u00f6sterreichischen Konsumentenschutzgesetzes gilt, dass der Kunde im Falle eines Mangels nach seiner Wahl und unter Beachtung der gesetzlichen Bestimmungen Verbesserung, Austausch der Sache, angemessene Preisminderung oder Wandlung begehren kann.<\/li>\n<li>Geschmackliche Gr\u00fcnde, handels\u00fcbliche oder geringf\u00fcgige, technisch bedingte Abweichungen der Qualit\u00e4t, Quantit\u00e4t, Farbe, Gr\u00f6\u00dfe, des Gewichtes, der Ausr\u00fcstung oder des Design sowie altersgem\u00e4\u00dfe Ver\u00e4nderungen von Geschmack, Farbe und Verpackung stellen weder Gew\u00e4hrleistungsm\u00e4ngel noch Nichterf\u00fcllung des Vertrages dar.<\/li>\n<li>Weingut Glatzer haftet nicht f\u00fcr geschmackliche, farbliche, materialm\u00e4\u00dfige und musterm\u00e4\u00dfige \u00dcbereinstimmung oder sonstige \u00dcbereinstimmungsmerkmale von nachbestellter Ware. Entsprechendes gilt f\u00fcr nach Muster bestellte Ware, soweit sich die Abweichung in den handels\u00fcblichen und technischen Grenzen h\u00e4lt.<\/li>\n<\/ol>\n<\/li>\n<li>\n<h3>Haftung f\u00fcr Schadenersatz<\/h3>\n<ol>\n<li>Weingut Glatzer haftet f\u00fcr Sch\u00e4den nach den gesetzlichen Bestimmungen. Die Haftung f\u00fcr leicht fahrl\u00e4ssig zugef\u00fcgte Sch\u00e4den ist jedoch ausgeschlossen. Die Haftungsbeschr\u00e4nkung gilt nicht f\u00fcr Sch\u00e4den aus der Verletzung des Lebens, des K\u00f6rpers oder der Gesundheit von Menschen und f\u00fcr Anspr\u00fcche nach dem \u00f6sterreichischen Produkthaftungsgesetz.<\/li>\n<\/ol>\n<\/li>\n<li>\n<h3>Jugendschutz<\/h3>\n<ol>\n<li>Die Abgabe und die Zustellung von Wein und Spirituosen kann nur an Personen \u00fcber 18 Jahren erfolgen. Zur Einhaltung der gesetzlichen Vorschriften ist Weingut Glatzer berechtigt, Ware erst nach Legitimation durch einen amtlichen Lichtbildausweis zu \u00fcbergeben. Im Fall der berechtigten Verweigerung der \u00dcbergabe ist der Kunde zum Ersatz des tats\u00e4chlich entstandenen Schadens verpflichtet (zB. Kosten der Zustellung).<\/li>\n<li>Mit Aufgabe der Bestellung versichert der Kunde, dass dieser bzw. der Empf\u00e4nger der Ware \u00e4lter als 18 Jahre ist.<\/li>\n<\/ol>\n<\/li>\n<li>\n<h3>EDV-Bearbeitung und Kundendaten<\/h3>\n<ol>\n<li>Der K\u00e4ufer stimmt zu, dass die im Kaufvertrag angef\u00fchrten und bei der Registrierung bekannt gegebenen pers\u00f6nlichen Daten \u00fcber ihn unter Beachtung der Bestimmungen des Datenschutzgesetzes gespeichert und verarbeitet werden. Diese Daten werden, im jeweils notwendigen Ausma\u00df, zur Erf\u00fcllung von gesetzlichen Vorschriften, zur Abwicklung des Zahlungsverkehrs, der Kundenpflege sowie Marketingzwecke verwendet. Ferner stimmt der Kunde zu, von Weingut Glatzer Zusendungen zu Werbezwecken zu erhalten. Diese Zustimmung kann jederzeit per Email an info@weingutglatzer.atwiderrufen werden. Im Rahmen der Kundenpflege werden die Daten von Weingut Glatzer nicht an andere Unternehmen weitergegeben.<\/li>\n<\/ol>\n<\/li>\n<li>\n<h3>Sonstige Bestimmungen<\/h3>\n<ol>\n<li>Sofern einzelne Bestimmungen des Vertrages bzw. dieser Allgemeinen Gesch\u00e4ftsbedingungen ung\u00fcltig sind, hat dies nicht die Ung\u00fcltigkeit des gesamten Vertrages bzw. der gesamten Allgemeinen Gesch\u00e4ftsbedingungen zur Folge. Der restliche Vertragsinhalt bzw. die restlichen Allgemeinen Gesch\u00e4ftsbedingungen bleibt unver\u00e4ndert bestehen.<\/li>\n<li>Erf\u00fcllungsort ist sowohl f\u00fcr Weingut Glatzer als auch den K\u00e4ufer die Gesch\u00e4ftsanschrift von Weingut Glatzer.<\/li>\n<li>Zur Entscheidung aller im Zusammenhang mit dem Vertragsverh\u00e4ltnis entstehenden Streitigkeiten ist das sachlich zust\u00e4ndige Gericht in Korneuburg ausschlie\u00dflich zust\u00e4ndig.<\/li>\n<li>Der Vertrag unterliegt \u00f6sterreichischem Recht.<\/li>\n<\/ol>\n<\/li>\n<\/ol>\n<\/div>\n","protected":false},"excerpt":{"rendered":"<p>Allgemeine Gesch\u00e4ftsbedingungen mit Kundeninformationen (Die nachstehenden AGB enthalten zugleich gesetzliche Informationen zu Ihren Rechten nach den Vorschriften \u00fcber Vertr\u00e4ge im Fernabsatz und im elektronischen Gesch\u00e4ftsverkehr.) 1. Geltungsbereich 2. Preise und Versandkosten 3. Zahlung und Zahlungsarten 4. Gefahren\u00fcbergang 5. Transportsch\u00e4den 6. R\u00fcckgabe der Ware und R\u00fccktrittsrecht 7. Bestellungen, Lieferfrist, Lieferhindernisse, R\u00fccktritt vom Vertrag 8. Gew\u00e4hrleistung 9. Haftung f\u00fcr Schadenersatz 10. Jugendschutz&hellip;<\/p>\n","protected":false},"author":5,"featured_media":0,"parent":0,"menu_order":10,"comment_status":"closed","ping_status":"closed","template":"","meta":{"_acf_changed":false,"footnotes":""},"class_list":["post-1669","page","type-page","status-publish","hentry"],"acf":[],"yoast_head":"<!-- This site is optimized with the Yoast SEO plugin v26.4 - https:\/\/yoast.com\/wordpress\/plugins\/seo\/ -->\n<title>AGBs - Weingut Glatzer<\/title>\n<meta name=\"robots\" content=\"index, follow, max-snippet:-1, max-image-preview:large, max-video-preview:-1\" \/>\n<link rel=\"canonical\" href=\"https:\/\/www.weingutglatzer.at\/de\/agbs\/\" \/>\n<meta property=\"og:locale\" content=\"de_DE\" \/>\n<meta property=\"og:type\" content=\"article\" \/>\n<meta property=\"og:title\" content=\"AGBs - Weingut Glatzer\" \/>\n<meta property=\"og:description\" content=\"Allgemeine Gesch\u00e4ftsbedingungen mit Kundeninformationen (Die nachstehenden AGB enthalten zugleich gesetzliche Informationen zu Ihren Rechten nach den Vorschriften \u00fcber Vertr\u00e4ge im Fernabsatz und im elektronischen Gesch\u00e4ftsverkehr.) 1. Geltungsbereich 2. Preise und Versandkosten 3. Zahlung und Zahlungsarten 4. Gefahren\u00fcbergang 5. Transportsch\u00e4den 6. R\u00fcckgabe der Ware und R\u00fccktrittsrecht 7. Bestellungen, Lieferfrist, Lieferhindernisse, R\u00fccktritt vom Vertrag 8. Gew\u00e4hrleistung 9. Haftung f\u00fcr Schadenersatz 10. Jugendschutz&hellip;\" \/>\n<meta property=\"og:url\" content=\"https:\/\/www.weingutglatzer.at\/de\/agbs\/\" \/>\n<meta property=\"og:site_name\" content=\"Weingut Glatzer\" \/>\n<meta property=\"article:modified_time\" content=\"2021-03-02T09:21:10+00:00\" \/>\n<meta name=\"twitter:card\" content=\"summary_large_image\" \/>\n<meta name=\"twitter:label1\" content=\"Gesch\u00e4tzte Lesezeit\" \/>\n\t<meta name=\"twitter:data1\" content=\"11\u00a0Minuten\" \/>\n<script type=\"application\/ld+json\" class=\"yoast-schema-graph\">{\"@context\":\"https:\/\/schema.org\",\"@graph\":[{\"@type\":\"WebPage\",\"@id\":\"https:\/\/www.weingutglatzer.at\/de\/agbs\/\",\"url\":\"https:\/\/www.weingutglatzer.at\/de\/agbs\/\",\"name\":\"AGBs - Weingut Glatzer\",\"isPartOf\":{\"@id\":\"https:\/\/www.weingutglatzer.at\/de\/#website\"},\"datePublished\":\"2017-10-19T20:57:11+00:00\",\"dateModified\":\"2021-03-02T09:21:10+00:00\",\"breadcrumb\":{\"@id\":\"https:\/\/www.weingutglatzer.at\/de\/agbs\/#breadcrumb\"},\"inLanguage\":\"de\",\"potentialAction\":[{\"@type\":\"ReadAction\",\"target\":[\"https:\/\/www.weingutglatzer.at\/de\/agbs\/\"]}]},{\"@type\":\"BreadcrumbList\",\"@id\":\"https:\/\/www.weingutglatzer.at\/de\/agbs\/#breadcrumb\",\"itemListElement\":[{\"@type\":\"ListItem\",\"position\":1,\"name\":\"Startseite\",\"item\":\"https:\/\/www.weingutglatzer.at\/de\/\"},{\"@type\":\"ListItem\",\"position\":2,\"name\":\"AGBs\"}]},{\"@type\":\"WebSite\",\"@id\":\"https:\/\/www.weingutglatzer.at\/de\/#website\",\"url\":\"https:\/\/www.weingutglatzer.at\/de\/\",\"name\":\"Weingut Glatzer\",\"description\":\"Carnuntum\",\"potentialAction\":[{\"@type\":\"SearchAction\",\"target\":{\"@type\":\"EntryPoint\",\"urlTemplate\":\"https:\/\/www.weingutglatzer.at\/de\/?s={search_term_string}\"},\"query-input\":{\"@type\":\"PropertyValueSpecification\",\"valueRequired\":true,\"valueName\":\"search_term_string\"}}],\"inLanguage\":\"de\"}]}<\/script>\n<!-- \/ Yoast SEO plugin. -->","yoast_head_json":{"title":"AGBs - Weingut Glatzer","robots":{"index":"index","follow":"follow","max-snippet":"max-snippet:-1","max-image-preview":"max-image-preview:large","max-video-preview":"max-video-preview:-1"},"canonical":"https:\/\/www.weingutglatzer.at\/de\/agbs\/","og_locale":"de_DE","og_type":"article","og_title":"AGBs - Weingut Glatzer","og_description":"Allgemeine Gesch\u00e4ftsbedingungen mit Kundeninformationen (Die nachstehenden AGB enthalten zugleich gesetzliche Informationen zu Ihren Rechten nach den Vorschriften \u00fcber Vertr\u00e4ge im Fernabsatz und im elektronischen Gesch\u00e4ftsverkehr.) 1. Geltungsbereich 2. Preise und Versandkosten 3. Zahlung und Zahlungsarten 4. Gefahren\u00fcbergang 5. Transportsch\u00e4den 6. R\u00fcckgabe der Ware und R\u00fccktrittsrecht 7. Bestellungen, Lieferfrist, Lieferhindernisse, R\u00fccktritt vom Vertrag 8. Gew\u00e4hrleistung 9. Haftung f\u00fcr Schadenersatz 10. Jugendschutz&hellip;","og_url":"https:\/\/www.weingutglatzer.at\/de\/agbs\/","og_site_name":"Weingut Glatzer","article_modified_time":"2021-03-02T09:21:10+00:00","twitter_card":"summary_large_image","twitter_misc":{"Gesch\u00e4tzte Lesezeit":"11\u00a0Minuten"},"schema":{"@context":"https:\/\/schema.org","@graph":[{"@type":"WebPage","@id":"https:\/\/www.weingutglatzer.at\/de\/agbs\/","url":"https:\/\/www.weingutglatzer.at\/de\/agbs\/","name":"AGBs - Weingut Glatzer","isPartOf":{"@id":"https:\/\/www.weingutglatzer.at\/de\/#website"},"datePublished":"2017-10-19T20:57:11+00:00","dateModified":"2021-03-02T09:21:10+00:00","breadcrumb":{"@id":"https:\/\/www.weingutglatzer.at\/de\/agbs\/#breadcrumb"},"inLanguage":"de","potentialAction":[{"@type":"ReadAction","target":["https:\/\/www.weingutglatzer.at\/de\/agbs\/"]}]},{"@type":"BreadcrumbList","@id":"https:\/\/www.weingutglatzer.at\/de\/agbs\/#breadcrumb","itemListElement":[{"@type":"ListItem","position":1,"name":"Startseite","item":"https:\/\/www.weingutglatzer.at\/de\/"},{"@type":"ListItem","position":2,"name":"AGBs"}]},{"@type":"WebSite","@id":"https:\/\/www.weingutglatzer.at\/de\/#website","url":"https:\/\/www.weingutglatzer.at\/de\/","name":"Weingut Glatzer","description":"Carnuntum","potentialAction":[{"@type":"SearchAction","target":{"@type":"EntryPoint","urlTemplate":"https:\/\/www.weingutglatzer.at\/de\/?s={search_term_string}"},"query-input":{"@type":"PropertyValueSpecification","valueRequired":true,"valueName":"search_term_string"}}],"inLanguage":"de"}]}},"_links":{"self":[{"href":"https:\/\/www.weingutglatzer.at\/de\/wp-json\/wp\/v2\/pages\/1669","targetHints":{"allow":["GET"]}}],"collection":[{"href":"https:\/\/www.weingutglatzer.at\/de\/wp-json\/wp\/v2\/pages"}],"about":[{"href":"https:\/\/www.weingutglatzer.at\/de\/wp-json\/wp\/v2\/types\/page"}],"author":[{"embeddable":true,"href":"https:\/\/www.weingutglatzer.at\/de\/wp-json\/wp\/v2\/users\/5"}],"replies":[{"embeddable":true,"href":"https:\/\/www.weingutglatzer.at\/de\/wp-json\/wp\/v2\/comments?post=1669"}],"version-history":[{"count":32,"href":"https:\/\/www.weingutglatzer.at\/de\/wp-json\/wp\/v2\/pages\/1669\/revisions"}],"predecessor-version":[{"id":6835,"href":"https:\/\/www.weingutglatzer.at\/de\/wp-json\/wp\/v2\/pages\/1669\/revisions\/6835"}],"wp:attachment":[{"href":"https:\/\/www.weingutglatzer.at\/de\/wp-json\/wp\/v2\/media?parent=1669"}],"curies":[{"name":"wp","href":"https:\/\/api.w.org\/{rel}","templated":true}]}}